{"id":362,"date":"2019-06-17T17:06:03","date_gmt":"2019-06-17T15:06:03","guid":{"rendered":"https:\/\/visionzero.lu\/?page_id=362"},"modified":"2026-02-23T14:57:12","modified_gmt":"2026-02-23T13:57:12","slug":"comment-adherer-en-tant-quentreprise","status":"publish","type":"page","link":"https:\/\/visionzero.lu\/de\/vision-zero-beitreten\/prozedur\/","title":{"rendered":"VISION ZERO Beitritt"},"content":{"rendered":"<p><\/p>\n<ol>\n<li>Schreiben Sie Ihr Unternehmen mit <a href=\"https:\/\/visionzero.lu\/de\/vision-zero-beitreten\/registrieren\/\">diesem Formular<\/a> ein.<\/li>\n<li>Nach \u00dcberpr\u00fcfung Ihrer Daten erhalten Sie eine Best\u00e4tigung Ihrer Mitgliedschaft mit Ihrem VISION ZERO-Mitgliedszertifikat. Zus\u00e4tzlich finden Sie Ihr Unternehmen auf der <a href=\"https:\/\/visionzero.lu\/de\/liste-der-mitglieder\/\">Liste der VISION ZERO Mitglieder<\/a>.<\/li>\n<\/ol>\n<p>Ziel des Beitritts ist es zusammen, die Anzahl und Schwere von Arbeitsunf\u00e4llen, Wegeunf\u00e4llen und Berufskrankheiten zu reduzieren. Schlagen wir gemeinsam den Weg zur VISION ZERO ein!<\/p>\n<h4><strong>Die Mitglieder der VISION ZERO engagieren sich:<\/strong><\/h4>\n<ul>\n<li>Aktiv zur Erreichung der nationalen Ziele beizutragen;<\/li>\n<li>Die Anzahl und Schwere von Arbeitsunf\u00e4llen, Wegeunf\u00e4llen und Berufskrankheiten zu verringern;<\/li>\n<li>Alle bereits begonnenen Bem\u00fchungen im Bereich Arbeits- und Gesundheitsschutz fortzusetzen und zu intensivieren;<\/li>\n<li>Allen Besch\u00e4ftigten und allen anderen Personen, die im Unternehmen arbeiten, einschlie\u00dflich Subunternehmern, Leiharbeitnehmern und Besuchern, kontinuierlich einen sicheren und gesunden Arbeitsplatz zur Verf\u00fcgung stellen;<\/li>\n<li>F\u00f6rderung und Gew\u00e4hrleistung eines wirksamen Managements von Sicherheit, Gesundheit und Wohlbefinden am Arbeitsplatz im Sinne einer Kultur der Pr\u00e4vention in den Unternehmen;<\/li>\n<li>Einen Aktionsplan umsetzen, der die vier Grunds\u00e4tze und sieben goldenen Regeln der VISION ZERO ber\u00fccksichtigt;<\/li>\n<li>Besondere Anstrengungen f\u00fcr gef\u00e4hrdete Arbeitnehmer unternehmen, insbesondere f\u00fcr junge Arbeitnehmer, Neueinstellungen und die alternde Bev\u00f6lkerung;<\/li>\n<li>Ihr Engagement f\u00fcr Sicherheit und Gesundheit am Arbeitsplatz zu kommunizieren;<\/li>\n<li>Ver\u00e4nderungen in der Arbeitswelt vorwegzunehmen und zu bew\u00e4ltigen, insbesondere im Zusammenhang mit dem digitalen, \u00f6kologischen und demografischen Wandel.<\/li>\n<\/ul>\n<p><\/p>","protected":false},"excerpt":{"rendered":"<p>Schreiben Sie Ihr Unternehmen mit diesem Formular ein. Nach \u00dcberpr\u00fcfung Ihrer Daten erhalten Sie eine Best\u00e4tigung Ihrer Mitgliedschaft mit Ihrem VISION ZERO-Mitgliedszertifikat. Zus\u00e4tzlich finden Sie Ihr Unternehmen auf der Liste der VISION ZERO Mitglieder. Ziel des Beitritts ist es zusammen, die Anzahl und Schwere von Arbeitsunf\u00e4llen, Wegeunf\u00e4llen und Berufskrankheiten zu reduzieren. Schlagen wir gemeinsam den [&hellip;]<\/p>\n","protected":false},"author":1,"featured_media":0,"parent":372,"menu_order":0,"comment_status":"closed","ping_status":"closed","template":"","meta":{"_acf_changed":false,"footnotes":""},"class_list":["post-362","page","type-page","status-publish","hentry"],"acf":{"pages":false,"has_subtitle":true,"subtitle":"Wie k\u00f6nnen Unternehmen oder institutionelle Partner der VISION ZERO beitreten?","gray_line":true,"has_logo_page":true,"logo_page":"https:\/\/visionzero.lu\/wp-content\/uploads\/2026\/02\/logo-slogan-de.jpg","size_content":"9","content":false,"header_color":"blue"},"_links":{"self":[{"href":"https:\/\/visionzero.lu\/de\/wp-json\/wp\/v2\/pages\/362","targetHints":{"allow":["GET"]}}],"collection":[{"href":"https:\/\/visionzero.lu\/de\/wp-json\/wp\/v2\/pages"}],"about":[{"href":"https:\/\/visionzero.lu\/de\/wp-json\/wp\/v2\/types\/page"}],"author":[{"embeddable":true,"href":"https:\/\/visionzero.lu\/de\/wp-json\/wp\/v2\/users\/1"}],"replies":[{"embeddable":true,"href":"https:\/\/visionzero.lu\/de\/wp-json\/wp\/v2\/comments?post=362"}],"version-history":[{"count":5,"href":"https:\/\/visionzero.lu\/de\/wp-json\/wp\/v2\/pages\/362\/revisions"}],"predecessor-version":[{"id":26827,"href":"https:\/\/visionzero.lu\/de\/wp-json\/wp\/v2\/pages\/362\/revisions\/26827"}],"up":[{"embeddable":true,"href":"https:\/\/visionzero.lu\/de\/wp-json\/wp\/v2\/pages\/372"}],"wp:attachment":[{"href":"https:\/\/visionzero.lu\/de\/wp-json\/wp\/v2\/media?parent=362"}],"curies":[{"name":"wp","href":"https:\/\/api.w.org\/{rel}","templated":true}]}}