{"id":308,"date":"2019-06-12T18:00:48","date_gmt":"2019-06-12T16:00:48","guid":{"rendered":"https:\/\/visionzero.lu\/?page_id=308"},"modified":"2025-11-04T07:47:16","modified_gmt":"2025-11-04T06:47:16","slug":"label-entreprise-responsable","status":"publish","type":"page","link":"https:\/\/visionzero.lu\/de\/label-esr\/","title":{"rendered":"ESR Label"},"content":{"rendered":"<p>Mit auf ihre Bed\u00fcrfnisse zugeschnittenen Dienstleistungen unterst\u00fctzt das nationale Programm ESR \u2013 Entreprise Responsable (Verantwortungsbewusstes Unternehmen) Unternehmen dabei, sich zu wandeln, um den Herausforderungen der nachhaltigen Entwicklung zu begegnen und ihre positiven Auswirkungen \u2013 in wirtschaftlicher, sozialer und \u00f6kologischer Hinsicht \u2013 zu verst\u00e4rken.<\/p>\n<p>Das in Zusammenarbeit mit den wichtigsten nationalen Akteuren im Bereich CSR entwickelte ESR-Referenzsystem bildet den Bezugsrahmen f\u00fcr luxemburgische Unternehmen, um einen Ansatz f\u00fcr nachhaltige Leistung zu strukturieren. Es greift die wichtigsten CSR-Themen auf, die im luxemburgischen Kontext als relevant erachtet werden, und st\u00fctzt sich dabei auf die wichtigsten internationalen Standards. Damit bietet es einen klaren \u00dcberblick \u00fcber die wichtigsten Erwartungen der Gesellschaft an Unternehmen.<\/p>\n<p>Das ESR-Referenzsystem ist \u00fcber die Online-Plattform <a href=\"http:\/\/www.esr.lu\/\" target=\"_blank\" rel=\"noopener\">www.esr.lu<\/a> zug\u00e4nglich und erm\u00f6glicht es jedem Unternehmen, unabh\u00e4ngig von seiner Gr\u00f6\u00dfe und seinem T\u00e4tigkeitsbereich, seinen Reifegrad im Bereich der sozialen Verantwortung zu bewerten und einen Prozess der kontinuierlichen Verbesserung einzuleiten.<\/p>\n<p>Die anhand des Referenzsystems durchgef\u00fchrte Bewertung ist der erste Schritt des ESR-Zertifizierungsprozesses. Nach einer \u00dcberpr\u00fcfung vor Ort durch einen zugelassenen Experten, der f\u00fcr Zuverl\u00e4ssigkeit und Objektivit\u00e4t b\u00fcrgt, erh\u00e4lt das Unternehmen gezielte Empfehlungen, um seine Verbesserungsma\u00dfnahmen zu planen und seinen Ansatz zu st\u00e4rken.<\/p>\n<p>Zusammenfassend l\u00e4sst sich sagen, dass das Label ESR \u2013 Entreprise Responsable (verantwortungsbewusstes Unternehmen) jedem Unternehmen erm\u00f6glicht, seine CSR-Strategie zu strukturieren, sein Engagement zu valorisieren und sich in einen Prozess der kontinuierlichen Verbesserung einzubringen, der von seinen Stakeholdern auf nationaler und europ\u00e4ischer Ebene anerkannt wird.<\/p>","protected":false},"excerpt":{"rendered":"<p>Mit auf ihre Bed\u00fcrfnisse zugeschnittenen Dienstleistungen unterst\u00fctzt das nationale Programm ESR \u2013 Entreprise Responsable (Verantwortungsbewusstes Unternehmen) Unternehmen dabei, sich zu wandeln, um den Herausforderungen der nachhaltigen Entwicklung zu begegnen und ihre positiven Auswirkungen \u2013 in wirtschaftlicher, sozialer und \u00f6kologischer Hinsicht \u2013 zu verst\u00e4rken. Das in Zusammenarbeit mit den wichtigsten nationalen Akteuren im Bereich CSR entwickelte [&hellip;]<\/p>\n","protected":false},"author":1,"featured_media":0,"parent":0,"menu_order":61,"comment_status":"closed","ping_status":"closed","template":"","meta":{"_acf_changed":false,"footnotes":""},"class_list":["post-308","page","type-page","status-publish","hentry"],"acf":{"pages":[{"page":"https:\/\/visionzero.lu\/de\/veranstaltungen\/","icon":"https:\/\/visionzero.lu\/wp-content\/uploads\/2019\/06\/Groupe-53.png","title":"Plus d\u2019informations  sur le label ESR","external_page":true,"url":"http:\/\/indr.lu\/label-esr\/presentation\/"},{"page":"https:\/\/visionzero.lu\/de\/politique-de-confidentialite\/","icon":"https:\/\/visionzero.lu\/wp-content\/uploads\/2019\/06\/open-book.png","title":"Consultez le guide ESR","external_page":true,"url":"https:\/\/www.esr.lu\/fr\/accueil"},{"page":null,"icon":"https:\/\/visionzero.lu\/wp-content\/uploads\/2019\/06\/Groupe-47.png","title":"Entreprises labellis\u00e9es","external_page":true,"url":"http:\/\/indr.lu\/label-esr\/entreprises-labellisees-esr\/"}],"has_subtitle":false,"has_logo_page":true,"logo_page":"https:\/\/visionzero.lu\/wp-content\/uploads\/2019\/06\/Logo_ESR_Q.png","size_content":"9","content":[{"type_content":"grid_landscape","text_block":{"text_description":"","logo":false},"image_text_block":{"side_image":false,"text_description":"","image":false,"image_caption":""},"gallery_block":{"title_gallery":"","gallery":null},"images_grid_block":{"title":"","slider":false,"gallery":false,"gallery_de":false,"images_en":false,"button_text":"","button_link":"","zip_file":false,"zip_file_text":""},"documents_block":{"title_block_documents":"","file_document":false},"subject_block":{"title_subject_block":"","page":false},"new_layout":false,"grid_landscape":[{"external_page":true,"mediatheque":false,"title":"Weitere Informationen zum Label ESR","page":null,"url":"https:\/\/indr.lu\/beneficier-du-label-esr\/","mediaurl":"https:\/\/visionzero.lu\/en\/media-library\/?typeFile=videos","icon":"https:\/\/visionzero.lu\/wp-content\/uploads\/2019\/06\/Groupe-53.png"},{"external_page":true,"mediatheque":false,"title":"Entdecken Sie den ESR Leitfaden","page":null,"url":"https:\/\/esr.lu\/home","mediaurl":"https:\/\/visionzero.lu\/en\/media-library\/?typeFile=videos","icon":"https:\/\/visionzero.lu\/wp-content\/uploads\/2019\/06\/open-book@2x.png"},{"external_page":true,"mediatheque":false,"title":"Zertifizierte Unternehmen","page":null,"url":"https:\/\/indr.lu\/c\/beneficier-du-label-esr\/entreprises-labellisees-esr\/","mediaurl":"https:\/\/visionzero.lu\/en\/media-library\/?typeFile=videos","icon":"https:\/\/visionzero.lu\/wp-content\/uploads\/2019\/06\/Groupe-47@2x-1.png"}],"grid_square":{"size_edition_label":false,"num_culomns":4,"small_edition":false,"side_edition_label":false,"big_edition_label":false,"edition_block":""},"grid_campagne":{"title":"","campagnes":null},"partners":{"title":"","type_partners":false},"partners_pick":{"title":"","type_partners":null},"editions":{"title":"","edition":false},"collapse_labels":false,"testimonial_gallery":false,"testimonial_media":{"title":"","media_testimonial":false},"title_gallery":"","gallery":false,"tab_content":{"tab_list":false},"image_text_block_2":{"image":false,"logo":false,"text_description":""}}],"header_color":"purple"},"_links":{"self":[{"href":"https:\/\/visionzero.lu\/de\/wp-json\/wp\/v2\/pages\/308","targetHints":{"allow":["GET"]}}],"collection":[{"href":"https:\/\/visionzero.lu\/de\/wp-json\/wp\/v2\/pages"}],"about":[{"href":"https:\/\/visionzero.lu\/de\/wp-json\/wp\/v2\/types\/page"}],"author":[{"embeddable":true,"href":"https:\/\/visionzero.lu\/de\/wp-json\/wp\/v2\/users\/1"}],"replies":[{"embeddable":true,"href":"https:\/\/visionzero.lu\/de\/wp-json\/wp\/v2\/comments?post=308"}],"version-history":[{"count":6,"href":"https:\/\/visionzero.lu\/de\/wp-json\/wp\/v2\/pages\/308\/revisions"}],"predecessor-version":[{"id":26495,"href":"https:\/\/visionzero.lu\/de\/wp-json\/wp\/v2\/pages\/308\/revisions\/26495"}],"wp:attachment":[{"href":"https:\/\/visionzero.lu\/de\/wp-json\/wp\/v2\/media?parent=308"}],"curies":[{"name":"wp","href":"https:\/\/api.w.org\/{rel}","templated":true}]}}