{"id":292,"date":"2019-06-12T16:34:19","date_gmt":"2019-06-12T14:34:19","guid":{"rendered":"https:\/\/visionzero.lu\/?page_id=292"},"modified":"2023-05-24T17:05:08","modified_gmt":"2023-05-24T15:05:08","slug":"label-secher-gesond-mat-system","status":"publish","type":"page","link":"https:\/\/visionzero.lu\/de\/label-sgs\/","title":{"rendered":"Label \u201eS\u00e9cher a Gesond mat System\u201c"},"content":{"rendered":"<p>In dem Bestreben, Unternehmen dabei zu helfen, ein effizientes Management der Sicherheit und Gesundheit am Arbeitsplatz umzusetzen, hat die Unfallversicherung (AAA) ein Qualit\u00e4tslabel in Sachen Sicherheit und Gesundheit am Arbeitsplatz namens \u201eS\u00e9cher a Gesond mat System\u201c eingef\u00fchrt.\u00a0Mit diesem Label f\u00fcr kleinere Unternehmen m\u00f6chte die AAA die Bem\u00fchungen der Arbeitgeber im Bereich Risikopr\u00e4vention f\u00f6rdern und gleichzeitig den Verwaltungsaufwand so gering wie nur m\u00f6glich halten.<\/p>\n<p>Das Label bietet den Unternehmen eine positive Darstellung im Bereich Sicherheit und Gesundheit am Arbeitsplatz und erm\u00f6glicht ihnen vor allem, in den Genuss einer ma\u00dfgeschneiderten Beratung und Betreuung durch die Mitarbeiter der Pr\u00e4ventionsabteilung der AAA zu gelangen.<\/p>\n<p>Die Kosten f\u00fcr die Betreuung und Beratung der Unternehmen durch die Mitarbeiter der Pr\u00e4ventionsabteilung der AAA sowie die Kosten f\u00fcr die Zertifizierung werden von der AAA \u00fcbernommen. Die anderen Kosten, d.h. die Kosten im Zusammenhang mit der Anpassung an die Bestimmungen der Gesetze und Verordnungen in Sachen Sicherheit und Gesundheit am Arbeitsplatz, gehen zu Lasten der Unternehmen.<\/p>\n<p>Die Chambre de Commerce, die Chambre des M\u00e9tiers und das Institut national pour le d\u00e9veloppement durable et la responsabilit\u00e9 sociale des entreprises (INDR) haben sich in einer Konvention zur Zusammenarbeit mit der Association d\u2019assurance accident verpflichtet, die Beratung und Labellisierung ihrer Mitgliedsbetriebe und Mitglieder zu f\u00f6rdern.<\/p>","protected":false},"excerpt":{"rendered":"<p>In dem Bestreben, Unternehmen dabei zu helfen, ein effizientes Management der Sicherheit und Gesundheit am Arbeitsplatz umzusetzen, hat die Unfallversicherung (AAA) ein Qualit\u00e4tslabel in Sachen Sicherheit und Gesundheit am Arbeitsplatz namens \u201eS\u00e9cher a Gesond mat System\u201c eingef\u00fchrt.\u00a0Mit diesem Label f\u00fcr kleinere Unternehmen m\u00f6chte die AAA die Bem\u00fchungen der Arbeitgeber im Bereich Risikopr\u00e4vention f\u00f6rdern und gleichzeitig [&hellip;]<\/p>\n","protected":false},"author":1,"featured_media":14561,"parent":0,"menu_order":60,"comment_status":"closed","ping_status":"closed","template":"","meta":{"_acf_changed":false,"footnotes":""},"class_list":["post-292","page","type-page","status-publish","has-post-thumbnail","hentry"],"acf":{"pages":[{"page":null,"icon":"https:\/\/visionzero.lu\/wp-content\/uploads\/2019\/06\/Groupe-49@2x-1.png","title":"Ablauf","external_page":false,"url":""},{"page":"https:\/\/visionzero.lu\/de\/label-sgs\/online-fragebogen\/","icon":"https:\/\/visionzero.lu\/wp-content\/uploads\/2019\/06\/survey@2x-1.png","title":"Online-Fragebogen","external_page":false,"url":""},{"page":"https:\/\/visionzero.lu\/de\/label-sgs\/zertifizierte-unternehmen\/","icon":"https:\/\/visionzero.lu\/wp-content\/uploads\/2019\/06\/Groupe-47.png","title":"Zertifizierte Unternehmen","external_page":false,"url":""}],"has_subtitle":false,"subtitle":"","has_logo_page":true,"logo_page":"https:\/\/visionzero.lu\/wp-content\/uploads\/2022\/05\/RVB_SST_Label.png","size_content":"9","content":[{"type_content":"grid_landscape","text_block":{"text_description":"","logo":false},"image_text_block":{"side_image":false,"text_description":"","image":false,"image_caption":""},"gallery_block":{"title_gallery":"","gallery":null},"images_grid_block":{"title":"","slider":false,"gallery":false,"gallery_de":false,"images_en":false,"button_text":"","button_link":"","zip_file":false,"zip_file_text":""},"documents_block":{"title_block_documents":"","file_document":false},"subject_block":{"title_subject_block":"","page":false},"new_layout":false,"grid_landscape":[{"external_page":false,"mediatheque":false,"title":"Ablauf","page":"https:\/\/visionzero.lu\/de\/label-sgs\/ablauf-3\/","url":"","mediaurl":"https:\/\/visionzero.lu\/en\/media-library\/?typeFile=videos","icon":"https:\/\/visionzero.lu\/wp-content\/uploads\/2019\/06\/Groupe-49@2x-1.png"},{"external_page":false,"mediatheque":false,"title":"Online-Fragebogen","page":"https:\/\/visionzero.lu\/de\/label-sgs\/online-fragebogen\/","url":"","mediaurl":"https:\/\/visionzero.lu\/en\/media-library\/?typeFile=videos","icon":"https:\/\/visionzero.lu\/wp-content\/uploads\/2019\/06\/survey@2x-1.png"},{"external_page":false,"mediatheque":false,"title":"Zertifizierte Unternehmen","page":"https:\/\/visionzero.lu\/de\/label-sgs\/zertifizierte-unternehmen\/","url":"","mediaurl":"https:\/\/visionzero.lu\/en\/media-library\/?typeFile=videos","icon":"https:\/\/visionzero.lu\/wp-content\/uploads\/2019\/06\/Groupe-47@2x.png"}],"grid_square":{"size_edition_label":false,"num_culomns":4,"small_edition":false,"side_edition_label":false,"big_edition_label":false,"edition_block":""},"grid_campagne":{"title":"","campagnes":null},"partners":{"title":"","type_partners":false},"partners_pick":{"title":"","type_partners":null},"editions":{"title":"","edition":false},"collapse_labels":false,"testimonial_gallery":false,"testimonial_media":{"title":"","media_testimonial":false},"title_gallery":"","gallery":false,"tab_content":{"tab_list":false},"image_text_block_2":{"image":false,"logo":false,"text_description":""}}],"header_color":"purple"},"_links":{"self":[{"href":"https:\/\/visionzero.lu\/de\/wp-json\/wp\/v2\/pages\/292","targetHints":{"allow":["GET"]}}],"collection":[{"href":"https:\/\/visionzero.lu\/de\/wp-json\/wp\/v2\/pages"}],"about":[{"href":"https:\/\/visionzero.lu\/de\/wp-json\/wp\/v2\/types\/page"}],"author":[{"embeddable":true,"href":"https:\/\/visionzero.lu\/de\/wp-json\/wp\/v2\/users\/1"}],"replies":[{"embeddable":true,"href":"https:\/\/visionzero.lu\/de\/wp-json\/wp\/v2\/comments?post=292"}],"version-history":[{"count":3,"href":"https:\/\/visionzero.lu\/de\/wp-json\/wp\/v2\/pages\/292\/revisions"}],"predecessor-version":[{"id":26161,"href":"https:\/\/visionzero.lu\/de\/wp-json\/wp\/v2\/pages\/292\/revisions\/26161"}],"wp:featuredmedia":[{"embeddable":true,"href":"https:\/\/visionzero.lu\/de\/wp-json\/wp\/v2\/media\/14561"}],"wp:attachment":[{"href":"https:\/\/visionzero.lu\/de\/wp-json\/wp\/v2\/media?parent=292"}],"curies":[{"name":"wp","href":"https:\/\/api.w.org\/{rel}","templated":true}]}}