{"id":24032,"date":"2024-04-29T13:11:19","date_gmt":"2024-04-29T11:11:19","guid":{"rendered":"https:\/\/visionzero.lu\/fr\/?page_id=24032"},"modified":"2024-05-15T07:52:16","modified_gmt":"2024-05-15T05:52:16","slug":"syndicat-intercommunal-cni-syrdall-schwemm","status":"publish","type":"page","link":"https:\/\/visionzero.lu\/de\/prix-sst-2026\/laureats-2024\/ferro-tech\/","title":{"rendered":"Ferro-Tech"},"content":{"rendered":"<p class=\"qtranxs-available-languages-message qtranxs-available-languages-message-de\"> <\/p><p>Ferro-Tech est une entreprise sp\u00e9cialis\u00e9e dans les travaux ferroviaires. Elle fait partie du groupe FT-RAIL, qui comprend une filiale fran\u00e7aise Ferro-Tech France. La soci\u00e9t\u00e9 intervient principalement sur des chantiers de renouvellement et de maintenance de voie ferr\u00e9 et d\u2019appareil de voie sur les r\u00e9seaux nationaux au Luxembourg, en France et en Belgique.<\/p>\n<p>La \u00ab\u00a0rampe mobile d&#8217;arrosage pour l\u2019abattage des poussi\u00e8res de silice\u00a0\u00bb vise \u00e0 \u00e9liminer les poussi\u00e8res g\u00e9n\u00e9r\u00e9es lors du d\u00e9versement de mati\u00e8re par l&#8217;humidification du ballast avant sa pose. Le d\u00e9chargement de ballast est un proc\u00e9d\u00e9 qui g\u00e9n\u00e8re beaucoup de poussi\u00e8re charg\u00e9e en silice. Une exposition prolong\u00e9e non prot\u00e9g\u00e9e peut avoir des effets graves sur la sant\u00e9 des collaborateurs et des personnes au voisinage de la zone. Ainsi, il \u00e9tait n\u00e9cessaire d\u2019approfondir la d\u00e9marche de pr\u00e9vention et de traiter le probl\u00e8me directement \u00e0 la source. Cette d\u00e9marche assure une meilleure visibilit\u00e9 pour les op\u00e9rateurs lors du d\u00e9versement de ballast et un contr\u00f4le plus efficace du d\u00e9bit de ballast. Le projet vise \u00e0 am\u00e9liorer les conditions de travail par une solution innovante en traitant le probl\u00e8me \u00e0 sa source et en permettant d\u2019anticiper et de pr\u00e9venir les maladies professionnelles.<\/p>","protected":false},"excerpt":{"rendered":"<p>Ferro-Tech est une entreprise sp\u00e9cialis\u00e9e dans les travaux ferroviaires. Elle fait partie du groupe FT-RAIL, qui comprend une filiale fran\u00e7aise Ferro-Tech France. La soci\u00e9t\u00e9 intervient principalement sur des chantiers de renouvellement et de maintenance de voie ferr\u00e9 et d\u2019appareil de voie sur les r\u00e9seaux nationaux au Luxembourg, en France et en Belgique. La \u00ab\u00a0rampe mobile [&hellip;]<\/p>\n","protected":false},"author":2,"featured_media":0,"parent":24027,"menu_order":1,"comment_status":"closed","ping_status":"closed","template":"template-laureats.php","meta":{"_acf_changed":false,"footnotes":""},"class_list":["post-24032","page","type-page","status-publish","hentry"],"acf":{"subtitle":"Mise en place d\u2019une rampe mobile d'arrosage pour l\u2019abattage des poussi\u00e8res de silice","second_description":"<p><strong>Kategorie<\/strong><br \/>\n\u2264 50 Besch\u00e4ftigte &#8211; Gesundheitskomponente<\/p>\n<div><\/div>\n<div><strong>Unternehmen<\/strong><\/div>\n<div>Ferro-Tech<\/div>\n","width":"6","actual_inscriptions":"219","header_color":"blue"},"_links":{"self":[{"href":"https:\/\/visionzero.lu\/de\/wp-json\/wp\/v2\/pages\/24032","targetHints":{"allow":["GET"]}}],"collection":[{"href":"https:\/\/visionzero.lu\/de\/wp-json\/wp\/v2\/pages"}],"about":[{"href":"https:\/\/visionzero.lu\/de\/wp-json\/wp\/v2\/types\/page"}],"author":[{"embeddable":true,"href":"https:\/\/visionzero.lu\/de\/wp-json\/wp\/v2\/users\/2"}],"replies":[{"embeddable":true,"href":"https:\/\/visionzero.lu\/de\/wp-json\/wp\/v2\/comments?post=24032"}],"version-history":[{"count":4,"href":"https:\/\/visionzero.lu\/de\/wp-json\/wp\/v2\/pages\/24032\/revisions"}],"predecessor-version":[{"id":24487,"href":"https:\/\/visionzero.lu\/de\/wp-json\/wp\/v2\/pages\/24032\/revisions\/24487"}],"up":[{"embeddable":true,"href":"https:\/\/visionzero.lu\/de\/wp-json\/wp\/v2\/pages\/24027"}],"wp:attachment":[{"href":"https:\/\/visionzero.lu\/de\/wp-json\/wp\/v2\/media?parent=24032"}],"curies":[{"name":"wp","href":"https:\/\/api.w.org\/{rel}","templated":true}]}}