{"id":24030,"date":"2024-04-29T13:11:17","date_gmt":"2024-04-29T11:11:17","guid":{"rendered":"https:\/\/visionzero.lu\/fr\/?page_id=24030"},"modified":"2024-05-15T07:51:47","modified_gmt":"2024-05-15T05:51:47","slug":"cocottes","status":"publish","type":"page","link":"https:\/\/visionzero.lu\/de\/prix-sst-2026\/laureats-2024\/drees-sommer\/","title":{"rendered":"Drees &#038; Sommer"},"content":{"rendered":"<p class=\"qtranxs-available-languages-message qtranxs-available-languages-message-de\"> <\/p><p>Als international f\u00fchrendes Beratungs- und Projektentwicklungsunternehmen unterst\u00fctzt Drees &amp; Sommer private und \u00f6ffentliche Bauherren sowie Investoren mit nachhaltigen L\u00f6sungen in den Bereichen Immobilien, Infrastruktur und Industrie. Seit 20 Jahren ist Drees &amp; Sommer in Luxemburg vertreten und umfasst mehr als 100 Mitarbeitende.<\/p>\n<p>Ein umfassendes Gesundheitsschutzprogramm wurde bei Drees &amp; Sommer entwickelt, das verschiedene Aspekte der physischen und psychischen Gesundheit abdeckt. Dieses Programm umfasst eine Vielfalt an Angeboten:<\/p>\n<ul>\n<li>eine externe Mitarbeiterberatung f\u00fcr pers\u00f6nliche und berufliche Fragestellungen;<\/li>\n<li>Yoga-Kurse zur Stressbew\u00e4ltigung und Verbesserung der Beweglichkeit;<\/li>\n<li>die \u201eBewegte Pause\u201c, eine angeleitete Bewegungs\u00fcbung zum Ende der Mittagspause, um Haltungssch\u00e4den aufgrund einer Sitzhaltung am Arbeitsplatz vorzubeugen;<\/li>\n<li>Gesundheitswochen, um die Mitarbeitende \u00fcber verschiedene Gesundheitsthemen zu informieren und zu beraten;<\/li>\n<li>Resilienz-Training zur Bew\u00e4ltigung von schwierigen Situationen und Stressreduktion.<\/li>\n<\/ul>\n<p><\/p>","protected":false},"excerpt":{"rendered":"<p>Als international f\u00fchrendes Beratungs- und Projektentwicklungsunternehmen unterst\u00fctzt Drees &amp; Sommer private und \u00f6ffentliche Bauherren sowie Investoren mit nachhaltigen L\u00f6sungen in den Bereichen Immobilien, Infrastruktur und Industrie. Seit 20 Jahren ist Drees &amp; Sommer in Luxemburg vertreten und umfasst mehr als 100 Mitarbeitende. Ein umfassendes Gesundheitsschutzprogramm wurde bei Drees &amp; Sommer entwickelt, das verschiedene Aspekte der [&hellip;]<\/p>\n","protected":false},"author":2,"featured_media":0,"parent":24027,"menu_order":0,"comment_status":"closed","ping_status":"closed","template":"template-laureats.php","meta":{"_acf_changed":false,"footnotes":""},"class_list":["post-24030","page","type-page","status-publish","hentry"],"acf":{"subtitle":"Angebote f\u00fcr Mitarbeitende zum Thema Gesundheitsschutz","second_description":"<p><strong>Kategorie<\/strong><br \/>\nUnternehmen &gt; 50 Besch\u00e4ftigte &#8211; Gesundheitskomponente<\/p>\n<div><\/div>\n<div><strong>Unternehmen<\/strong><\/div>\n<div>Drees &amp; Sommer<\/div>\n","width":"6","actual_inscriptions":"244","header_color":"blue"},"_links":{"self":[{"href":"https:\/\/visionzero.lu\/de\/wp-json\/wp\/v2\/pages\/24030","targetHints":{"allow":["GET"]}}],"collection":[{"href":"https:\/\/visionzero.lu\/de\/wp-json\/wp\/v2\/pages"}],"about":[{"href":"https:\/\/visionzero.lu\/de\/wp-json\/wp\/v2\/types\/page"}],"author":[{"embeddable":true,"href":"https:\/\/visionzero.lu\/de\/wp-json\/wp\/v2\/users\/2"}],"replies":[{"embeddable":true,"href":"https:\/\/visionzero.lu\/de\/wp-json\/wp\/v2\/comments?post=24030"}],"version-history":[{"count":7,"href":"https:\/\/visionzero.lu\/de\/wp-json\/wp\/v2\/pages\/24030\/revisions"}],"predecessor-version":[{"id":24485,"href":"https:\/\/visionzero.lu\/de\/wp-json\/wp\/v2\/pages\/24030\/revisions\/24485"}],"up":[{"embeddable":true,"href":"https:\/\/visionzero.lu\/de\/wp-json\/wp\/v2\/pages\/24027"}],"wp:attachment":[{"href":"https:\/\/visionzero.lu\/de\/wp-json\/wp\/v2\/media?parent=24030"}],"curies":[{"name":"wp","href":"https:\/\/api.w.org\/{rel}","templated":true}]}}