{"id":24029,"date":"2024-04-29T13:08:48","date_gmt":"2024-04-29T11:08:48","guid":{"rendered":"https:\/\/visionzero.lu\/fr\/prix-sst-2024\/laureats-2022\/ceratizit-luxembourg-sarl\/"},"modified":"2024-05-15T07:54:04","modified_gmt":"2024-05-15T05:54:04","slug":"ceratizit-luxembourg-sarl","status":"publish","type":"page","link":"https:\/\/visionzero.lu\/de\/prix-sst-2026\/laureats-2024\/ifsb\/","title":{"rendered":"IFSB"},"content":{"rendered":"<p class=\"qtranxs-available-languages-message qtranxs-available-languages-message-de\"> <\/p><p>L\u2019Institut de formation sectoriel du b\u00e2timent (IFSB), cr\u00e9\u00e9 en 2002 par le groupement des entrepreneurs du b\u00e2timent et des travaux publics ainsi que par la F\u00e9d\u00e9ration des entreprises de construction et de g\u00e9nie civil, a pour but de former les salari\u00e9s du secteur aux diff\u00e9rents m\u00e9tiers de la construction. De plus, les salari\u00e9s sont form\u00e9s \u00e0 la s\u00e9curit\u00e9 et sant\u00e9 au travail. \u00c0 c\u00f4t\u00e9 de ces formations, l\u2019IFSB d\u00e9veloppe \u00e9galement des outils p\u00e9dagogiques li\u00e9s aux nouvelles technologies.<\/p>\n<p>Suite aux diff\u00e9rents accidents du travail survenu lors de travaux dans les tranch\u00e9es ces derni\u00e8res ann\u00e9es, l\u2019IFSB a cr\u00e9\u00e9 un outil virtuel \u00ab VR tranch\u00e9es \u00bb pour sensibiliser les salari\u00e9s du secteur \u00e0 cette probl\u00e9matique. La \u00ab\u00a0VR tranch\u00e9es\u00a0\u00bb permet la simulation de situations r\u00e9elles pour l\u2019apprenant, afin de lui faire prendre conscience des risques lors des travaux dans les tranch\u00e9es. L\u2019outil est li\u00e9 \u00e0 un casque de r\u00e9alit\u00e9 virtuel \u00e0 travers lequel l\u2019apprenant se d\u00e9place sur un chantier virtuel, essayant de rep\u00e9rer les risques pr\u00e9sents et surtout les mesures de pr\u00e9vention \u00e0 adopter. La r\u00e9alit\u00e9 virtuelle permet \u00e0 l\u2019utilisateur de s\u2019approcher de la tranch\u00e9e et de voir certains risques sp\u00e9cifiques moins visibles \u00e0 distance. \u00c0 l\u2019issue de l\u2019exercice, un r\u00e9capitulatif d\u00e9taill\u00e9, une correction ainsi que des vid\u00e9os explicatives sont fournis.<\/p>","protected":false},"excerpt":{"rendered":"<p>L\u2019Institut de formation sectoriel du b\u00e2timent (IFSB), cr\u00e9\u00e9 en 2002 par le groupement des entrepreneurs du b\u00e2timent et des travaux publics ainsi que par la F\u00e9d\u00e9ration des entreprises de construction et de g\u00e9nie civil, a pour but de former les salari\u00e9s du secteur aux diff\u00e9rents m\u00e9tiers de la construction. De plus, les salari\u00e9s sont form\u00e9s [&hellip;]<\/p>\n","protected":false},"author":2,"featured_media":0,"parent":24027,"menu_order":3,"comment_status":"closed","ping_status":"closed","template":"template-laureats.php","meta":{"_acf_changed":false,"footnotes":""},"class_list":["post-24029","page","type-page","status-publish","hentry"],"acf":{"subtitle":"VR Tranch\u00e9es","second_description":"<p><strong>Kategorie<\/strong><br \/>\nMultiplikator Agent<\/p>\n<p><strong>Unternehmen<\/strong><br \/>\nIFSB<\/p>\n","width":"6","actual_inscriptions":"121","header_color":"blue"},"_links":{"self":[{"href":"https:\/\/visionzero.lu\/de\/wp-json\/wp\/v2\/pages\/24029","targetHints":{"allow":["GET"]}}],"collection":[{"href":"https:\/\/visionzero.lu\/de\/wp-json\/wp\/v2\/pages"}],"about":[{"href":"https:\/\/visionzero.lu\/de\/wp-json\/wp\/v2\/types\/page"}],"author":[{"embeddable":true,"href":"https:\/\/visionzero.lu\/de\/wp-json\/wp\/v2\/users\/2"}],"replies":[{"embeddable":true,"href":"https:\/\/visionzero.lu\/de\/wp-json\/wp\/v2\/comments?post=24029"}],"version-history":[{"count":5,"href":"https:\/\/visionzero.lu\/de\/wp-json\/wp\/v2\/pages\/24029\/revisions"}],"predecessor-version":[{"id":24490,"href":"https:\/\/visionzero.lu\/de\/wp-json\/wp\/v2\/pages\/24029\/revisions\/24490"}],"up":[{"embeddable":true,"href":"https:\/\/visionzero.lu\/de\/wp-json\/wp\/v2\/pages\/24027"}],"wp:attachment":[{"href":"https:\/\/visionzero.lu\/de\/wp-json\/wp\/v2\/media?parent=24029"}],"curies":[{"name":"wp","href":"https:\/\/api.w.org\/{rel}","templated":true}]}}