{"id":24027,"date":"2024-04-29T13:06:05","date_gmt":"2024-04-29T11:06:05","guid":{"rendered":"https:\/\/visionzero.lu\/fr\/prix-sst-2024\/prix-securite-sante-au-travail-laureats-2022-2\/"},"modified":"2024-08-01T09:06:38","modified_gmt":"2024-08-01T07:06:38","slug":"prix-securite-sante-au-travail-laureats-2022-2","status":"publish","type":"page","link":"https:\/\/visionzero.lu\/de\/prix-sst-2026\/laureats-2024\/","title":{"rendered":"Arbeits- und Gesundheitsschutz Preis &#8211; Preistr\u00e4ger 2024"},"content":{"rendered":"<p><strong>Arbeits- und Gesundheitsschutzpreis &#8211; Preistr\u00e4ger 2024<br \/>\n<\/strong><\/p>\n<p>Dussmann Service gewinnt den Publikumspreis 2024.<\/p>","protected":false},"excerpt":{"rendered":"<p>Arbeits- und Gesundheitsschutzpreis &#8211; Preistr\u00e4ger 2024 Dussmann Service gewinnt den Publikumspreis 2024.<\/p>\n","protected":false},"author":2,"featured_media":13859,"parent":640,"menu_order":7,"comment_status":"closed","ping_status":"closed","template":"template-laureatsliste.php","meta":{"_acf_changed":false,"footnotes":""},"class_list":["post-24027","page","type-page","status-publish","has-post-thumbnail","hentry"],"acf":{"has_subtitle":false,"has_logo_page":false,"size_content":"9","content":false,"header_color":"orange","top_description":"<p>Vielen Dank f\u00fcr Ihre Unterst\u00fctzung des Projekts.<br \/>\nUm Ihre Stimme abzugeben, geben Sie hier bitte Ihren Namen und Ihre E-Mail-Adresse an.<\/p>\n","bottom_description":"<p>Ihre Stimme wird ber\u00fccksichtigt, sobald Sie sie durch Klicken auf den Link in der Ihnen zugesandten E-Mail best\u00e4tigt haben. Pro Person ist nur eine Stimme zul\u00e4ssig.<\/p>\n<p>Durch die Teilnahme an der Abstimmung erm\u00e4chtige ich die Organisatoren des Arbeits- und Gesundheitsschutzpreises 2024 sowie die von ihnen beauftragten Unternehmen, meine personenbezogenen Daten zu speichern, zu verarbeiten und zu nutzen sowie mich \u00fcber die Ergebnisse des Publikumspreises zu informieren.<\/p>\n"},"_links":{"self":[{"href":"https:\/\/visionzero.lu\/de\/wp-json\/wp\/v2\/pages\/24027","targetHints":{"allow":["GET"]}}],"collection":[{"href":"https:\/\/visionzero.lu\/de\/wp-json\/wp\/v2\/pages"}],"about":[{"href":"https:\/\/visionzero.lu\/de\/wp-json\/wp\/v2\/types\/page"}],"author":[{"embeddable":true,"href":"https:\/\/visionzero.lu\/de\/wp-json\/wp\/v2\/users\/2"}],"replies":[{"embeddable":true,"href":"https:\/\/visionzero.lu\/de\/wp-json\/wp\/v2\/comments?post=24027"}],"version-history":[{"count":12,"href":"https:\/\/visionzero.lu\/de\/wp-json\/wp\/v2\/pages\/24027\/revisions"}],"predecessor-version":[{"id":25494,"href":"https:\/\/visionzero.lu\/de\/wp-json\/wp\/v2\/pages\/24027\/revisions\/25494"}],"up":[{"embeddable":true,"href":"https:\/\/visionzero.lu\/de\/wp-json\/wp\/v2\/pages\/640"}],"wp:featuredmedia":[{"embeddable":true,"href":"https:\/\/visionzero.lu\/de\/wp-json\/wp\/v2\/media\/13859"}],"wp:attachment":[{"href":"https:\/\/visionzero.lu\/de\/wp-json\/wp\/v2\/media?parent=24027"}],"curies":[{"name":"wp","href":"https:\/\/api.w.org\/{rel}","templated":true}]}}