{"id":23173,"date":"2024-02-26T09:56:32","date_gmt":"2024-02-26T08:56:32","guid":{"rendered":"https:\/\/visionzero.lu\/fr\/se-rendre-au-forum-sst-2\/"},"modified":"2024-12-10T14:38:10","modified_gmt":"2024-12-10T13:38:10","slug":"se-rendre-au-forum-sst-2","status":"publish","type":"page","link":"https:\/\/visionzero.lu\/de\/vison-zero-award-2023\/","title":{"rendered":"VISION ZERO Award: AAA in Sydney ausgezeichnet"},"content":{"rendered":"<p><figure id=\"attachment_23172\" aria-describedby=\"caption-attachment-23172\" style=\"width: 640px\" class=\"wp-caption aligncenter\"><img loading=\"lazy\" decoding=\"async\" class=\"wp-image-23172 size-large\" src=\"https:\/\/visionzero.lu\/wp-content\/uploads\/2024\/02\/VZ-Award-AAA-3-copyright-AAA-1024x966.jpg\" alt=\"\" width=\"640\" height=\"604\" srcset=\"https:\/\/visionzero.lu\/wp-content\/uploads\/2024\/02\/VZ-Award-AAA-3-copyright-AAA-1024x966.jpg 1024w, https:\/\/visionzero.lu\/wp-content\/uploads\/2024\/02\/VZ-Award-AAA-3-copyright-AAA-300x283.jpg 300w, https:\/\/visionzero.lu\/wp-content\/uploads\/2024\/02\/VZ-Award-AAA-3-copyright-AAA-768x724.jpg 768w, https:\/\/visionzero.lu\/wp-content\/uploads\/2024\/02\/VZ-Award-AAA-3-copyright-AAA-1536x1449.jpg 1536w, https:\/\/visionzero.lu\/wp-content\/uploads\/2024\/02\/VZ-Award-AAA-3-copyright-AAA-2048x1932.jpg 2048w\" sizes=\"auto, (max-width: 640px) 100vw, 640px\" \/><figcaption id=\"caption-attachment-23172\" class=\"wp-caption-text\"><br \/>Die AAA-Delegation auf dem 23. Weltkongress f\u00fcr Sicherheit und Gesundheit bei der Arbeit \u00a9AAA<\/figcaption><\/figure><\/p>","protected":false},"excerpt":{"rendered":"","protected":false},"author":423,"featured_media":0,"parent":0,"menu_order":0,"comment_status":"closed","ping_status":"closed","template":"","meta":{"_acf_changed":false,"footnotes":""},"class_list":["post-23173","page","type-page","status-publish","hentry"],"acf":{"header_color":"blue","has_subtitle":false,"has_logo_page":true,"size_content":"12","content":[{"type_content":"text_block","text_block":{"text_description":"<p>Auf dem 23. Weltkongress f\u00fcr Sicherheit und Gesundheit am Arbeitsplatz wurde der Unfallversicherung im November 2023 in Sydney, Australien, von der Internationalen Vereinigung f\u00fcr Soziale Sicherheit (IVSS) den Vision Zero Award verliehen. Der alle drei Jahre stattfindende Weltkongress ist ein einzigartiges internationales Forum, das rund 3.000 Experten, Entscheidungstr\u00e4ger aus der Arbeitswelt, der sozialen Sicherheit und dem \u00f6ffentlichen Sektor sowie Arbeitgeber- und Arbeitnehmervertreter aus der ganzen Welt zusammenbringt. Es dient als Plattform f\u00fcr den Austausch von Ideen, Forschungsergebnissen und bew\u00e4hrten Verfahren zu hochaktuellen Themen im Bereich der Sicherheit und Gesundheit am Arbeitsplatz.<\/p>\n<p>Vision Zero war eines der Hauptthemen dieser Veranstaltung. In seiner Rede zur Er\u00f6ffnung des Kongresses betonte der IVSS-Pr\u00e4sident Dr. Azman: &#8222;Die VISION ZERO-Strategie erm\u00f6glicht auf jedem Arbeitsplatz, in jedem Unternehmen und in jeder Branche in jeder Region der Welt, ihre eigene Pr\u00e4ventionskultur aufzubauen.&#8220;. Vision Zero wurde 2017 auf dem Weltkongress in Singapur eingef\u00fchrt und hat sich seitdem zu einer globalen Pr\u00e4ventionsstrategie entwickelt.<\/p>\n<p>Bei der Preisverleihung erhielten 21 VISION ZERO-Partner den VISION ZERO Award der IVSS in Anerkennung ihrer unternommenen Bestrebungen um das Grad an Sicherheit, Gesundheit und Wohlbefinden auf internationaler oder nationaler Ebene sowie in ihren Unternehmen zu erh\u00f6hen.<\/p>\n<p>Die AAA, IVSS-Mitglied, erhielt den VISION ZERO Award f\u00fcr ihre F\u00e4higkeit, VISION ZERO auf nationaler Ebene umzusetzen. In seiner Abschlussrede auf dem Weltkongress wies der IVSS-Generalsekret\u00e4r, Marcelo Caetano, auf das Beispiel der nationalen VISION ZERO-Strategie in Luxemburg hin. Tats\u00e4chlich ist Luxemburg neben Singapur eines der ersten L\u00e4nder, das diese Strategie auf nationaler Ebene umgesetzt hat.<\/p>\n<p>Seit 2016, bezieht sich VISION ZERO in Luxemburg auf eine Strategie, die sich auf die Pr\u00e4vention von Arbeits- und Wegeunf\u00e4llen sowie auf Berufskrankheiten konzentriert. Diese Strategie ist Ausdruck der solidarischen Verpflichtung der nationalen Partner, der Sicherheit und Gesundheit am Arbeitsplatz eine neue Dynamik zu verleihen und alle relevanten Interessengruppen auf Arbeitgeber- und Arbeitnehmerseite zu mobilisieren. VISION ZERO bedeutet nicht, dass das Risiko am Arbeitsplatz gleich null ist, sondern dass die potenziellen Quellen so weit wie m\u00f6glich reduziert werden m\u00fcssen, um Unf\u00e4lle und insbesondere schwere und t\u00f6dliche Unf\u00e4lle zu vermeiden. Es handelt sich um einen kontinuierlichen Verbesserungsprozess, der darauf abzielt, das Bewusstsein der Arbeitnehmer f\u00fcr sicheres und verantwortungsbewusstes Verhalten zu sch\u00e4rfen und sie darin zu schulen, und der sich auf die F\u00fchrungsrolle der Unternehmensleiter st\u00fctzt.<\/p>\n<p>Eines der Ziele der urspr\u00fcnglichen VISION ZERO-Charta von 2016 bis 2022 bestand darin, bis 2022 einen R\u00fcckgang der nationalen, alle Sektoren umfassenden H\u00e4ufigkeitsrate arbeitsbedingter Unf\u00e4lle um 20 % im Vergleich zum Basisjahr 2014 zu erreichen. Vor der Pandemie, im Jahr 2019, war bereits ein vielversprechender R\u00fcckgang um 15 % erreicht worden. Die Jahre 2020 und 2021 waren aufgrund der Pandemie sehr speziell. Sie werden \u00fcbrigens statistisch nicht ber\u00fccksichtigt, da die verschiedenen Einschlie\u00dfungen und der Einsatz von Telearbeit die Daten verzerren. Letztendlich ist die nationale H\u00e4ufigkeitsrate um mehr als 34 % gesunken von 5,37 % im Jahr 2014 auf 3,52 % im Jahr 2022. Das Ziel der ersten Phase von VISION ZERO wurde somit weit \u00fcbertroffen, wobei zu ber\u00fccksichtigen ist, dass das Jahr 2022 noch leicht von COVID beeinflusst wurde.<\/p>\n<p>Aufbauend auf dem Erfolg der ersten Phase von 2016 bis 2022 und angesichts der Bedeutung dieses Themas haben die Initiatoren von VISION ZERO, AAA, UEL und INDR, beschlossen, die Anstrengungen im Bereich Sicherheit und Gesundheitsschutz am Arbeitsplatz fortzusetzen und sich dabei insbesondere auf Risikosektoren zu konzentrieren. Die neue Phase von VISION ZERO 2023 &#8211; 2030 wurde erstmals auf dem 15. Forum f\u00fcr Sicherheit und Gesundheitsschutz am Arbeitsplatz am 26. Oktober 2022 vorgestellt. Die Regierung hatte bereits auf ihrem Regierungsrat am 24. Oktober 2022 ihre Unterst\u00fctzung f\u00fcr die nationale Strategie zum Ausdruck gebracht.\u00a0 Alle institutionellen Partner und Unternehmen werden ermutigt, die nationale Strategie VISION ZERO zu unterzeichnen.<\/p>\n<p>Hier sind einige Schl\u00fcsselaktionen, die im Rahmen der VISION ZERO durchgef\u00fchrt wurden:<\/p>\n<ul>\n<li>Zwei crossmediale Kampagnen, in denen Opfer von Arbeitsunf\u00e4llen im Mittelpunkt standen und auf bestimmte Sektoren ausgerichtet waren ;<\/li>\n<li>Einf\u00fchrung eines dreisprachigen Internetportals (visionzero.lu), das Unternehmen im Bereich Arbeits- und Gesundheitsschutz sensibilisiert und informiert ;<\/li>\n<li>Einf\u00fchrung eines Bonus-Malus-Systems im Jahr 2019 durch die AAA, mit dem der Grundbeitragssatz gesenkt oder erh\u00f6ht werden kann, um die Beitragszahler der Unfallversicherung dazu zu bewegen, mehr in die Pr\u00e4vention von Arbeitsunf\u00e4llen zu mobilisieren ;<\/li>\n<li>J\u00e4hrliche Organisation des Forums f\u00fcr Arbeits- und Gesundheitsschutz und alle zwei Jahre Verleihung des Arbeits- und Gesundheitsschutzpreises ;<\/li>\n<li>Erstellung neuer Pr\u00e4ventionsmaterialien (Publikationen, Pr\u00e4ventionsempfehlungen und Videos) ;<\/li>\n<li>Durchf\u00fchrung einer Reihe von Sensibilisierungsma\u00dfnahmen und spezifischen Aktionen durch die institutionellen Partner und die luxemburgischen Unternehmen ;<\/li>\n<li>Einleitung der zweiten Phase von VISION ZERO von 2023 bis 2030, mit dem Ziel, die nationale H\u00e4ufigkeitsrate im Vergleich zu 2019 um weitere 20 % zu senken, indem durch die Umsetzung einer Reihe von gezielteren Ma\u00dfnahmen besondere Anstrengungen auf die Risikosektoren gerichtet werden.<\/li>\n<\/ul>\n<p>&nbsp;<\/p>\n","logo":false},"image_text_block":{"side_image":"left","text_description":"","image":{"ID":21867,"id":21867,"title":"Plan LuxExpo","filename":"Plan-LuxExpo.png","filesize":281136,"url":"https:\/\/visionzero.lu\/wp-content\/uploads\/2023\/12\/Plan-LuxExpo.png","link":"https:\/\/visionzero.lu\/de\/anreise-zum-sgu-forum\/plan-luxexpo\/","alt":"","author":"6","description":"","caption":"","name":"plan-luxexpo","status":"inherit","uploaded_to":21859,"date":"2023-12-12 12:55:20","modified":"2023-12-12 12:56:14","menu_order":0,"mime_type":"image\/png","type":"image","subtype":"png","icon":"https:\/\/visionzero.lu\/wp-includes\/images\/media\/default.png","width":1796,"height":1242,"sizes":{"thumbnail":"https:\/\/visionzero.lu\/wp-content\/uploads\/2023\/12\/Plan-LuxExpo-150x150.png","thumbnail-width":150,"thumbnail-height":150,"medium":"https:\/\/visionzero.lu\/wp-content\/uploads\/2023\/12\/Plan-LuxExpo-300x207.png","medium-width":300,"medium-height":207,"medium_large":"https:\/\/visionzero.lu\/wp-content\/uploads\/2023\/12\/Plan-LuxExpo-768x531.png","medium_large-width":640,"medium_large-height":443,"large":"https:\/\/visionzero.lu\/wp-content\/uploads\/2023\/12\/Plan-LuxExpo-1024x708.png","large-width":640,"large-height":443,"1536x1536":"https:\/\/visionzero.lu\/wp-content\/uploads\/2023\/12\/Plan-LuxExpo-1536x1062.png","1536x1536-width":1536,"1536x1536-height":1062,"2048x2048":"https:\/\/visionzero.lu\/wp-content\/uploads\/2023\/12\/Plan-LuxExpo.png","2048x2048-width":1796,"2048x2048-height":1242}},"image_caption":""},"gallery_block":{"title_gallery":"","gallery":null},"images_grid_block":{"title":"","slider":false,"gallery":false,"gallery_de":false,"images_en":false,"button_text":"","button_link":"","zip_file":false,"zip_file_text":""},"documents_block":{"title_block_documents":"","file_document":false},"subject_block":{"title_subject_block":"","page":false},"new_layout":false,"grid_landscape":false,"grid_square":{"size_edition_label":false,"num_culomns":4,"small_edition":false,"side_edition_label":false,"big_edition_label":false,"edition_block":""},"grid_campagne":{"title":"","campagnes":null},"partners":{"title":"","type_partners":false},"partners_pick":{"title":"","type_partners":null},"editions":{"title":"","edition":false},"collapse_labels":[{"title":"Adresse","description":"<p><a href=\"https:\/\/thebox.lu\/acces\/\" target=\"_blank\" rel=\"noopener\"><strong>LUXEXPO THE BOX<\/strong><\/a><\/p>\n<p>10, Circuit de la Foire Internationale<br \/>\nL-1347 Luxembourg-Kirchberg<\/p>\n<p><a href=\"https:\/\/www.google.com\/maps\/dir\/\/10+Circuit+de+La+Foire+Internationale,+1347+Luxembourg\/@49.636043,6.172955,15z\/data=!4m9!4m8!1m0!1m5!1m1!1s0x47954f639a813a79:0x29efa798e084865a!2m2!1d6.1729548!2d49.6360432!3e0?hl=fr&amp;entry=ttu\" target=\"_blank\" rel=\"noopener\"><strong>Route<\/strong><\/a><\/p>\n<p>&nbsp;<\/p>\n"},{"title":"Mit kostenlosen \u00f6ffentlichen Verkehrsmittel","description":"<p><strong>Bahnstation :<\/strong> Gare Pfaffenthal &#8211; Kirchberg<\/p>\n<p><strong>Stra\u00dfenbahn :<\/strong> Linie 1 (Station &#8222;Luxexpo&#8220;)<\/p>\n<p><strong>Bus :<\/strong> <a href=\"https:\/\/visionzero.lu\/wp-content\/uploads\/2023\/12\/thebox-bus.pdf\">Busfahrplan<\/a><\/p>\n"},{"title":"Mit dem Fahrrad","description":"<p>LUXEXPO THE BOX bietet den Besuchern zwei Fahrradparkpl\u00e4tze und eine Fahrradverleihstation.<\/p>\n"},{"title":"Mit dem Auto (Parking)","description":"<p>Parken auf dem Gel\u00e4nde der LUXEXPO THE BOX: (je nach Verf\u00fcgbarkeit)<\/p>\n<p><strong> Geb\u00fchr f\u00fcr den Besucherparkplatz: 5\u20ac \/ Tag<br \/>\n<\/strong><\/p>\n<ul>\n<li>Parkhaus Nord (750 Pl\u00e4tze)<\/li>\n<li>Parkhaus S\u00fcd (650 Pl\u00e4tze)<\/li>\n<\/ul>\n<p>&nbsp;<\/p>\n<p>Erg\u00e4nzende Parkpl\u00e4tze:<\/p>\n<ul>\n<li>Auchan (2 766 Pl\u00e4tze)<\/li>\n<li>Parking Gernsback (595 Pl\u00e4tze)<\/li>\n<li>Place de l&#8217;Europe (1 324 Pl\u00e4tze)<\/li>\n<li>Parking Trois Glands (400 Pl\u00e4tze)<\/li>\n<li>Parking d&#8217;Coque (593 Pl\u00e4tze)<\/li>\n<li>Konrad Adenauer (438 Pl\u00e4tze)<\/li>\n<\/ul>\n"}],"testimonial_gallery":false,"testimonial_media":{"title":"","media_testimonial":false},"title_gallery":"","gallery":[{"ID":21867,"id":21867,"title":"Plan LuxExpo","filename":"Plan-LuxExpo.png","filesize":281136,"url":"https:\/\/visionzero.lu\/wp-content\/uploads\/2023\/12\/Plan-LuxExpo.png","link":"https:\/\/visionzero.lu\/de\/anreise-zum-sgu-forum\/plan-luxexpo\/","alt":"","author":"6","description":"","caption":"","name":"plan-luxexpo","status":"inherit","uploaded_to":21859,"date":"2023-12-12 12:55:20","modified":"2023-12-12 12:56:14","menu_order":0,"mime_type":"image\/png","type":"image","subtype":"png","icon":"https:\/\/visionzero.lu\/wp-includes\/images\/media\/default.png","width":1796,"height":1242,"sizes":{"thumbnail":"https:\/\/visionzero.lu\/wp-content\/uploads\/2023\/12\/Plan-LuxExpo-150x150.png","thumbnail-width":150,"thumbnail-height":150,"medium":"https:\/\/visionzero.lu\/wp-content\/uploads\/2023\/12\/Plan-LuxExpo-300x207.png","medium-width":300,"medium-height":207,"medium_large":"https:\/\/visionzero.lu\/wp-content\/uploads\/2023\/12\/Plan-LuxExpo-768x531.png","medium_large-width":640,"medium_large-height":443,"large":"https:\/\/visionzero.lu\/wp-content\/uploads\/2023\/12\/Plan-LuxExpo-1024x708.png","large-width":640,"large-height":443,"1536x1536":"https:\/\/visionzero.lu\/wp-content\/uploads\/2023\/12\/Plan-LuxExpo-1536x1062.png","1536x1536-width":1536,"1536x1536-height":1062,"2048x2048":"https:\/\/visionzero.lu\/wp-content\/uploads\/2023\/12\/Plan-LuxExpo.png","2048x2048-width":1796,"2048x2048-height":1242}}],"tab_content":{"tab_list":false},"image_text_block_2":{"image":false,"logo":false,"text_description":""}},{"type_content":"gallery","text_block":{"text_description":"<p><img loading=\"lazy\" decoding=\"async\" class=\"aligncenter wp-image-21867 size-full\" src=\"https:\/\/visionzero.lu\/wp-content\/uploads\/2023\/12\/Plan-LuxExpo.png\" alt=\"\" width=\"1796\" height=\"1242\" srcset=\"https:\/\/visionzero.lu\/wp-content\/uploads\/2023\/12\/Plan-LuxExpo.png 1796w, https:\/\/visionzero.lu\/wp-content\/uploads\/2023\/12\/Plan-LuxExpo-300x207.png 300w, https:\/\/visionzero.lu\/wp-content\/uploads\/2023\/12\/Plan-LuxExpo-1024x708.png 1024w, https:\/\/visionzero.lu\/wp-content\/uploads\/2023\/12\/Plan-LuxExpo-768x531.png 768w, https:\/\/visionzero.lu\/wp-content\/uploads\/2023\/12\/Plan-LuxExpo-1536x1062.png 1536w\" sizes=\"auto, (max-width: 1796px) 100vw, 1796px\" \/><\/p>\n","logo":false},"image_text_block":{"side_image":false,"text_description":"","image":false,"image_caption":""},"gallery_block":{"title_gallery":"","gallery":null},"images_grid_block":{"title":"","slider":false,"gallery":false,"gallery_de":false,"images_en":false,"button_text":"","button_link":"","zip_file":false,"zip_file_text":""},"documents_block":{"title_block_documents":"","file_document":false},"subject_block":{"title_subject_block":"","page":false},"new_layout":false,"grid_landscape":false,"grid_square":{"size_edition_label":false,"num_culomns":4,"small_edition":false,"side_edition_label":false,"big_edition_label":false,"edition_block":""},"grid_campagne":{"title":"","campagnes":null},"partners":{"title":"","type_partners":false},"partners_pick":{"title":"","type_partners":null},"editions":{"title":"","edition":false},"collapse_labels":false,"testimonial_gallery":false,"testimonial_media":{"title":"","media_testimonial":false},"title_gallery":"","gallery":[{"ID":23171,"id":23171,"title":"Vision Zero Award ceremony","filename":"VZ-Award-AAA-2-copyright-AISS-scaled.jpg","filesize":659539,"url":"https:\/\/visionzero.lu\/wp-content\/uploads\/2024\/02\/VZ-Award-AAA-2-copyright-AISS-scaled.jpg","link":"https:\/\/visionzero.lu\/de\/vison-zero-award-2023\/vision-zero-award-ceremony-2\/","alt":"","author":"423","description":"","caption":"Les laur\u00e9ats du Prix Vision Z\u00e9ro \u00a9AISS","name":"vision-zero-award-ceremony-2","status":"inherit","uploaded_to":23173,"date":"2024-02-26 08:52:50","modified":"2024-02-26 09:59:13","menu_order":0,"mime_type":"image\/jpeg","type":"image","subtype":"jpeg","icon":"https:\/\/visionzero.lu\/wp-includes\/images\/media\/default.png","width":2560,"height":1920,"sizes":{"thumbnail":"https:\/\/visionzero.lu\/wp-content\/uploads\/2024\/02\/VZ-Award-AAA-2-copyright-AISS-150x150.jpg","thumbnail-width":150,"thumbnail-height":150,"medium":"https:\/\/visionzero.lu\/wp-content\/uploads\/2024\/02\/VZ-Award-AAA-2-copyright-AISS-300x225.jpg","medium-width":300,"medium-height":225,"medium_large":"https:\/\/visionzero.lu\/wp-content\/uploads\/2024\/02\/VZ-Award-AAA-2-copyright-AISS-768x576.jpg","medium_large-width":640,"medium_large-height":480,"large":"https:\/\/visionzero.lu\/wp-content\/uploads\/2024\/02\/VZ-Award-AAA-2-copyright-AISS-1024x768.jpg","large-width":640,"large-height":480,"1536x1536":"https:\/\/visionzero.lu\/wp-content\/uploads\/2024\/02\/VZ-Award-AAA-2-copyright-AISS-1536x1152.jpg","1536x1536-width":1536,"1536x1536-height":1152,"2048x2048":"https:\/\/visionzero.lu\/wp-content\/uploads\/2024\/02\/VZ-Award-AAA-2-copyright-AISS-2048x1536.jpg","2048x2048-width":2048,"2048x2048-height":1536}},{"ID":23170,"id":23170,"title":"Vision Zero Award ceremony","filename":"VZ-Award-AAA-1-copyright-AISS-scaled.jpg","filesize":541557,"url":"https:\/\/visionzero.lu\/wp-content\/uploads\/2024\/02\/VZ-Award-AAA-1-copyright-AISS-scaled.jpg","link":"https:\/\/visionzero.lu\/de\/vision-zero-award-ceremony\/","alt":"","author":"423","description":"","caption":"Dr Mohammed Azman, Pr\u00e9sident de l\u2019AISS, et Claude Seywert, Pr\u00e9sident de l\u2019AAA \u00a9AISS","name":"vision-zero-award-ceremony","status":"inherit","uploaded_to":0,"date":"2024-02-26 08:52:34","modified":"2024-02-26 09:59:31","menu_order":0,"mime_type":"image\/jpeg","type":"image","subtype":"jpeg","icon":"https:\/\/visionzero.lu\/wp-includes\/images\/media\/default.png","width":1920,"height":2560,"sizes":{"thumbnail":"https:\/\/visionzero.lu\/wp-content\/uploads\/2024\/02\/VZ-Award-AAA-1-copyright-AISS-150x150.jpg","thumbnail-width":150,"thumbnail-height":150,"medium":"https:\/\/visionzero.lu\/wp-content\/uploads\/2024\/02\/VZ-Award-AAA-1-copyright-AISS-225x300.jpg","medium-width":225,"medium-height":300,"medium_large":"https:\/\/visionzero.lu\/wp-content\/uploads\/2024\/02\/VZ-Award-AAA-1-copyright-AISS-768x1024.jpg","medium_large-width":640,"medium_large-height":853,"large":"https:\/\/visionzero.lu\/wp-content\/uploads\/2024\/02\/VZ-Award-AAA-1-copyright-AISS-768x1024.jpg","large-width":640,"large-height":853,"1536x1536":"https:\/\/visionzero.lu\/wp-content\/uploads\/2024\/02\/VZ-Award-AAA-1-copyright-AISS-1152x1536.jpg","1536x1536-width":1152,"1536x1536-height":1536,"2048x2048":"https:\/\/visionzero.lu\/wp-content\/uploads\/2024\/02\/VZ-Award-AAA-1-copyright-AISS-1536x2048.jpg","2048x2048-width":1536,"2048x2048-height":2048}}],"tab_content":{"tab_list":false},"image_text_block_2":{"image":false,"logo":false,"text_description":""}},{"type_content":"edition","text_block":{"text_description":"<p>Weitere Informationen :<\/p>\n<ul>\n<li>VISION ZERO-Brosch\u00fcre: <a href=\"https:\/\/visionzero.lu\/de\/strategie\/\">https:\/\/visionzero.lu\/de\/strategie\/<\/a><\/li>\n<li>Zwischenbilanz von VISION ZERO: <a href=\"https:\/\/visionzero.lu\/de\/strategie\/\">https:\/\/visionzero.lu\/de\/strategie\/<\/a><\/li>\n<\/ul>\n","logo":false},"image_text_block":{"side_image":false,"text_description":"","image":false,"image_caption":""},"gallery_block":{"title_gallery":"","gallery":null},"images_grid_block":{"title":"","slider":false,"gallery":false,"gallery_de":false,"images_en":false,"button_text":"","button_link":"","zip_file":false,"zip_file_text":""},"documents_block":{"title_block_documents":"","file_document":false},"subject_block":{"title_subject_block":"","page":false},"new_layout":false,"grid_landscape":false,"grid_square":{"size_edition_label":false,"num_culomns":4,"small_edition":false,"side_edition_label":false,"big_edition_label":false,"edition_block":""},"grid_campagne":{"title":"","campagnes":null},"partners":{"title":"","type_partners":false},"partners_pick":{"title":"Organisatoren","type_partners":[{"ID":6124,"post_author":"1","post_date":"2019-09-02 15:45:43","post_date_gmt":"2019-09-02 13:45:43","post_content":"","post_title":"AAA","post_excerpt":"","post_status":"publish","comment_status":"closed","ping_status":"closed","post_password":"","post_name":"aaa","to_ping":"","pinged":"","post_modified":"2019-10-01 16:06:12","post_modified_gmt":"2019-10-01 14:06:12","post_content_filtered":"","post_parent":0,"guid":"https:\/\/visionzero.lu\/fr\/?post_type=partner&#038;p=6124","menu_order":0,"post_type":"partner","post_mime_type":"","comment_count":"0","filter":"raw"},{"ID":6126,"post_author":"1","post_date":"2019-09-02 15:46:03","post_date_gmt":"2019-09-02 13:46:03","post_content":"","post_title":"UEL","post_excerpt":"","post_status":"publish","comment_status":"closed","ping_status":"closed","post_password":"","post_name":"uel","to_ping":"","pinged":"","post_modified":"2025-10-21 15:13:55","post_modified_gmt":"2025-10-21 13:13:55","post_content_filtered":"","post_parent":0,"guid":"https:\/\/visionzero.lu\/fr\/?post_type=partner&#038;p=6126","menu_order":1,"post_type":"partner","post_mime_type":"","comment_count":"0","filter":"raw"},{"ID":6133,"post_author":"1","post_date":"2019-09-02 15:47:12","post_date_gmt":"2019-09-02 13:47:12","post_content":"","post_title":"INDR","post_excerpt":"","post_status":"publish","comment_status":"closed","ping_status":"closed","post_password":"","post_name":"indr","to_ping":"","pinged":"","post_modified":"2019-09-25 16:37:10","post_modified_gmt":"2019-09-25 14:37:10","post_content_filtered":"","post_parent":0,"guid":"https:\/\/visionzero.lu\/fr\/?post_type=partner&#038;p=6133","menu_order":2,"post_type":"partner","post_mime_type":"","comment_count":"0","filter":"raw"}]},"editions":{"title":"Weitere Informationen :","edition":[{"title":"Brosch\u00fcre","description":"VISION ZERO","page":"https:\/\/visionzero.lu\/de\/nationale-strategie-vision-zero\/"},{"title":"Zwischenbilanz","description":"VISION ZERO","page":"https:\/\/visionzero.lu\/de\/nationale-strategie-vision-zero\/"},{"title":"Kampagne","description":"VISION ZERO","page":"https:\/\/visionzero.lu\/de\/medienkampagne\/"}]},"collapse_labels":false,"testimonial_gallery":false,"testimonial_media":{"title":"","media_testimonial":false},"title_gallery":"","gallery":false,"tab_content":{"tab_list":false},"image_text_block_2":{"image":false,"logo":false,"text_description":""}}],"logo_page":false,"gray_line":false,"subtitle":"#"},"_links":{"self":[{"href":"https:\/\/visionzero.lu\/de\/wp-json\/wp\/v2\/pages\/23173","targetHints":{"allow":["GET"]}}],"collection":[{"href":"https:\/\/visionzero.lu\/de\/wp-json\/wp\/v2\/pages"}],"about":[{"href":"https:\/\/visionzero.lu\/de\/wp-json\/wp\/v2\/types\/page"}],"author":[{"embeddable":true,"href":"https:\/\/visionzero.lu\/de\/wp-json\/wp\/v2\/users\/423"}],"replies":[{"embeddable":true,"href":"https:\/\/visionzero.lu\/de\/wp-json\/wp\/v2\/comments?post=23173"}],"version-history":[{"count":26,"href":"https:\/\/visionzero.lu\/de\/wp-json\/wp\/v2\/pages\/23173\/revisions"}],"predecessor-version":[{"id":25619,"href":"https:\/\/visionzero.lu\/de\/wp-json\/wp\/v2\/pages\/23173\/revisions\/25619"}],"wp:attachment":[{"href":"https:\/\/visionzero.lu\/de\/wp-json\/wp\/v2\/media?parent=23173"}],"curies":[{"name":"wp","href":"https:\/\/api.w.org\/{rel}","templated":true}]}}