{"id":2095,"date":"2019-07-30T12:22:47","date_gmt":"2019-07-30T10:22:47","guid":{"rendered":"https:\/\/visionzero.lu\/fr\/?page_id=2095"},"modified":"2020-07-15T13:29:03","modified_gmt":"2020-07-15T11:29:03","slug":"liens-nationaux","status":"publish","type":"page","link":"https:\/\/visionzero.lu\/de\/links-sst-luxemburg\/","title":{"rendered":"Nationale Links"},"content":{"rendered":"<p>Nachfolgend finden Sie eine Liste mit n\u00fctzlichen nationalen Links zur Sicherheit und Gesundheit am Arbeitsplatz.<\/p>","protected":false},"excerpt":{"rendered":"<p>Nachfolgend finden Sie eine Liste mit n\u00fctzlichen nationalen Links zur Sicherheit und Gesundheit am Arbeitsplatz.<\/p>\n","protected":false},"author":2,"featured_media":0,"parent":0,"menu_order":64,"comment_status":"closed","ping_status":"closed","template":"","meta":{"_acf_changed":false,"footnotes":""},"class_list":["post-2095","page","type-page","status-publish","hentry"],"acf":{"has_subtitle":false,"has_logo_page":false,"size_content":"12","content":[{"type_content":"subjects_block","text_block":{"text_description":"","logo":false},"image_text_block":{"side_image":false,"text_description":"","image":false,"image_caption":""},"gallery_block":{"title_gallery":"","gallery":null},"images_grid_block":{"title":"","slider":false,"gallery":false,"gallery_de":false,"images_en":false,"button_text":"","button_link":"","zip_file":false,"zip_file_text":""},"documents_block":{"title_block_documents":"","file_document":false},"subject_block":{"title_subject_block":"","page":[{"image_page":{"ID":7512,"id":7512,"title":"aaa-1","filename":"aaa-1.png","filesize":58650,"url":"https:\/\/visionzero.lu\/wp-content\/uploads\/2019\/09\/aaa-1.png","link":"https:\/\/visionzero.lu\/de\/links-sst-luxemburg\/aaa-1\/","alt":"","author":"2","description":"","caption":"","name":"aaa-1","status":"inherit","uploaded_to":2095,"date":"2019-09-28 22:14:14","modified":"2019-09-28 22:14:14","menu_order":0,"mime_type":"image\/png","type":"image","subtype":"png","icon":"https:\/\/visionzero.lu\/wp-includes\/images\/media\/default.png","width":388,"height":297,"sizes":{"thumbnail":"https:\/\/visionzero.lu\/wp-content\/uploads\/2019\/09\/aaa-1-150x150.png","thumbnail-width":150,"thumbnail-height":150,"medium":"https:\/\/visionzero.lu\/wp-content\/uploads\/2019\/09\/aaa-1-300x230.png","medium-width":300,"medium-height":230,"medium_large":"https:\/\/visionzero.lu\/wp-content\/uploads\/2019\/09\/aaa-1.png","medium_large-width":388,"medium_large-height":297,"large":"https:\/\/visionzero.lu\/wp-content\/uploads\/2019\/09\/aaa-1.png","large-width":388,"large-height":297,"1536x1536":"https:\/\/visionzero.lu\/wp-content\/uploads\/2019\/09\/aaa-1.png","1536x1536-width":388,"1536x1536-height":297,"2048x2048":"https:\/\/visionzero.lu\/wp-content\/uploads\/2019\/09\/aaa-1.png","2048x2048-width":388,"2048x2048-height":297}},"title":"Association d'Assurance Accident (AAA)","type_file":"ext","file":false,"url":"https:\/\/aaa.public.lu\/fr.html","page":null,"gallery":false,"mediatech_link":null},{"image_page":{"ID":7514,"id":7514,"title":"acssl","filename":"acssl-1.png","filesize":25439,"url":"https:\/\/visionzero.lu\/wp-content\/uploads\/2019\/09\/acssl-1.png","link":"https:\/\/visionzero.lu\/de\/links-sst-luxemburg\/acssl-2\/","alt":"","author":"2","description":"","caption":"","name":"acssl-2","status":"inherit","uploaded_to":2095,"date":"2019-09-28 22:18:51","modified":"2019-09-28 22:18:51","menu_order":0,"mime_type":"image\/png","type":"image","subtype":"png","icon":"https:\/\/visionzero.lu\/wp-includes\/images\/media\/default.png","width":388,"height":297,"sizes":{"thumbnail":"https:\/\/visionzero.lu\/wp-content\/uploads\/2019\/09\/acssl-1-150x150.png","thumbnail-width":150,"thumbnail-height":150,"medium":"https:\/\/visionzero.lu\/wp-content\/uploads\/2019\/09\/acssl-1-300x230.png","medium-width":300,"medium-height":230,"medium_large":"https:\/\/visionzero.lu\/wp-content\/uploads\/2019\/09\/acssl-1.png","medium_large-width":388,"medium_large-height":297,"large":"https:\/\/visionzero.lu\/wp-content\/uploads\/2019\/09\/acssl-1.png","large-width":388,"large-height":297,"1536x1536":"https:\/\/visionzero.lu\/wp-content\/uploads\/2019\/09\/acssl-1.png","1536x1536-width":388,"1536x1536-height":297,"2048x2048":"https:\/\/visionzero.lu\/wp-content\/uploads\/2019\/09\/acssl-1.png","2048x2048-width":388,"2048x2048-height":297}},"title":"Association des Coordinateurs de S\u00e9curit\u00e9 et de Sant\u00e9 Luxembourg (A.C.S.S.L.)","type_file":"ext","file":false,"url":"http:\/\/www.acssl.lu\/","page":null,"gallery":false,"mediatech_link":null},{"image_page":{"ID":7515,"id":7515,"title":"atdl","filename":"atdl-1.png","filesize":24098,"url":"https:\/\/visionzero.lu\/wp-content\/uploads\/2019\/09\/atdl-1.png","link":"https:\/\/visionzero.lu\/de\/links-sst-luxemburg\/atdl-2\/","alt":"","author":"2","description":"","caption":"","name":"atdl-2","status":"inherit","uploaded_to":2095,"date":"2019-09-28 22:18:59","modified":"2019-09-28 22:18:59","menu_order":0,"mime_type":"image\/png","type":"image","subtype":"png","icon":"https:\/\/visionzero.lu\/wp-includes\/images\/media\/default.png","width":388,"height":297,"sizes":{"thumbnail":"https:\/\/visionzero.lu\/wp-content\/uploads\/2019\/09\/atdl-1-150x150.png","thumbnail-width":150,"thumbnail-height":150,"medium":"https:\/\/visionzero.lu\/wp-content\/uploads\/2019\/09\/atdl-1-300x230.png","medium-width":300,"medium-height":230,"medium_large":"https:\/\/visionzero.lu\/wp-content\/uploads\/2019\/09\/atdl-1.png","medium_large-width":388,"medium_large-height":297,"large":"https:\/\/visionzero.lu\/wp-content\/uploads\/2019\/09\/atdl-1.png","large-width":388,"large-height":297,"1536x1536":"https:\/\/visionzero.lu\/wp-content\/uploads\/2019\/09\/atdl-1.png","1536x1536-width":388,"1536x1536-height":297,"2048x2048":"https:\/\/visionzero.lu\/wp-content\/uploads\/2019\/09\/atdl-1.png","2048x2048-width":388,"2048x2048-height":297}},"title":"Association des Travailleurs D\u00e9sign\u00e9s Luxembourg (ATDL)","type_file":"ext","file":false,"url":"http:\/\/atdl.lu\/","page":null,"gallery":false,"mediatech_link":null},{"image_page":{"ID":7516,"id":7516,"title":"prevention","filename":"prevention-1.png","filesize":38136,"url":"https:\/\/visionzero.lu\/wp-content\/uploads\/2019\/09\/prevention-1.png","link":"https:\/\/visionzero.lu\/de\/links-sst-luxemburg\/prevention-2\/","alt":"","author":"2","description":"","caption":"","name":"prevention-2","status":"inherit","uploaded_to":2095,"date":"2019-09-28 22:19:08","modified":"2019-09-28 22:19:08","menu_order":0,"mime_type":"image\/png","type":"image","subtype":"png","icon":"https:\/\/visionzero.lu\/wp-includes\/images\/media\/default.png","width":388,"height":297,"sizes":{"thumbnail":"https:\/\/visionzero.lu\/wp-content\/uploads\/2019\/09\/prevention-1-150x150.png","thumbnail-width":150,"thumbnail-height":150,"medium":"https:\/\/visionzero.lu\/wp-content\/uploads\/2019\/09\/prevention-1-300x230.png","medium-width":300,"medium-height":230,"medium_large":"https:\/\/visionzero.lu\/wp-content\/uploads\/2019\/09\/prevention-1.png","medium_large-width":388,"medium_large-height":297,"large":"https:\/\/visionzero.lu\/wp-content\/uploads\/2019\/09\/prevention-1.png","large-width":388,"large-height":297,"1536x1536":"https:\/\/visionzero.lu\/wp-content\/uploads\/2019\/09\/prevention-1.png","1536x1536-width":388,"1536x1536-height":297,"2048x2048":"https:\/\/visionzero.lu\/wp-content\/uploads\/2019\/09\/prevention-1.png","2048x2048-width":388,"2048x2048-height":297}},"title":"Campagne de Sensibilisation \u00ab la d\u00e9pression : parlons-en \u00bb","type_file":"ext","file":false,"url":"http:\/\/www.prevention-depression.lu\/","page":null,"gallery":false,"mediatech_link":null},{"image_page":{"ID":7523,"id":7523,"title":"sante_logo","filename":"sante_logo.png","filesize":41531,"url":"https:\/\/visionzero.lu\/wp-content\/uploads\/2019\/09\/sante_logo.png","link":"https:\/\/visionzero.lu\/de\/links-sst-luxemburg\/sante_logo\/","alt":"","author":"2","description":"","caption":"","name":"sante_logo","status":"inherit","uploaded_to":2095,"date":"2019-09-28 22:23:49","modified":"2019-09-28 22:23:49","menu_order":0,"mime_type":"image\/png","type":"image","subtype":"png","icon":"https:\/\/visionzero.lu\/wp-includes\/images\/media\/default.png","width":388,"height":297,"sizes":{"thumbnail":"https:\/\/visionzero.lu\/wp-content\/uploads\/2019\/09\/sante_logo-150x150.png","thumbnail-width":150,"thumbnail-height":150,"medium":"https:\/\/visionzero.lu\/wp-content\/uploads\/2019\/09\/sante_logo-300x230.png","medium-width":300,"medium-height":230,"medium_large":"https:\/\/visionzero.lu\/wp-content\/uploads\/2019\/09\/sante_logo.png","medium_large-width":388,"medium_large-height":297,"large":"https:\/\/visionzero.lu\/wp-content\/uploads\/2019\/09\/sante_logo.png","large-width":388,"large-height":297,"1536x1536":"https:\/\/visionzero.lu\/wp-content\/uploads\/2019\/09\/sante_logo.png","1536x1536-width":388,"1536x1536-height":297,"2048x2048":"https:\/\/visionzero.lu\/wp-content\/uploads\/2019\/09\/sante_logo.png","2048x2048-width":388,"2048x2048-height":297}},"title":"Direction de la Sant\u00e9 \/ Division de la Sant\u00e9 au Travail et de l'Environnement (DSATE)","type_file":"ext","file":false,"url":"http:\/\/sante.public.lu\/fr\/politique-sante\/ministere-sante\/direction-sante\/div-travail-environnement\/index.html","page":null,"gallery":false,"mediatech_link":null},{"image_page":{"ID":7518,"id":7518,"title":"inspection","filename":"inspection-1.png","filesize":33670,"url":"https:\/\/visionzero.lu\/wp-content\/uploads\/2019\/09\/inspection-1.png","link":"https:\/\/visionzero.lu\/de\/links-sst-luxemburg\/inspection-2\/","alt":"","author":"2","description":"","caption":"","name":"inspection-2","status":"inherit","uploaded_to":2095,"date":"2019-09-28 22:19:22","modified":"2019-09-28 22:19:22","menu_order":0,"mime_type":"image\/png","type":"image","subtype":"png","icon":"https:\/\/visionzero.lu\/wp-includes\/images\/media\/default.png","width":388,"height":297,"sizes":{"thumbnail":"https:\/\/visionzero.lu\/wp-content\/uploads\/2019\/09\/inspection-1-150x150.png","thumbnail-width":150,"thumbnail-height":150,"medium":"https:\/\/visionzero.lu\/wp-content\/uploads\/2019\/09\/inspection-1-300x230.png","medium-width":300,"medium-height":230,"medium_large":"https:\/\/visionzero.lu\/wp-content\/uploads\/2019\/09\/inspection-1.png","medium_large-width":388,"medium_large-height":297,"large":"https:\/\/visionzero.lu\/wp-content\/uploads\/2019\/09\/inspection-1.png","large-width":388,"large-height":297,"1536x1536":"https:\/\/visionzero.lu\/wp-content\/uploads\/2019\/09\/inspection-1.png","1536x1536-width":388,"1536x1536-height":297,"2048x2048":"https:\/\/visionzero.lu\/wp-content\/uploads\/2019\/09\/inspection-1.png","2048x2048-width":388,"2048x2048-height":297}},"title":"Inspection du Travail et des Mines (ITM)","type_file":"ext","file":false,"url":"https:\/\/itm.public.lu\/fr.html","page":null,"gallery":false,"mediatech_link":null},{"image_page":{"ID":7519,"id":7519,"title":"indr","filename":"indr-1.png","filesize":26462,"url":"https:\/\/visionzero.lu\/wp-content\/uploads\/2019\/09\/indr-1.png","link":"https:\/\/visionzero.lu\/de\/links-sst-luxemburg\/indr-3\/","alt":"Institut national pour le d\u00e9veloppement durable et la RSE","author":"2","description":"","caption":"","name":"indr-3","status":"inherit","uploaded_to":2095,"date":"2019-09-28 22:19:30","modified":"2024-03-07 08:44:32","menu_order":0,"mime_type":"image\/png","type":"image","subtype":"png","icon":"https:\/\/visionzero.lu\/wp-includes\/images\/media\/default.png","width":388,"height":297,"sizes":{"thumbnail":"https:\/\/visionzero.lu\/wp-content\/uploads\/2019\/09\/indr-1-150x150.png","thumbnail-width":150,"thumbnail-height":150,"medium":"https:\/\/visionzero.lu\/wp-content\/uploads\/2019\/09\/indr-1-300x230.png","medium-width":300,"medium-height":230,"medium_large":"https:\/\/visionzero.lu\/wp-content\/uploads\/2019\/09\/indr-1.png","medium_large-width":388,"medium_large-height":297,"large":"https:\/\/visionzero.lu\/wp-content\/uploads\/2019\/09\/indr-1.png","large-width":388,"large-height":297,"1536x1536":"https:\/\/visionzero.lu\/wp-content\/uploads\/2019\/09\/indr-1.png","1536x1536-width":388,"1536x1536-height":297,"2048x2048":"https:\/\/visionzero.lu\/wp-content\/uploads\/2019\/09\/indr-1.png","2048x2048-width":388,"2048x2048-height":297}},"title":"Institut National pour le D\u00e9veloppement Durable et la Responsabilit\u00e9 des Entreprises (iNDR)","type_file":"ext","file":false,"url":"https:\/\/indr.lu\/","page":null,"gallery":false,"mediatech_link":null},{"image_page":{"ID":7520,"id":7520,"title":"routiere","filename":"routiere-1.png","filesize":37849,"url":"https:\/\/visionzero.lu\/wp-content\/uploads\/2019\/09\/routiere-1.png","link":"https:\/\/visionzero.lu\/de\/links-sst-luxemburg\/routiere-2\/","alt":"","author":"2","description":"","caption":"","name":"routiere-2","status":"inherit","uploaded_to":2095,"date":"2019-09-28 22:19:37","modified":"2019-09-28 22:19:37","menu_order":0,"mime_type":"image\/png","type":"image","subtype":"png","icon":"https:\/\/visionzero.lu\/wp-includes\/images\/media\/default.png","width":388,"height":297,"sizes":{"thumbnail":"https:\/\/visionzero.lu\/wp-content\/uploads\/2019\/09\/routiere-1-150x150.png","thumbnail-width":150,"thumbnail-height":150,"medium":"https:\/\/visionzero.lu\/wp-content\/uploads\/2019\/09\/routiere-1-300x230.png","medium-width":300,"medium-height":230,"medium_large":"https:\/\/visionzero.lu\/wp-content\/uploads\/2019\/09\/routiere-1.png","medium_large-width":388,"medium_large-height":297,"large":"https:\/\/visionzero.lu\/wp-content\/uploads\/2019\/09\/routiere-1.png","large-width":388,"large-height":297,"1536x1536":"https:\/\/visionzero.lu\/wp-content\/uploads\/2019\/09\/routiere-1.png","1536x1536-width":388,"1536x1536-height":297,"2048x2048":"https:\/\/visionzero.lu\/wp-content\/uploads\/2019\/09\/routiere-1.png","2048x2048-width":388,"2048x2048-height":297}},"title":"La S\u00e9curit\u00e9 Routi\u00e8re","type_file":"ext","file":false,"url":"https:\/\/www.securite-routiere.lu\/","page":null,"gallery":false,"mediatech_link":null},{"image_page":{"ID":7525,"id":7525,"title":"uel_logo copy","filename":"uel_logo-copy.png","filesize":36792,"url":"https:\/\/visionzero.lu\/wp-content\/uploads\/2019\/09\/uel_logo-copy.png","link":"https:\/\/visionzero.lu\/de\/links-sst-luxemburg\/uel_logo-copy\/","alt":"","author":"2","description":"","caption":"","name":"uel_logo-copy","status":"inherit","uploaded_to":2095,"date":"2019-09-28 22:25:06","modified":"2019-09-28 22:25:06","menu_order":0,"mime_type":"image\/png","type":"image","subtype":"png","icon":"https:\/\/visionzero.lu\/wp-includes\/images\/media\/default.png","width":388,"height":297,"sizes":{"thumbnail":"https:\/\/visionzero.lu\/wp-content\/uploads\/2019\/09\/uel_logo-copy-150x150.png","thumbnail-width":150,"thumbnail-height":150,"medium":"https:\/\/visionzero.lu\/wp-content\/uploads\/2019\/09\/uel_logo-copy-300x230.png","medium-width":300,"medium-height":230,"medium_large":"https:\/\/visionzero.lu\/wp-content\/uploads\/2019\/09\/uel_logo-copy.png","medium_large-width":388,"medium_large-height":297,"large":"https:\/\/visionzero.lu\/wp-content\/uploads\/2019\/09\/uel_logo-copy.png","large-width":388,"large-height":297,"1536x1536":"https:\/\/visionzero.lu\/wp-content\/uploads\/2019\/09\/uel_logo-copy.png","1536x1536-width":388,"1536x1536-height":297,"2048x2048":"https:\/\/visionzero.lu\/wp-content\/uploads\/2019\/09\/uel_logo-copy.png","2048x2048-width":388,"2048x2048-height":297}},"title":"Union des Entreprises Luxembourgeoises (UEL)","type_file":"ext","file":false,"url":"https:\/\/www.uel.lu\/","page":null,"gallery":false,"mediatech_link":null}]},"new_layout":false,"grid_landscape":false,"grid_square":{"size_edition_label":false,"num_culomns":4,"small_edition":false,"side_edition_label":false,"big_edition_label":false,"edition_block":""},"grid_campagne":{"title":"","campagnes":null},"partners":{"title":"","type_partners":false},"partners_pick":{"title":"","type_partners":null},"editions":{"title":"","edition":false},"collapse_labels":false,"testimonial_gallery":false,"testimonial_media":{"title":"","media_testimonial":false},"title_gallery":"","gallery":false,"tab_content":{"tab_list":false},"image_text_block_2":{"image":false,"logo":false,"text_description":""}},{"type_content":"subjects_block","text_block":{"text_description":"","logo":false},"image_text_block":{"side_image":false,"text_description":"","image":false,"image_caption":""},"gallery_block":{"title_gallery":"","gallery":null},"images_grid_block":{"title":"","slider":false,"gallery":false,"gallery_de":false,"images_en":false,"button_text":"","button_link":"","zip_file":false,"zip_file_text":""},"documents_block":{"title_block_documents":"","file_document":false},"subject_block":{"title_subject_block":"Zu den internationalen Links","page":[{"image_page":{"ID":8592,"id":8592,"title":"international","filename":"international.png","filesize":32415,"url":"https:\/\/visionzero.lu\/wp-content\/uploads\/2019\/10\/international.png","link":"https:\/\/visionzero.lu\/de\/links-sst-luxemburg\/international\/","alt":"","author":"2","description":"","caption":"","name":"international","status":"inherit","uploaded_to":2095,"date":"2019-10-15 11:38:28","modified":"2019-10-15 11:38:28","menu_order":0,"mime_type":"image\/png","type":"image","subtype":"png","icon":"https:\/\/visionzero.lu\/wp-includes\/images\/media\/default.png","width":388,"height":297,"sizes":{"thumbnail":"https:\/\/visionzero.lu\/wp-content\/uploads\/2019\/10\/international-150x150.png","thumbnail-width":150,"thumbnail-height":150,"medium":"https:\/\/visionzero.lu\/wp-content\/uploads\/2019\/10\/international-300x230.png","medium-width":300,"medium-height":230,"medium_large":"https:\/\/visionzero.lu\/wp-content\/uploads\/2019\/10\/international.png","medium_large-width":388,"medium_large-height":297,"large":"https:\/\/visionzero.lu\/wp-content\/uploads\/2019\/10\/international.png","large-width":388,"large-height":297,"1536x1536":"https:\/\/visionzero.lu\/wp-content\/uploads\/2019\/10\/international.png","1536x1536-width":388,"1536x1536-height":297,"2048x2048":"https:\/\/visionzero.lu\/wp-content\/uploads\/2019\/10\/international.png","2048x2048-width":388,"2048x2048-height":297}},"title":"Internationale Links","type_file":"int","file":false,"url":"","page":"https:\/\/visionzero.lu\/de\/links-sst-international\/","gallery":false,"mediatech_link":null}]},"new_layout":false,"grid_landscape":false,"grid_square":{"size_edition_label":false,"num_culomns":4,"small_edition":false,"side_edition_label":false,"big_edition_label":false,"edition_block":""},"grid_campagne":{"title":"","campagnes":null},"partners":{"title":"","type_partners":false},"partners_pick":{"title":"","type_partners":null},"editions":{"title":"","edition":false},"collapse_labels":false,"testimonial_gallery":false,"testimonial_media":{"title":"","media_testimonial":false},"title_gallery":"","gallery":false,"tab_content":{"tab_list":false},"image_text_block_2":{"image":false,"logo":false,"text_description":""}}]},"_links":{"self":[{"href":"https:\/\/visionzero.lu\/de\/wp-json\/wp\/v2\/pages\/2095","targetHints":{"allow":["GET"]}}],"collection":[{"href":"https:\/\/visionzero.lu\/de\/wp-json\/wp\/v2\/pages"}],"about":[{"href":"https:\/\/visionzero.lu\/de\/wp-json\/wp\/v2\/types\/page"}],"author":[{"embeddable":true,"href":"https:\/\/visionzero.lu\/de\/wp-json\/wp\/v2\/users\/2"}],"replies":[{"embeddable":true,"href":"https:\/\/visionzero.lu\/de\/wp-json\/wp\/v2\/comments?post=2095"}],"version-history":[{"count":0,"href":"https:\/\/visionzero.lu\/de\/wp-json\/wp\/v2\/pages\/2095\/revisions"}],"wp:attachment":[{"href":"https:\/\/visionzero.lu\/de\/wp-json\/wp\/v2\/media?parent=2095"}],"curies":[{"name":"wp","href":"https:\/\/api.w.org\/{rel}","templated":true}]}}