{"id":1977,"date":"2019-07-29T15:39:26","date_gmt":"2019-07-29T13:39:26","guid":{"rendered":"https:\/\/visionzero.lu\/fr\/?page_id=1977"},"modified":"2019-11-11T16:10:14","modified_gmt":"2019-11-11T15:10:14","slug":"citylity","status":"publish","type":"page","link":"https:\/\/visionzero.lu\/de\/prix-sst-2026\/preistraeger-2018\/citylity\/","title":{"rendered":"CityLity"},"content":{"rendered":"<p>Secolux ist ein Kontrollb\u00fcro im Bereich Bauwesen in Luxemburg, das sich zur Aufgabe gemacht hat, die Menschen vor den Folgen von Qualit\u00e4tsproblemen beim Bau, zu sch\u00fctzen. Das Unternehmen verf\u00fcgt \u00fcber eine Abteilung \u201eSicherheits- und Gesundheitsschutzkoordination f\u00fcr tempor\u00e4re und mobile Baustellen\u201c, die sich aus rund zehn Sicherheitskoordinatoren der Gruppen B und C zusammensetzt.<\/p>\n<p>Secolux entwickelt und nutzt in Zusammenarbeit mit City Lity eine mobile Anwendung, die einfach und f\u00fcr alle nutzbar ist und den Namen \u201eCITY LITY\u201c tr\u00e4gt. Die App erm\u00f6glicht es, einen Vorfall, der zu einem Sicherheitsproblem auf der Baustelle f\u00fchrt, augenblicklich zu melden und zu verwalten. Die Software f\u00fcr Baustellensicherheit, die seit September 2017 im Einsatz ist, erm\u00f6glicht die Meldung von Vorf\u00e4llen durch jeden Beteiligten, selbst bei Abwesenheit von Sicherheitsbeauftragten, und reduziert somit die Gef\u00e4hrdungszeit.<\/p>","protected":false},"excerpt":{"rendered":"<p>Secolux ist ein Kontrollb\u00fcro im Bereich Bauwesen in Luxemburg, das sich zur Aufgabe gemacht hat, die Menschen vor den Folgen von Qualit\u00e4tsproblemen beim Bau, zu sch\u00fctzen. Das Unternehmen verf\u00fcgt \u00fcber eine Abteilung \u201eSicherheits- und Gesundheitsschutzkoordination f\u00fcr tempor\u00e4re und mobile Baustellen\u201c, die sich aus rund zehn Sicherheitskoordinatoren der Gruppen B und C zusammensetzt. Secolux entwickelt und [&hellip;]<\/p>\n","protected":false},"author":2,"featured_media":1979,"parent":1950,"menu_order":4,"comment_status":"closed","ping_status":"closed","template":"template-laureats.php","meta":{"_acf_changed":false,"footnotes":""},"class_list":["post-1977","page","type-page","status-publish","has-post-thumbnail","hentry"],"acf":{"subtitle":"Multiplikator","second_description":"<div><strong>Kategorie<\/strong><br \/>\nMultiplikator<\/div>\n<div><\/div>\n<div><strong>Unternehmen<\/strong><br \/>\nSecolux<\/div>\n<div><\/div>\n<div><strong>Website<\/strong><br \/>\n<a href=\"https:\/\/www.groupseco.com\/\" target=\"_blank\" rel=\"noopener\">http:\/\/www.groupseco.com\/en<\/a><\/div>\n"},"_links":{"self":[{"href":"https:\/\/visionzero.lu\/de\/wp-json\/wp\/v2\/pages\/1977","targetHints":{"allow":["GET"]}}],"collection":[{"href":"https:\/\/visionzero.lu\/de\/wp-json\/wp\/v2\/pages"}],"about":[{"href":"https:\/\/visionzero.lu\/de\/wp-json\/wp\/v2\/types\/page"}],"author":[{"embeddable":true,"href":"https:\/\/visionzero.lu\/de\/wp-json\/wp\/v2\/users\/2"}],"replies":[{"embeddable":true,"href":"https:\/\/visionzero.lu\/de\/wp-json\/wp\/v2\/comments?post=1977"}],"version-history":[{"count":0,"href":"https:\/\/visionzero.lu\/de\/wp-json\/wp\/v2\/pages\/1977\/revisions"}],"up":[{"embeddable":true,"href":"https:\/\/visionzero.lu\/de\/wp-json\/wp\/v2\/pages\/1950"}],"wp:featuredmedia":[{"embeddable":true,"href":"https:\/\/visionzero.lu\/de\/wp-json\/wp\/v2\/media\/1979"}],"wp:attachment":[{"href":"https:\/\/visionzero.lu\/de\/wp-json\/wp\/v2\/media?parent=1977"}],"curies":[{"name":"wp","href":"https:\/\/api.w.org\/{rel}","templated":true}]}}