{"id":1974,"date":"2019-07-29T15:36:30","date_gmt":"2019-07-29T13:36:30","guid":{"rendered":"https:\/\/visionzero.lu\/fr\/?page_id=1974"},"modified":"2019-11-11T16:08:20","modified_gmt":"2019-11-11T15:08:20","slug":"scalp-securisation-conteneurs-a-aiguilles-pour-lieux-publics","status":"publish","type":"page","link":"https:\/\/visionzero.lu\/de\/prix-sst-2026\/preistraeger-2018\/scalp-securisation-conteneurs-a-aiguilles-pour-lieux-publics\/","title":{"rendered":"SCALP \u2013 S\u00e9curisation Conteneurs \u00e0 Aiguilles pour Lieux Publics"},"content":{"rendered":"<p>Das Centre Hospitalier de Luxembourg verf\u00fcgt \u00fcber zwei Standorte mit insgesamt rund 2.240 Mitarbeitern und einer Kapazit\u00e4t von 579 Krankenhausbetten. Im Jahr 2016 z\u00e4hlte das CHL fast 30.000 station\u00e4re Krankenhausaufenthalte, 4.200 Tagesaufenthalte und 510.000 ambulante Behandlungen.<\/p>\n<p>Die \u00dcberwachung von Arbeitsunf\u00e4llen zeigte einen Anstieg an Verletzungen des Reinigungspersonal mit Insulinnadeln in \u00f6ffentlich genutzten Toiletten. Diese Nadeln wurden oft auf dem Boden oder in M\u00fclltonnen zur\u00fcckgelassen und stellten somit ein erh\u00f6htes Risiko von Nadelstichen f\u00fcr alle Toilettenbenutzer und insbesondere f\u00fcr das Reinigungspersonal dar. Das Projekt SCALP (Securing Needle Containers for Public Places) l\u00f6ste dieses Problem, indem es transparente, robuste, verschlie\u00dfbare und leicht zu reinigende Nadelbeh\u00e4lter in allen \u00f6ffentlichen Toiletten installierte. Seit der Aufstellung der Container im Juli 2017 gab es keine solche Unf\u00e4lle mehr in den \u00f6ffentlichen Toiletten des CHL.<\/p>","protected":false},"excerpt":{"rendered":"<p>Das Centre Hospitalier de Luxembourg verf\u00fcgt \u00fcber zwei Standorte mit insgesamt rund 2.240 Mitarbeitern und einer Kapazit\u00e4t von 579 Krankenhausbetten. Im Jahr 2016 z\u00e4hlte das CHL fast 30.000 station\u00e4re Krankenhausaufenthalte, 4.200 Tagesaufenthalte und 510.000 ambulante Behandlungen. Die \u00dcberwachung von Arbeitsunf\u00e4llen zeigte einen Anstieg an Verletzungen des Reinigungspersonal mit Insulinnadeln in \u00f6ffentlich genutzten Toiletten. Diese Nadeln [&hellip;]<\/p>\n","protected":false},"author":2,"featured_media":1975,"parent":1950,"menu_order":3,"comment_status":"closed","ping_status":"closed","template":"template-laureats.php","meta":{"_acf_changed":false,"footnotes":""},"class_list":["post-1974","page","type-page","status-publish","has-post-thumbnail","hentry"],"acf":{"subtitle":"Unternehmen > 50 Arbeitnehmern \u2013 Bereich Gesundheitsschutz und Wohlbefinden am Arbeitsplatz","second_description":"<div><strong>Kategorie<\/strong><br \/>\nUnternehmen &gt; 50 Arbeitnehmern \u2013 Bereich Gesundheitsschutz und Wohlbefinden am Arbeitsplatz<\/div>\n<div><\/div>\n<div><strong>Unternehmen<\/strong><br \/>\nCentre Hospitalier de Luxembourg<\/div>\n<div><\/div>\n<div><strong>Website<\/strong><br \/>\n<a href=\"https:\/\/www.chl.lu\/\" target=\"_blank\" rel=\"noopener\">https:\/\/www.chl.lu\/<\/a><\/div>\n"},"_links":{"self":[{"href":"https:\/\/visionzero.lu\/de\/wp-json\/wp\/v2\/pages\/1974","targetHints":{"allow":["GET"]}}],"collection":[{"href":"https:\/\/visionzero.lu\/de\/wp-json\/wp\/v2\/pages"}],"about":[{"href":"https:\/\/visionzero.lu\/de\/wp-json\/wp\/v2\/types\/page"}],"author":[{"embeddable":true,"href":"https:\/\/visionzero.lu\/de\/wp-json\/wp\/v2\/users\/2"}],"replies":[{"embeddable":true,"href":"https:\/\/visionzero.lu\/de\/wp-json\/wp\/v2\/comments?post=1974"}],"version-history":[{"count":0,"href":"https:\/\/visionzero.lu\/de\/wp-json\/wp\/v2\/pages\/1974\/revisions"}],"up":[{"embeddable":true,"href":"https:\/\/visionzero.lu\/de\/wp-json\/wp\/v2\/pages\/1950"}],"wp:featuredmedia":[{"embeddable":true,"href":"https:\/\/visionzero.lu\/de\/wp-json\/wp\/v2\/media\/1975"}],"wp:attachment":[{"href":"https:\/\/visionzero.lu\/de\/wp-json\/wp\/v2\/media?parent=1974"}],"curies":[{"name":"wp","href":"https:\/\/api.w.org\/{rel}","templated":true}]}}