{"id":1970,"date":"2019-07-29T15:33:00","date_gmt":"2019-07-29T13:33:00","guid":{"rendered":"https:\/\/visionzero.lu\/fr\/?page_id=1970"},"modified":"2019-11-11T16:05:40","modified_gmt":"2019-11-11T15:05:40","slug":"c-a-p-s-compagnon-acteur-de-la-prevention-et-de-la-securite","status":"publish","type":"page","link":"https:\/\/visionzero.lu\/de\/prix-sst-2026\/preistraeger-2018\/c-a-p-s-compagnon-acteur-de-la-prevention-et-de-la-securite\/","title":{"rendered":"C.A.P.S. \u2013 Compagnon Acteur de la Pr\u00e9vention et de la S\u00e9curit\u00e9"},"content":{"rendered":"<p>Urspr\u00fcnglich auf \u00f6ffentliche Arbeiten spezialisiert, wie Ingenieurbauwerke auf Autobahnen, ist TRALUX Construction heute ein anerkannter Generalunternehmer, der eine breite Palette von Gewerken beim Bau und bei \u00f6ffentlichen Arbeiten abdeckt, und verschiedene Dienstleistungen auf der Grundlage von spezifischen Angeboten anbietet.<\/p>\n<p>Um die Bauarbeiter selbst in den Arbeitsschutz einzubeziehen, hat TRALUX an allen Standorten die Initiative C.A.P.S. (Compagnon Acteur de la Pr\u00e9vention et de la S\u00e9curit\u00e9) ins Leben gerufen. Der CAPS, der alle 1 oder 2 Wochen vom Bauleiter im Wechsel unter den Arbeitern des Teams benannt wird und eine gr\u00fcne Sicherheitsweste tr\u00e4gt, wird als zus\u00e4tzliches Hilfestellung zur Vermeidung von Sicherheitsrisiken und zum Schutz der Umwelt auf seinem Gel\u00e4nde eingesetzt. CAPS hilft, Risiken und Gefahrensituationen zu erkennen und das Bewusstsein f\u00fcr die eigene Sicherheit zu sch\u00e4rfen.<\/p>","protected":false},"excerpt":{"rendered":"<p>Urspr\u00fcnglich auf \u00f6ffentliche Arbeiten spezialisiert, wie Ingenieurbauwerke auf Autobahnen, ist TRALUX Construction heute ein anerkannter Generalunternehmer, der eine breite Palette von Gewerken beim Bau und bei \u00f6ffentlichen Arbeiten abdeckt, und verschiedene Dienstleistungen auf der Grundlage von spezifischen Angeboten anbietet. Um die Bauarbeiter selbst in den Arbeitsschutz einzubeziehen, hat TRALUX an allen Standorten die Initiative C.A.P.S. [&hellip;]<\/p>\n","protected":false},"author":2,"featured_media":1971,"parent":1950,"menu_order":2,"comment_status":"closed","ping_status":"closed","template":"template-laureats.php","meta":{"_acf_changed":false,"footnotes":""},"class_list":["post-1970","page","type-page","status-publish","has-post-thumbnail","hentry"],"acf":{"subtitle":"Unternehmen > 50 Arbeitnehmer \u2013 Bereich Arbeitsschutz","second_description":"<div><strong>Kategorie<\/strong><br \/>\nUnternehmen &gt; 50 Arbeitnehmer \u2013 Bereich Arbeitsschutz<\/div>\n<div><\/div>\n<div><strong>Unternehmen<\/strong><br \/>\nTRALUX Construction<\/div>\n<div><\/div>\n<div><strong>Website<\/strong><br \/>\n<a href=\"http:\/\/www.tralux.lu\/\" target=\"_blank\" rel=\"noopener\">http:\/\/www.tralux.lu\/<\/a><\/div>\n","actual_inscriptions":"1"},"_links":{"self":[{"href":"https:\/\/visionzero.lu\/de\/wp-json\/wp\/v2\/pages\/1970","targetHints":{"allow":["GET"]}}],"collection":[{"href":"https:\/\/visionzero.lu\/de\/wp-json\/wp\/v2\/pages"}],"about":[{"href":"https:\/\/visionzero.lu\/de\/wp-json\/wp\/v2\/types\/page"}],"author":[{"embeddable":true,"href":"https:\/\/visionzero.lu\/de\/wp-json\/wp\/v2\/users\/2"}],"replies":[{"embeddable":true,"href":"https:\/\/visionzero.lu\/de\/wp-json\/wp\/v2\/comments?post=1970"}],"version-history":[{"count":0,"href":"https:\/\/visionzero.lu\/de\/wp-json\/wp\/v2\/pages\/1970\/revisions"}],"up":[{"embeddable":true,"href":"https:\/\/visionzero.lu\/de\/wp-json\/wp\/v2\/pages\/1950"}],"wp:featuredmedia":[{"embeddable":true,"href":"https:\/\/visionzero.lu\/de\/wp-json\/wp\/v2\/media\/1971"}],"wp:attachment":[{"href":"https:\/\/visionzero.lu\/de\/wp-json\/wp\/v2\/media?parent=1970"}],"curies":[{"name":"wp","href":"https:\/\/api.w.org\/{rel}","templated":true}]}}