{"id":1966,"date":"2019-07-29T15:31:06","date_gmt":"2019-07-29T13:31:06","guid":{"rendered":"https:\/\/visionzero.lu\/fr\/?page_id=1966"},"modified":"2019-11-11T16:03:48","modified_gmt":"2019-11-11T15:03:48","slug":"association-du-treuil-powerseat-avec-le-systeme-de-rail-longspan","status":"publish","type":"page","link":"https:\/\/visionzero.lu\/de\/prix-sst-2026\/preistraeger-2018\/association-du-treuil-powerseat-avec-le-systeme-de-rail-longspan\/","title":{"rendered":"Kombination der \u201ePowerSeat\u201c-Winde und der \u201eLongSpan\u201c-Schiene"},"content":{"rendered":"<p>VTKL ist ein Seilzugangsunternehmen, dessen Kerngesch\u00e4ft die Pflege und der Schutz von Naturr\u00e4umen ist. Das Unternehmen f\u00fchrt Arbeiten in B\u00e4umen, \u00fcber Fl\u00fcssen, auf Klippen und f\u00fcr den Schutz von Raubv\u00f6geln durch. Au\u00dferdem bringt VTKL seine F\u00e4higkeiten in Industrie und Bauwesen ein, und dies f\u00fcr Arbeiten im Bereich Wartung, Instandhaltung, Schutz und Sicherheit.<\/p>\n<p>Das Prinzip des Projektes besteht in der Kombination der \u201ePowerSeat\u201c-Winde und der \u201eLongSpan\u201c-Schiene. Der PowerSeat ist eine motorisierte Winde, die mit einem Rahmen mit Sitz kombiniert ist und es dem Benutzer erm\u00f6glicht, so nah wie m\u00f6glich an den Ankerpunkt heranzukommen. Die LongSpan-Schiene ist ein neues Schienensystem mit schneller und einfacher Montage und hoher Steifigkeit. Die Kombination von Winde und Schiene garantiert h\u00f6chste Arbeitseffizienz (keine Energieverschwendung), sanfte, ungehinderte H\u00f6henbewegungen und erh\u00f6hte Arbeitssicherheit.<\/p>","protected":false},"excerpt":{"rendered":"<p>VTKL ist ein Seilzugangsunternehmen, dessen Kerngesch\u00e4ft die Pflege und der Schutz von Naturr\u00e4umen ist. Das Unternehmen f\u00fchrt Arbeiten in B\u00e4umen, \u00fcber Fl\u00fcssen, auf Klippen und f\u00fcr den Schutz von Raubv\u00f6geln durch. Au\u00dferdem bringt VTKL seine F\u00e4higkeiten in Industrie und Bauwesen ein, und dies f\u00fcr Arbeiten im Bereich Wartung, Instandhaltung, Schutz und Sicherheit. Das Prinzip des [&hellip;]<\/p>\n","protected":false},"author":2,"featured_media":1968,"parent":1950,"menu_order":1,"comment_status":"closed","ping_status":"closed","template":"template-laureats.php","meta":{"_acf_changed":false,"footnotes":""},"class_list":["post-1966","page","type-page","status-publish","has-post-thumbnail","hentry"],"acf":{"subtitle":"Unternehmen \u2264 50 Arbeitnehmer \u2013 Bereich Arbeitsschutz","second_description":"<div><strong>Kategorie<\/strong><br \/>\nUnternehmen \u2264 50 Arbeitnehmer \u2013 Bereich Arbeitsschutz<\/div>\n<div><\/div>\n<div><strong>Unternehmen<\/strong><br \/>\nVTKL Luxembourg<\/div>\n<div><\/div>\n<div><strong>Website<\/strong><br \/>\n<a href=\"http:\/\/www.vtkl.eu\/\" target=\"_blank\" rel=\"noopener\">http:\/\/www.vtkl.eu\/<\/a><\/div>\n"},"_links":{"self":[{"href":"https:\/\/visionzero.lu\/de\/wp-json\/wp\/v2\/pages\/1966","targetHints":{"allow":["GET"]}}],"collection":[{"href":"https:\/\/visionzero.lu\/de\/wp-json\/wp\/v2\/pages"}],"about":[{"href":"https:\/\/visionzero.lu\/de\/wp-json\/wp\/v2\/types\/page"}],"author":[{"embeddable":true,"href":"https:\/\/visionzero.lu\/de\/wp-json\/wp\/v2\/users\/2"}],"replies":[{"embeddable":true,"href":"https:\/\/visionzero.lu\/de\/wp-json\/wp\/v2\/comments?post=1966"}],"version-history":[{"count":0,"href":"https:\/\/visionzero.lu\/de\/wp-json\/wp\/v2\/pages\/1966\/revisions"}],"up":[{"embeddable":true,"href":"https:\/\/visionzero.lu\/de\/wp-json\/wp\/v2\/pages\/1950"}],"wp:featuredmedia":[{"embeddable":true,"href":"https:\/\/visionzero.lu\/de\/wp-json\/wp\/v2\/media\/1968"}],"wp:attachment":[{"href":"https:\/\/visionzero.lu\/de\/wp-json\/wp\/v2\/media?parent=1966"}],"curies":[{"name":"wp","href":"https:\/\/api.w.org\/{rel}","templated":true}]}}