{"id":1950,"date":"2019-07-29T15:09:23","date_gmt":"2019-07-29T13:09:23","guid":{"rendered":"https:\/\/visionzero.lu\/fr\/prix-securite-sante-2\/laureats-2\/"},"modified":"2024-12-19T10:57:15","modified_gmt":"2024-12-19T09:57:15","slug":"laureats-2","status":"publish","type":"page","link":"https:\/\/visionzero.lu\/de\/prix-sst-2026\/preistraeger-2018\/","title":{"rendered":"Arbeits- und Gesundheitsschutzpreis &#8211; Preistr\u00e4ger 2018"},"content":{"rendered":"<p><\/p>\n<h2>Preistr\u00e4ger 2018<\/h2>\n<p>Nachfolgend sind die Preistr\u00e4ger des Nationalen Arbeits- und Gesundheitsschutzpreises 2018 aufgef\u00fchrt. Die Preisverleihung fand am 19. April 2018 im Rahmen des Forums zur Sicherheit und Gesundheit am Arbeitsplatz statt. P\u00e9tillances erhielt ebenfalls den Publikumspreis.<\/p>","protected":false},"excerpt":{"rendered":"<p>Preistr\u00e4ger 2018 Nachfolgend sind die Preistr\u00e4ger des Nationalen Arbeits- und Gesundheitsschutzpreises 2018 aufgef\u00fchrt. Die Preisverleihung fand am 19. April 2018 im Rahmen des Forums zur Sicherheit und Gesundheit am Arbeitsplatz statt. P\u00e9tillances erhielt ebenfalls den Publikumspreis.<\/p>\n","protected":false},"author":2,"featured_media":0,"parent":640,"menu_order":6,"comment_status":"closed","ping_status":"closed","template":"template-laureatsliste.php","meta":{"_acf_changed":false,"footnotes":""},"class_list":["post-1950","page","type-page","status-publish","hentry"],"acf":{"has_subtitle":false,"has_logo_page":false,"size_content":"9","content":false,"header_color":"orange","top_description":"","bottom_description":""},"_links":{"self":[{"href":"https:\/\/visionzero.lu\/de\/wp-json\/wp\/v2\/pages\/1950","targetHints":{"allow":["GET"]}}],"collection":[{"href":"https:\/\/visionzero.lu\/de\/wp-json\/wp\/v2\/pages"}],"about":[{"href":"https:\/\/visionzero.lu\/de\/wp-json\/wp\/v2\/types\/page"}],"author":[{"embeddable":true,"href":"https:\/\/visionzero.lu\/de\/wp-json\/wp\/v2\/users\/2"}],"replies":[{"embeddable":true,"href":"https:\/\/visionzero.lu\/de\/wp-json\/wp\/v2\/comments?post=1950"}],"version-history":[{"count":1,"href":"https:\/\/visionzero.lu\/de\/wp-json\/wp\/v2\/pages\/1950\/revisions"}],"predecessor-version":[{"id":25809,"href":"https:\/\/visionzero.lu\/de\/wp-json\/wp\/v2\/pages\/1950\/revisions\/25809"}],"up":[{"embeddable":true,"href":"https:\/\/visionzero.lu\/de\/wp-json\/wp\/v2\/pages\/640"}],"wp:attachment":[{"href":"https:\/\/visionzero.lu\/de\/wp-json\/wp\/v2\/media?parent=1950"}],"curies":[{"name":"wp","href":"https:\/\/api.w.org\/{rel}","templated":true}]}}