{"id":1940,"date":"2019-07-29T14:47:32","date_gmt":"2019-07-29T12:47:32","guid":{"rendered":"https:\/\/visionzero.lu\/fr\/?page_id=1940"},"modified":"2024-12-19T10:55:43","modified_gmt":"2024-12-19T09:55:43","slug":"laureats","status":"publish","type":"page","link":"https:\/\/visionzero.lu\/de\/prix-sst-2026\/laureats-2020\/","title":{"rendered":"Arbeits- und Gesundheitsschutz Preis &#8211; Preistr\u00e4ger 2020"},"content":{"rendered":"<p>Nachfolgend sind die Preistr\u00e4ger des Nationalen Arbeits- und Gesundheitsschutzpreises 2020 aufgef\u00fchrt.<\/p>","protected":false},"excerpt":{"rendered":"<p>Nachfolgend sind die Preistr\u00e4ger des Nationalen Arbeits- und Gesundheitsschutzpreises 2020 aufgef\u00fchrt.<\/p>\n","protected":false},"author":2,"featured_media":13859,"parent":640,"menu_order":9,"comment_status":"closed","ping_status":"closed","template":"template-laureatsliste.php","meta":{"_acf_changed":false,"footnotes":""},"class_list":["post-1940","page","type-page","status-publish","has-post-thumbnail","hentry"],"acf":{"has_subtitle":false,"has_logo_page":false,"size_content":"9","content":false,"header_color":"orange","top_description":"","bottom_description":""},"_links":{"self":[{"href":"https:\/\/visionzero.lu\/de\/wp-json\/wp\/v2\/pages\/1940","targetHints":{"allow":["GET"]}}],"collection":[{"href":"https:\/\/visionzero.lu\/de\/wp-json\/wp\/v2\/pages"}],"about":[{"href":"https:\/\/visionzero.lu\/de\/wp-json\/wp\/v2\/types\/page"}],"author":[{"embeddable":true,"href":"https:\/\/visionzero.lu\/de\/wp-json\/wp\/v2\/users\/2"}],"replies":[{"embeddable":true,"href":"https:\/\/visionzero.lu\/de\/wp-json\/wp\/v2\/comments?post=1940"}],"version-history":[{"count":1,"href":"https:\/\/visionzero.lu\/de\/wp-json\/wp\/v2\/pages\/1940\/revisions"}],"predecessor-version":[{"id":25805,"href":"https:\/\/visionzero.lu\/de\/wp-json\/wp\/v2\/pages\/1940\/revisions\/25805"}],"up":[{"embeddable":true,"href":"https:\/\/visionzero.lu\/de\/wp-json\/wp\/v2\/pages\/640"}],"wp:featuredmedia":[{"embeddable":true,"href":"https:\/\/visionzero.lu\/de\/wp-json\/wp\/v2\/media\/13859"}],"wp:attachment":[{"href":"https:\/\/visionzero.lu\/de\/wp-json\/wp\/v2\/media?parent=1940"}],"curies":[{"name":"wp","href":"https:\/\/api.w.org\/{rel}","templated":true}]}}