{"id":1885,"date":"2019-07-29T10:59:52","date_gmt":"2019-07-29T08:59:52","guid":{"rendered":"https:\/\/visionzero.lu\/fr\/?page_id=1885"},"modified":"2024-11-25T10:28:04","modified_gmt":"2024-11-25T09:28:04","slug":"demarche-label-sgs","status":"publish","type":"page","link":"https:\/\/visionzero.lu\/de\/label-sgs\/ablauf-3\/","title":{"rendered":"Voraussetzungen"},"content":{"rendered":"<p>Das Label wird denjenigen Unternehmen verliehen, welche die Kriterien eines <a href=\"https:\/\/visionzero.lu\/label-sgs\/questionnaire-en-ligne\/\">Fragebogens<\/a> erf\u00fcllen, dessen erster Teil der Gesetzgebung in Sachen Sicherheit und Gesundheit am Arbeitsplatz gewidmet ist (13 Fragen) und dessen zweiter Teil die verschiedenen Risiken behandelt, die in einem Unternehmen auftreten k\u00f6nnen (28 Fragen). F\u00fcr jede Risikokategorie wird eine Kurzbeschreibung geliefert, welche zum besseren Verst\u00e4ndnis der Fragen seitens der Unternehmen beitr\u00e4gt.<\/p>\n<h4>Ablauf<\/h4>\n<hr style=\"margin-bottom: 20px;\" \/>\n<p>Zwecks Erhalts des Labels m\u00fcssen die Unternehmen folgenderma\u00dfen vorgehen:<\/p>\n<ul>\n<li>Self-check: das Unternehmen beurteilt sich selbst durch Ausf\u00fcllen des Fragebogens.<\/li>\n<li>Schriftliche Verpflichtung der Unternehmensleitung \u2013 Unterzeichnung einer Rahmenvereinbarung zwischen dem Unternehmen und der AAA<\/li>\n<li>Ma\u00dfgeschneiderte Beratung und Begleitung des Unternehmens durch die Mitarbeiter der Pr\u00e4ventionsabteilung der AAA (Analyse des Self-checks, Behebung der M\u00e4ngel und Vorbereitung des Audits)<\/li>\n<li>Durchf\u00fchrung des Audits durch eine unabh\u00e4ngige Stelle; Verleihung des Labels<\/li>\n<li>J\u00e4hrliche Durchf\u00fchrung eines erneuten Teil-Audits und alle 3 Jahre Durchf\u00fchrung eines vollst\u00e4ndigen Audits<\/li>\n<\/ul>\n<p>&nbsp;<\/p>\n<p><strong>Anmerkung:<\/strong> Das Label kann wieder aberkannt werden, wenn das Unternehmen die Bedingungen des Fragebogens nicht mehr erf\u00fcllt bzw. im Falle eines schweren Arbeitsunfalls oder im Falle einer Berufskrankheit, f\u00fcr deren Auftreten das Unternehmen nachweislich die Verantwortung tr\u00e4gt.<\/p>\n<p>Um die Zertifizierung durch das Label zu erhalten, m\u00fcssen die Fragen in Bezug auf die Gesetzgebung zu 100%, und die bez\u00fcglich der verschiedenen im Unternehmen auftretenden Risiken mindestens zu 75 % bejaht werden (zumindest bei der Erstzertifizierung, wobei das Ziel darin besteht, nach 3 Jahren 100 % zu erreichen).<\/p>\n<h4>Vorteile des Labels<\/h4>\n<hr \/>\n<ul>\n<li>F\u00f6rderung der Sicherheit und Gesundheit am Arbeitsplatz<\/li>\n<li>Ma\u00dfgeschneiderte Beratung und Begleitung des Unternehmens im Hinblick auf ein effizientes Management der Sicherheit und Gesundheit am Arbeitsplatz<\/li>\n<li>Steigerung der Motivation der Mitarbeiter<\/li>\n<li>Verbesserung der Sicherheit und Gesundheit am Arbeitsplatz und Reduzierung der Anzahl von Arbeitsunf\u00e4llen und Berufskrankheiten<\/li>\n<li>Reduzierung der durch Arbeitsunf\u00e4lle und Berufskrankheiten bedingten Kosten und Fehlzeiten<\/li>\n<li>Qualit\u00e4tsimage in Sachen Sicherheit und Gesundheit am Arbeitsplatz<\/li>\n<li>Positive Darstellung des Unternehmens dank verschiedener Medien (Kommunikation des Unternehmens, Internetseite www.visionzero.lu, Forum zum Arbeits- und Gesundheitsschutz usw.)<\/li>\n<\/ul>\n<p>&nbsp;<\/p>\n<h4><\/h4>\n<h4>Rahmenvereinbarung<\/h4>\n<hr \/>\n<p>Um das Qualit\u00e4tslabel zu erhalten, verpflichtet sich das Unternehmen, intern eine Kultur im Bereich der Sicherheit und Gesundheit am Arbeitsplatz aufzubauen, zu f\u00f6rdern und aufrechtzuerhalten, die auf dem Konzept des Labels \u201eS\u00e9cher a Gesond mat System\u201c basiert. Im Gegenzug verpflichtet sich die AAA im Rahmen des Konzepts des Labels \u201eS\u00e9cher a Gesond mat System\u201c, das Unternehmen w\u00e4hrend der Vorbereitungszeit auf das Zertifizierungs-Audit zu beraten.<\/p>\n<p>Die Modalit\u00e4ten f\u00fcr den Erhalt des Labels \u201eS\u00e9cher a Gesond mat System\u201c werden durch eine <a href=\"https:\/\/visionzero.lu\/wp-content\/uploads\/2019\/07\/Accord_Cadre_Entreprises-1.pdf\" target=\"_blank\" rel=\"noopener noreferrer\">Rahmenvereinbarung<\/a>\u00a0zwischen dem Unternehmen und der AAA festgelegt.<\/p>\n<h4><\/h4>\n<h4><\/h4>\n<h4>Zertifizierungs-Audit<\/h4>\n<hr \/>\n<p>Liste der von der AAA mit der Durchf\u00fchrung von Zertifizierungs-Audits im Rahmen des Labels \u201eS\u00e9cher a Gesond mat System\u201c beauftragten Unternehmen:<\/p>\n<ul>\n<li>2R Management Luxembourg<\/li>\n<li>Escem<\/li>\n<li>Intraco Consulting<\/li>\n<li>JLB Consultant<\/li>\n<li>Labyrinth<\/li>\n<li>Luxcontrol<\/li>\n<li>Vin\u00e7otte Luxembourg<\/li>\n<\/ul>\n<p>Die Durchf\u00fchrung der Zertifizierungs-Audits erfolgt im direkten Kontakt mit dem von der AAA angegebenen Unternehmen.<\/p>\n<h4><\/h4>\n<h4><\/h4>\n<h4>Kontakt<\/h4>\n<hr \/>\n<p>Association d\u2019assurance accident (AAA)<br \/>\nPr\u00e4ventionsabteilung<br \/>\nTel: 26 19 15 \u2013 2201<br \/>\nE-Mail: <a href=\"mailto:prevention.aaa@secu.lu\">prevention.aaa@secu.lu<\/a><\/p>","protected":false},"excerpt":{"rendered":"<p>Das Label wird denjenigen Unternehmen verliehen, welche die Kriterien eines Fragebogens erf\u00fcllen, dessen erster Teil der Gesetzgebung in Sachen Sicherheit und Gesundheit am Arbeitsplatz gewidmet ist (13 Fragen) und dessen zweiter Teil die verschiedenen Risiken behandelt, die in einem Unternehmen auftreten k\u00f6nnen (28 Fragen). F\u00fcr jede Risikokategorie wird eine Kurzbeschreibung geliefert, welche zum besseren Verst\u00e4ndnis [&hellip;]<\/p>\n","protected":false},"author":1,"featured_media":0,"parent":292,"menu_order":0,"comment_status":"closed","ping_status":"closed","template":"","meta":{"_acf_changed":false,"footnotes":""},"class_list":["post-1885","page","type-page","status-publish","hentry"],"acf":{"has_subtitle":false,"gray_line":false,"subtitle":"D\u00e9marche","has_logo_page":true,"size_content":"12","content":false,"logo_page":"https:\/\/visionzero.lu\/wp-content\/uploads\/2022\/05\/RVB_SST_Label.png","header_color":"purple"},"_links":{"self":[{"href":"https:\/\/visionzero.lu\/de\/wp-json\/wp\/v2\/pages\/1885","targetHints":{"allow":["GET"]}}],"collection":[{"href":"https:\/\/visionzero.lu\/de\/wp-json\/wp\/v2\/pages"}],"about":[{"href":"https:\/\/visionzero.lu\/de\/wp-json\/wp\/v2\/types\/page"}],"author":[{"embeddable":true,"href":"https:\/\/visionzero.lu\/de\/wp-json\/wp\/v2\/users\/1"}],"replies":[{"embeddable":true,"href":"https:\/\/visionzero.lu\/de\/wp-json\/wp\/v2\/comments?post=1885"}],"version-history":[{"count":3,"href":"https:\/\/visionzero.lu\/de\/wp-json\/wp\/v2\/pages\/1885\/revisions"}],"predecessor-version":[{"id":25587,"href":"https:\/\/visionzero.lu\/de\/wp-json\/wp\/v2\/pages\/1885\/revisions\/25587"}],"up":[{"embeddable":true,"href":"https:\/\/visionzero.lu\/de\/wp-json\/wp\/v2\/pages\/292"}],"wp:attachment":[{"href":"https:\/\/visionzero.lu\/de\/wp-json\/wp\/v2\/media?parent=1885"}],"curies":[{"name":"wp","href":"https:\/\/api.w.org\/{rel}","templated":true}]}}