{"id":17,"date":"2021-07-01T09:08:38","date_gmt":"2021-07-01T07:08:38","guid":{"rendered":"https:\/\/visionzero.lu\/?page_id=17"},"modified":"2026-04-09T16:10:00","modified_gmt":"2026-04-09T14:10:00","slug":"accueil","status":"publish","type":"page","link":"https:\/\/visionzero.lu\/de\/","title":{"rendered":"Startseite"},"content":{"rendered":"","protected":false},"excerpt":{"rendered":"","protected":false},"author":1,"featured_media":19,"parent":0,"menu_order":20,"comment_status":"closed","ping_status":"closed","template":"template-homepage.php","meta":{"_acf_changed":false,"footnotes":""},"class_list":["post-17","page","type-page","status-publish","has-post-thumbnail","hentry"],"acf":{"subtitle":"","content":[{"type_content":"slider","slider":[{"title":"Kampagne Verkehrssicherheit im Betrieb - Kleinen Einschr\u00e4nkungen","description":"<p>Die Kleidung beim Anlegen des Sicherheitsgurts zerknittern, einen Anruf ignorieren, weil man gerade Auto f\u00e4hrt, ein Glas Alkohol in geselliger Runde ablehnen\u2026 Diese Gesten, die einschr\u00e4nkend erscheinen m\u00f6gen, retten Leben.<\/p>\n<p>Mit \u201e<strong>Kleinen Einschr\u00e4nkungen<\/strong>\u201d illustriert die neue <strong>Kampagne Verkehrssicherheit im Betrieb<\/strong> mit <strong>Humor und Realismus<\/strong> diese allt\u00e4glichen Situationen, in denen sich jeder wiedererkennen kann.<\/p>\n<p>Engagieren Sie sich f\u00fcr die Verkehrssicherheit Ihrer Mitarbeiter!<\/p>\n","page_link":"https:\/\/visionzero.lu\/de\/verkehrssicherheit\/","secondary_link_text":"","secondary_link":"https:\/\/visionzero.lu\/de\/verkehrssicherheit\/","image":{"ID":26841,"id":26841,"title":"01569_AAA_SRT_C1_Slider_DE-900x650px-v1","filename":"01569_AAA_SRT_C1_Slider_DE-900x650px-v1.png","filesize":1564367,"url":"https:\/\/visionzero.lu\/wp-content\/uploads\/2026\/02\/01569_AAA_SRT_C1_Slider_DE-900x650px-v1.png","link":"https:\/\/visionzero.lu\/de\/startseite-2\/01569_aaa_srt_c1_slider_de-900x650px-v1\/","alt":"","author":"469","description":"","caption":"","name":"01569_aaa_srt_c1_slider_de-900x650px-v1","status":"inherit","uploaded_to":17,"date":"2026-02-24 10:10:17","modified":"2026-02-24 10:10:17","menu_order":0,"mime_type":"image\/png","type":"image","subtype":"png","icon":"https:\/\/visionzero.lu\/wp-includes\/images\/media\/default.png","width":1875,"height":1354,"sizes":{"thumbnail":"https:\/\/visionzero.lu\/wp-content\/uploads\/2026\/02\/01569_AAA_SRT_C1_Slider_DE-900x650px-v1-150x150.png","thumbnail-width":150,"thumbnail-height":150,"medium":"https:\/\/visionzero.lu\/wp-content\/uploads\/2026\/02\/01569_AAA_SRT_C1_Slider_DE-900x650px-v1-300x217.png","medium-width":300,"medium-height":217,"medium_large":"https:\/\/visionzero.lu\/wp-content\/uploads\/2026\/02\/01569_AAA_SRT_C1_Slider_DE-900x650px-v1-768x555.png","medium_large-width":640,"medium_large-height":463,"large":"https:\/\/visionzero.lu\/wp-content\/uploads\/2026\/02\/01569_AAA_SRT_C1_Slider_DE-900x650px-v1-1024x739.png","large-width":640,"large-height":462,"1536x1536":"https:\/\/visionzero.lu\/wp-content\/uploads\/2026\/02\/01569_AAA_SRT_C1_Slider_DE-900x650px-v1-1536x1109.png","1536x1536-width":1536,"1536x1536-height":1109,"2048x2048":"https:\/\/visionzero.lu\/wp-content\/uploads\/2026\/02\/01569_AAA_SRT_C1_Slider_DE-900x650px-v1.png","2048x2048-width":1875,"2048x2048-height":1354}}},{"title":"VISION ZERO Award","description":"<p>Die AAA wurde auf dem 23. Weltkongress f\u00fcr Sicherheit und Gesundheit bei der Arbeit in Sydney, Australien, im November 2023 mit dem Vision Zero Award ausgezeichnet!<\/p>\n","page_link":"https:\/\/visionzero.lu\/de\/vison-zero-award-2023\/","secondary_link_text":"","secondary_link":"","image":{"ID":23284,"id":23284,"title":"VZ Award - 2023 - DE","filename":"VZ-Award-2023-DE.png","filesize":548654,"url":"https:\/\/visionzero.lu\/wp-content\/uploads\/2024\/02\/VZ-Award-2023-DE.png","link":"https:\/\/visionzero.lu\/de\/startseite-2\/vz-award-2023-de\/","alt":"","author":"423","description":"","caption":"","name":"vz-award-2023-de","status":"inherit","uploaded_to":17,"date":"2024-02-29 09:43:12","modified":"2024-02-29 09:48:10","menu_order":0,"mime_type":"image\/png","type":"image","subtype":"png","icon":"https:\/\/visionzero.lu\/wp-includes\/images\/media\/default.png","width":1250,"height":650,"sizes":{"thumbnail":"https:\/\/visionzero.lu\/wp-content\/uploads\/2024\/02\/VZ-Award-2023-DE-150x150.png","thumbnail-width":150,"thumbnail-height":150,"medium":"https:\/\/visionzero.lu\/wp-content\/uploads\/2024\/02\/VZ-Award-2023-DE-300x156.png","medium-width":300,"medium-height":156,"medium_large":"https:\/\/visionzero.lu\/wp-content\/uploads\/2024\/02\/VZ-Award-2023-DE-768x399.png","medium_large-width":640,"medium_large-height":333,"large":"https:\/\/visionzero.lu\/wp-content\/uploads\/2024\/02\/VZ-Award-2023-DE-1024x532.png","large-width":640,"large-height":333,"1536x1536":"https:\/\/visionzero.lu\/wp-content\/uploads\/2024\/02\/VZ-Award-2023-DE.png","1536x1536-width":1250,"1536x1536-height":650,"2048x2048":"https:\/\/visionzero.lu\/wp-content\/uploads\/2024\/02\/VZ-Award-2023-DE.png","2048x2048-width":1250,"2048x2048-height":650}}}],"documentation_elements":null},{"type_content":"documentation","slider":[{"title":"Forum 2024","description":"<p>Die Anmeldungen f\u00fcr Besucher und Aussteller des Forums f\u00fcr des Forum f\u00fcr Arbeits-und Gesundheitsschutz im Messeformat am 15. Mai 2024 in LUXEXPO THE BOX sind ab sofort m\u00f6glich.<\/p>\n","page_link":"https:\/\/visionzero.lu\/de\/forum-sst\/","secondary_link_text":"","secondary_link":"","image":{"ID":22753,"id":22753,"title":"Slider Site VZ -Forum SST - 2024 - DE","filename":"Slider-Site-VZ-Forum-SST-2024-DE.png","filesize":341710,"url":"https:\/\/visionzero.lu\/wp-content\/uploads\/2024\/02\/Slider-Site-VZ-Forum-SST-2024-DE.png","link":"https:\/\/visionzero.lu\/de\/startseite-2\/slider-site-vz-forum-sst-2024-de\/","alt":"","author":"423","description":"","caption":"","name":"slider-site-vz-forum-sst-2024-de","status":"inherit","uploaded_to":17,"date":"2024-02-06 13:47:59","modified":"2024-02-06 13:48:51","menu_order":0,"mime_type":"image\/png","type":"image","subtype":"png","icon":"https:\/\/visionzero.lu\/wp-includes\/images\/media\/default.png","width":1250,"height":650,"sizes":{"thumbnail":"https:\/\/visionzero.lu\/wp-content\/uploads\/2024\/02\/Slider-Site-VZ-Forum-SST-2024-DE-150x150.png","thumbnail-width":150,"thumbnail-height":150,"medium":"https:\/\/visionzero.lu\/wp-content\/uploads\/2024\/02\/Slider-Site-VZ-Forum-SST-2024-DE-300x156.png","medium-width":300,"medium-height":156,"medium_large":"https:\/\/visionzero.lu\/wp-content\/uploads\/2024\/02\/Slider-Site-VZ-Forum-SST-2024-DE-768x399.png","medium_large-width":640,"medium_large-height":333,"large":"https:\/\/visionzero.lu\/wp-content\/uploads\/2024\/02\/Slider-Site-VZ-Forum-SST-2024-DE-1024x532.png","large-width":640,"large-height":333,"1536x1536":"https:\/\/visionzero.lu\/wp-content\/uploads\/2024\/02\/Slider-Site-VZ-Forum-SST-2024-DE.png","1536x1536-width":1250,"1536x1536-height":650,"2048x2048":"https:\/\/visionzero.lu\/wp-content\/uploads\/2024\/02\/Slider-Site-VZ-Forum-SST-2024-DE.png","2048x2048-width":1250,"2048x2048-height":650}}},{"title":"VISION ZERO Award","description":"<p>Die AAA wurde auf dem 23. Weltkongress f\u00fcr Sicherheit und Gesundheit bei der Arbeit in Sydney, Australien, im November 2023 mit dem Vision Zero Award ausgezeichnet!<\/p>\n","page_link":"https:\/\/visionzero.lu\/de\/vison-zero-award-2023\/","secondary_link_text":"","secondary_link":"","image":{"ID":23284,"id":23284,"title":"VZ Award - 2023 - DE","filename":"VZ-Award-2023-DE.png","filesize":548654,"url":"https:\/\/visionzero.lu\/wp-content\/uploads\/2024\/02\/VZ-Award-2023-DE.png","link":"https:\/\/visionzero.lu\/de\/startseite-2\/vz-award-2023-de\/","alt":"","author":"423","description":"","caption":"","name":"vz-award-2023-de","status":"inherit","uploaded_to":17,"date":"2024-02-29 09:43:12","modified":"2024-02-29 09:48:10","menu_order":0,"mime_type":"image\/png","type":"image","subtype":"png","icon":"https:\/\/visionzero.lu\/wp-includes\/images\/media\/default.png","width":1250,"height":650,"sizes":{"thumbnail":"https:\/\/visionzero.lu\/wp-content\/uploads\/2024\/02\/VZ-Award-2023-DE-150x150.png","thumbnail-width":150,"thumbnail-height":150,"medium":"https:\/\/visionzero.lu\/wp-content\/uploads\/2024\/02\/VZ-Award-2023-DE-300x156.png","medium-width":300,"medium-height":156,"medium_large":"https:\/\/visionzero.lu\/wp-content\/uploads\/2024\/02\/VZ-Award-2023-DE-768x399.png","medium_large-width":640,"medium_large-height":333,"large":"https:\/\/visionzero.lu\/wp-content\/uploads\/2024\/02\/VZ-Award-2023-DE-1024x532.png","large-width":640,"large-height":333,"1536x1536":"https:\/\/visionzero.lu\/wp-content\/uploads\/2024\/02\/VZ-Award-2023-DE.png","1536x1536-width":1250,"1536x1536-height":650,"2048x2048":"https:\/\/visionzero.lu\/wp-content\/uploads\/2024\/02\/VZ-Award-2023-DE.png","2048x2048-width":1250,"2048x2048-height":650}}},{"title":"Neue Ausgabe - R02: Sicherer Umgang mit Arbeitsmaschinen - Empfehlungen zur Unfallverh\u00fctung","description":"<p>Neue Ausgabe der Pr\u00e4ventionsempfehlung &#8222;R02 Sicherer Umgang mit Arbeitsmaschinen &#8211; Empfehlungen zur Unfallverh\u00fctung&#8220;. Es wurden u.a. Anpassungen bei den praktischen Schulungen vorgenommen und ein zus\u00e4tzliches Modul f\u00fcr landwirtschaftliche Traktoren ausgearbeitet.<\/p>\n","page_link":"https:\/\/visionzero.lu\/de\/?post_type=mediatech&p=14470","secondary_link_text":"","secondary_link":"","image":{"ID":21808,"id":21808,"title":"Slider Site VZ - R02 - 2023 - DE","filename":"Slider-Site-VZ-R02-2023-DE.png","filesize":466472,"url":"https:\/\/visionzero.lu\/wp-content\/uploads\/2023\/12\/Slider-Site-VZ-R02-2023-DE.png","link":"https:\/\/visionzero.lu\/de\/startseite-2\/slider-site-vz-r02-2023-de\/","alt":"","author":"6","description":"","caption":"","name":"slider-site-vz-r02-2023-de","status":"inherit","uploaded_to":17,"date":"2023-12-04 15:07:19","modified":"2023-12-04 15:11:38","menu_order":0,"mime_type":"image\/png","type":"image","subtype":"png","icon":"https:\/\/visionzero.lu\/wp-includes\/images\/media\/default.png","width":1250,"height":650,"sizes":{"thumbnail":"https:\/\/visionzero.lu\/wp-content\/uploads\/2023\/12\/Slider-Site-VZ-R02-2023-DE-150x150.png","thumbnail-width":150,"thumbnail-height":150,"medium":"https:\/\/visionzero.lu\/wp-content\/uploads\/2023\/12\/Slider-Site-VZ-R02-2023-DE-300x156.png","medium-width":300,"medium-height":156,"medium_large":"https:\/\/visionzero.lu\/wp-content\/uploads\/2023\/12\/Slider-Site-VZ-R02-2023-DE-768x399.png","medium_large-width":640,"medium_large-height":333,"large":"https:\/\/visionzero.lu\/wp-content\/uploads\/2023\/12\/Slider-Site-VZ-R02-2023-DE-1024x532.png","large-width":640,"large-height":333,"1536x1536":"https:\/\/visionzero.lu\/wp-content\/uploads\/2023\/12\/Slider-Site-VZ-R02-2023-DE.png","1536x1536-width":1250,"1536x1536-height":650,"2048x2048":"https:\/\/visionzero.lu\/wp-content\/uploads\/2023\/12\/Slider-Site-VZ-R02-2023-DE.png","2048x2048-width":1250,"2048x2048-height":650}}},{"title":"Neue Phase der VISION ZERO Medienkampagne","description":"<p>Entdecken Sie die neue Phase der VISION ZERO Medienkampagne.<\/p>\n","page_link":"https:\/\/visionzero.lu\/de\/medienkampagne\/","secondary_link_text":"","secondary_link":"","image":{"ID":21619,"id":21619,"title":"Slider Site VZ - Campagne trajet 2023","filename":"Slider-Site-VZ-Campagne-trajet-2023.png","filesize":422133,"url":"https:\/\/visionzero.lu\/wp-content\/uploads\/2023\/08\/Slider-Site-VZ-Campagne-trajet-2023.png","link":"https:\/\/visionzero.lu\/de\/startseite-2\/slider-site-vz-campagne-trajet-2023\/","alt":"","author":"6","description":"","caption":"","name":"slider-site-vz-campagne-trajet-2023","status":"inherit","uploaded_to":17,"date":"2023-08-29 13:25:37","modified":"2023-08-29 13:27:16","menu_order":0,"mime_type":"image\/png","type":"image","subtype":"png","icon":"https:\/\/visionzero.lu\/wp-includes\/images\/media\/default.png","width":1250,"height":650,"sizes":{"thumbnail":"https:\/\/visionzero.lu\/wp-content\/uploads\/2023\/08\/Slider-Site-VZ-Campagne-trajet-2023-150x150.png","thumbnail-width":150,"thumbnail-height":150,"medium":"https:\/\/visionzero.lu\/wp-content\/uploads\/2023\/08\/Slider-Site-VZ-Campagne-trajet-2023-300x156.png","medium-width":300,"medium-height":156,"medium_large":"https:\/\/visionzero.lu\/wp-content\/uploads\/2023\/08\/Slider-Site-VZ-Campagne-trajet-2023-768x399.png","medium_large-width":640,"medium_large-height":333,"large":"https:\/\/visionzero.lu\/wp-content\/uploads\/2023\/08\/Slider-Site-VZ-Campagne-trajet-2023-1024x532.png","large-width":640,"large-height":333,"1536x1536":"https:\/\/visionzero.lu\/wp-content\/uploads\/2023\/08\/Slider-Site-VZ-Campagne-trajet-2023.png","1536x1536-width":1250,"1536x1536-height":650,"2048x2048":"https:\/\/visionzero.lu\/wp-content\/uploads\/2023\/08\/Slider-Site-VZ-Campagne-trajet-2023.png","2048x2048-width":1250,"2048x2048-height":650}}},{"title":"Nationale Strategie VISION ZERO 2023 - 2030","description":"<p>Schlie\u00dfen Sie sich der neuen Phase der VISION ZERO-Strategie an, die von der luxemburgischen Regierung unterst\u00fctzt wird und deren Ziel es ist, die Bem\u00fchungen im Bereich Arbeits- und Gesundheitsschutz fortzusetzen und besondere Anstrengungen in Risikosektoren zu unternehmen.<\/p>\n","page_link":"https:\/\/visionzero.lu\/de\/nationale-strategie-vision-zero\/","secondary_link_text":"","secondary_link":"","image":{"ID":17154,"id":17154,"title":"DE- Slider Site VZ - Strat\u00e9gie VZ 2023 - 2030","filename":"DE-Slider-Site-VZ-Strategie-VZ-2023-2030.png","filesize":123550,"url":"https:\/\/visionzero.lu\/wp-content\/uploads\/2022\/10\/DE-Slider-Site-VZ-Strategie-VZ-2023-2030.png","link":"https:\/\/visionzero.lu\/de\/startseite-2\/de-slider-site-vz-strategie-vz-2023-2030\/","alt":"","author":"6","description":"","caption":"","name":"de-slider-site-vz-strategie-vz-2023-2030","status":"inherit","uploaded_to":17,"date":"2022-10-25 13:23:30","modified":"2022-10-25 13:56:18","menu_order":0,"mime_type":"image\/png","type":"image","subtype":"png","icon":"https:\/\/visionzero.lu\/wp-includes\/images\/media\/default.png","width":1250,"height":650,"sizes":{"thumbnail":"https:\/\/visionzero.lu\/wp-content\/uploads\/2022\/10\/DE-Slider-Site-VZ-Strategie-VZ-2023-2030-150x150.png","thumbnail-width":150,"thumbnail-height":150,"medium":"https:\/\/visionzero.lu\/wp-content\/uploads\/2022\/10\/DE-Slider-Site-VZ-Strategie-VZ-2023-2030-300x156.png","medium-width":300,"medium-height":156,"medium_large":"https:\/\/visionzero.lu\/wp-content\/uploads\/2022\/10\/DE-Slider-Site-VZ-Strategie-VZ-2023-2030-768x399.png","medium_large-width":640,"medium_large-height":333,"large":"https:\/\/visionzero.lu\/wp-content\/uploads\/2022\/10\/DE-Slider-Site-VZ-Strategie-VZ-2023-2030-1024x532.png","large-width":640,"large-height":333,"1536x1536":"https:\/\/visionzero.lu\/wp-content\/uploads\/2022\/10\/DE-Slider-Site-VZ-Strategie-VZ-2023-2030.png","1536x1536-width":1250,"1536x1536-height":650,"2048x2048":"https:\/\/visionzero.lu\/wp-content\/uploads\/2022\/10\/DE-Slider-Site-VZ-Strategie-VZ-2023-2030.png","2048x2048-width":1250,"2048x2048-height":650}}}],"documentation_elements":[{"ID":22057,"post_author":"6","post_date":"2024-01-09 14:26:45","post_date_gmt":"2024-01-09 13:26:45","post_content":"","post_title":"Sch\u00fcttgut auf Kipperfahrzeugen","post_excerpt":"","post_status":"publish","comment_status":"closed","ping_status":"closed","post_password":"","post_name":"le-vrac-sur-camion-benne","to_ping":"","pinged":"","post_modified":"2024-01-09 14:27:15","post_modified_gmt":"2024-01-09 13:27:15","post_content_filtered":"","post_parent":0,"guid":"https:\/\/visionzero.lu\/fr\/?post_type=mediatech&#038;p=22057","menu_order":0,"post_type":"mediatech","post_mime_type":"","comment_count":"0","filter":"raw","post_title_ml":"[:fr]Le vrac sur camion benne[:de]Sch\u00fcttgut auf Kipperfahrzeugen[:en]Bulk on tipper trucks[:]","post_title_langs":{"fr":true,"de":true,"en":true}},{"ID":19935,"post_author":"6","post_date":"2023-02-16 08:11:43","post_date_gmt":"2023-02-16 07:11:43","post_content":"","post_title":"VISION ZERO-Strategie 2023 \u2013 2030","post_excerpt":"","post_status":"draft","comment_status":"closed","ping_status":"closed","post_password":"","post_name":"strategie-vision-zero-2023-2030","to_ping":"","pinged":"","post_modified":"2026-04-14 13:24:07","post_modified_gmt":"2026-04-14 11:24:07","post_content_filtered":"","post_parent":0,"guid":"https:\/\/visionzero.lu\/fr\/?post_type=mediatech&#038;p=19935","menu_order":0,"post_type":"mediatech","post_mime_type":"","comment_count":"0","filter":"raw","post_title_ml":"[:fr]Strat\u00e9gie VISION ZERO 2023 - 2030[:de]VISION ZERO-Strategie 2023 \u2013 2030[:en]VISION ZERO 2023 - 2030 strategy[:]","post_title_langs":{"fr":true,"de":true,"en":true}},{"ID":5574,"post_author":"1","post_date":"2019-08-12 11:49:39","post_date_gmt":"2019-08-12 09:49:39","post_content":"Leitfaden 7 Goldene Regeln - F\u00fcr gesunde Arbeit ohne Unf\u00e4lle","post_title":"Leitfaden 7 Goldene Regeln - F\u00fcr gesunde Arbeit ohne Unf\u00e4lle","post_excerpt":"","post_status":"publish","comment_status":"closed","ping_status":"closed","post_password":"","post_name":"guide-7-regles-dor-pour-un-travail-sain-et-sans-accidents","to_ping":"","pinged":"","post_modified":"2020-02-19 10:56:44","post_modified_gmt":"2020-02-19 09:56:44","post_content_filtered":"","post_parent":0,"guid":"https:\/\/visionzero.lu\/fr\/mediatech\/guide-7-regles-dor-pour-un-travail-sain-et-sans-accidents\/","menu_order":0,"post_type":"mediatech","post_mime_type":"","comment_count":"0","filter":"raw","post_content_ml":"[:fr]Guide 7 r\u00e8gles d\u2019or \u2013 pour un travail sain et sans accidents[:de]Leitfaden 7 Goldene Regeln - F\u00fcr gesunde Arbeit ohne Unf\u00e4lle[:en]Guide 7 Golden Rules - for zero accidents and healthy work[:]","post_content_langs":{"fr":true,"de":true,"en":true},"post_title_ml":"[:fr]Guide 7 r\u00e8gles d\u2019or \u2013 pour un travail sain et sans accidents[:de]Leitfaden 7 Goldene Regeln - F\u00fcr gesunde Arbeit ohne Unf\u00e4lle[:en]Guide 7 Golden Rules - for zero accidents and healthy work[:]","post_title_langs":{"fr":true,"de":true,"en":true}}]}],"strategy":{"title":"Nationale Strategie VISION ZERO","description":"Die nationale Strategie VISION ZERO verfolgt einen gemeinsamen und integrierten Ansatz mit dem Ziel, die Anzahl und die Schwere von Arbeitsunf\u00e4llen, Wegeunf\u00e4llen und Berufskrankheiten in Luxemburg zu reduzieren. Diese Strategie ist der Ausdruck des solidarischen Willens der nationalen Partner, der Sicherheit und Gesundheit am Arbeitsplatz eine neue Dynamik zu verleihen und alle Beteiligten auf der Ebene der Arbeitgeber und Arbeitnehmer zu mobilisieren.","link":"https:\/\/visionzero.lu\/de\/nationale-strategie-vision-zero\/"},"header_color":"blue"},"_links":{"self":[{"href":"https:\/\/visionzero.lu\/de\/wp-json\/wp\/v2\/pages\/17","targetHints":{"allow":["GET"]}}],"collection":[{"href":"https:\/\/visionzero.lu\/de\/wp-json\/wp\/v2\/pages"}],"about":[{"href":"https:\/\/visionzero.lu\/de\/wp-json\/wp\/v2\/types\/page"}],"author":[{"embeddable":true,"href":"https:\/\/visionzero.lu\/de\/wp-json\/wp\/v2\/users\/1"}],"replies":[{"embeddable":true,"href":"https:\/\/visionzero.lu\/de\/wp-json\/wp\/v2\/comments?post=17"}],"version-history":[{"count":96,"href":"https:\/\/visionzero.lu\/de\/wp-json\/wp\/v2\/pages\/17\/revisions"}],"predecessor-version":[{"id":26957,"href":"https:\/\/visionzero.lu\/de\/wp-json\/wp\/v2\/pages\/17\/revisions\/26957"}],"wp:featuredmedia":[{"embeddable":true,"href":"https:\/\/visionzero.lu\/de\/wp-json\/wp\/v2\/media\/19"}],"wp:attachment":[{"href":"https:\/\/visionzero.lu\/de\/wp-json\/wp\/v2\/media?parent=17"}],"curies":[{"name":"wp","href":"https:\/\/api.w.org\/{rel}","templated":true}]}}