{"id":16760,"date":"2022-10-26T08:00:52","date_gmt":"2022-10-26T06:00:52","guid":{"rendered":"https:\/\/visionzero.lu\/fr\/?page_id=16760"},"modified":"2024-02-29T10:04:38","modified_gmt":"2024-02-29T09:04:38","slug":"security-academy","status":"publish","type":"page","link":"https:\/\/visionzero.lu\/de\/prix-sst-2026\/laureats-2022\/syndicat-intercommunal-cni-syrdall-schwem\/","title":{"rendered":"Syndicat Intercommunal CNI Syrdall Schwemm"},"content":{"rendered":"<p>Die Syrdall Schwemm ist ein Freizeit- und Schulschwimmbad in Niederanven, das mit dem Qualit\u00e4tslabel der AAA namens \u201eS\u00e9cher a Gesond mat System\u201c ausgezeichnet ist. In der Syrdall Schw\u00ebmm \u00fcben die Fachangestellten f\u00fcr B\u00e4derbetriebe (Bademeister) gleich mehrere T\u00e4tigkeiten aus: neben der klassischen Beaufsichtigung der Badeg\u00e4ste sowie der Leitung von Wasserkursen sind sie auch f\u00fcr die Sichtkontrolle der Anlagen sowie f\u00fcr kleinere Wartungsarbeiten zust\u00e4ndig.<\/p>\n<p>Bei dem innovativen Produkt im Bereich Arbeitsschutz, mit dem die Syrdall Schw\u00ebmm am diesj\u00e4hrigen nationalen Arbeits- und Gesundheitsschutzpreis teilnahm, handelt es sich um ein E-Learning-Tool namens \u201eSecurity-Academy\u201c. Dieses Tool beinhaltet s\u00e4mtliche Sicherheitsunterweisungen, welche vom Sicherheitsbeauftragten erstellt wurden und die die Mitarbeiter der Syrdall Schwemm erfolgreich absolvieren m\u00fcssen. Auch kann dieses Tool f\u00fcr Bedienungsanleitungen, allgemeine betriebsinterne Schulungen sowie Lernmanagementsysteme genutzt werden. Jede Sicherheitsunterweisung schlie\u00dft mit Fragen aus einem zuvor definierten Fragenkatalog ab. Das System erm\u00f6glicht so eine moderne, zeit- und ortsunabh\u00e4ngige Art der Schulung und somit eine schnelle Einarbeitung der Mitarbeiter. Sein datenbankgest\u00fctztes Prinzip erm\u00f6glicht dem Arbeitgeber jederzeit pr\u00fcfen zu k\u00f6nnen, ob die dem Mitarbeiter zugewiesenen Unterweisungen erfolgreich absolviert wurde.<\/p>","protected":false},"excerpt":{"rendered":"<p>Die Syrdall Schwemm ist ein Freizeit- und Schulschwimmbad in Niederanven, das mit dem Qualit\u00e4tslabel der AAA namens \u201eS\u00e9cher a Gesond mat System\u201c ausgezeichnet ist. In der Syrdall Schw\u00ebmm \u00fcben die Fachangestellten f\u00fcr B\u00e4derbetriebe (Bademeister) gleich mehrere T\u00e4tigkeiten aus: neben der klassischen Beaufsichtigung der Badeg\u00e4ste sowie der Leitung von Wasserkursen sind sie auch f\u00fcr die Sichtkontrolle [&hellip;]<\/p>\n","protected":false},"author":2,"featured_media":0,"parent":15654,"menu_order":2,"comment_status":"closed","ping_status":"closed","template":"template-laureats.php","meta":{"_acf_changed":false,"footnotes":""},"class_list":["post-16760","page","type-page","status-publish","hentry"],"acf":{"subtitle":"Security-Academy","second_description":"<div><strong>Cat\u00e9gorie<\/strong><br \/>\nEntreprise &lt; 50 salari\u00e9s &#8211; volet s\u00e9curit\u00e9<\/p>\n<div><\/div>\n<div><strong>Entreprise<\/strong><br \/>\nSyndicat Intercommunal CNI Syrdall Schwem<\/div>\n<\/div>\n","width":"6","actual_inscriptions":"51","header_color":"blue"},"_links":{"self":[{"href":"https:\/\/visionzero.lu\/de\/wp-json\/wp\/v2\/pages\/16760","targetHints":{"allow":["GET"]}}],"collection":[{"href":"https:\/\/visionzero.lu\/de\/wp-json\/wp\/v2\/pages"}],"about":[{"href":"https:\/\/visionzero.lu\/de\/wp-json\/wp\/v2\/types\/page"}],"author":[{"embeddable":true,"href":"https:\/\/visionzero.lu\/de\/wp-json\/wp\/v2\/users\/2"}],"replies":[{"embeddable":true,"href":"https:\/\/visionzero.lu\/de\/wp-json\/wp\/v2\/comments?post=16760"}],"version-history":[{"count":3,"href":"https:\/\/visionzero.lu\/de\/wp-json\/wp\/v2\/pages\/16760\/revisions"}],"predecessor-version":[{"id":23274,"href":"https:\/\/visionzero.lu\/de\/wp-json\/wp\/v2\/pages\/16760\/revisions\/23274"}],"up":[{"embeddable":true,"href":"https:\/\/visionzero.lu\/de\/wp-json\/wp\/v2\/pages\/15654"}],"wp:attachment":[{"href":"https:\/\/visionzero.lu\/de\/wp-json\/wp\/v2\/media?parent=16760"}],"curies":[{"name":"wp","href":"https:\/\/api.w.org\/{rel}","templated":true}]}}