{"id":1614,"date":"2019-07-22T17:50:16","date_gmt":"2019-07-22T15:50:16","guid":{"rendered":"https:\/\/visionzero.lu\/fr\/?page_id=1614"},"modified":"2023-05-24T17:06:44","modified_gmt":"2023-05-24T15:06:44","slug":"entreprises-certifiees","status":"publish","type":"page","link":"https:\/\/visionzero.lu\/de\/label-sgs\/zertifizierte-unternehmen\/","title":{"rendered":"Zertifizierte Unternehmen"},"content":{"rendered":"<p>Wir m\u00f6chten alle <span id=\"entreprisecount\"><\/span> Unternehmen, die das Label erhalten haben, zu ihrem Engagement und zur Einf\u00fchrung einer Pr\u00e4ventionskultur im Bereich Sicherheit und Gesundheit am Arbeitsplatz begl\u00fcckw\u00fcnschen.<\/p>\n<p>Das angegebene Datum unter dem Namen des jeweiligen Unternehmens stellt das Datum der ersten Zertifizierung dar.<\/p>","protected":false},"excerpt":{"rendered":"<p>Wir m\u00f6chten alle Unternehmen, die das Label erhalten haben, zu ihrem Engagement und zur Einf\u00fchrung einer Pr\u00e4ventionskultur im Bereich Sicherheit und Gesundheit am Arbeitsplatz begl\u00fcckw\u00fcnschen. Das angegebene Datum unter dem Namen des jeweiligen Unternehmens stellt das Datum der ersten Zertifizierung dar.<\/p>\n","protected":false},"author":1,"featured_media":14561,"parent":292,"menu_order":1,"comment_status":"closed","ping_status":"closed","template":"template-partners-list.php","meta":{"_acf_changed":false,"footnotes":""},"class_list":["post-1614","page","type-page","status-publish","has-post-thumbnail","hentry"],"acf":{"logo_page":true,"certified":true,"header_color":"purple"},"_links":{"self":[{"href":"https:\/\/visionzero.lu\/de\/wp-json\/wp\/v2\/pages\/1614","targetHints":{"allow":["GET"]}}],"collection":[{"href":"https:\/\/visionzero.lu\/de\/wp-json\/wp\/v2\/pages"}],"about":[{"href":"https:\/\/visionzero.lu\/de\/wp-json\/wp\/v2\/types\/page"}],"author":[{"embeddable":true,"href":"https:\/\/visionzero.lu\/de\/wp-json\/wp\/v2\/users\/1"}],"replies":[{"embeddable":true,"href":"https:\/\/visionzero.lu\/de\/wp-json\/wp\/v2\/comments?post=1614"}],"version-history":[{"count":1,"href":"https:\/\/visionzero.lu\/de\/wp-json\/wp\/v2\/pages\/1614\/revisions"}],"predecessor-version":[{"id":21322,"href":"https:\/\/visionzero.lu\/de\/wp-json\/wp\/v2\/pages\/1614\/revisions\/21322"}],"up":[{"embeddable":true,"href":"https:\/\/visionzero.lu\/de\/wp-json\/wp\/v2\/pages\/292"}],"wp:featuredmedia":[{"embeddable":true,"href":"https:\/\/visionzero.lu\/de\/wp-json\/wp\/v2\/media\/14561"}],"wp:attachment":[{"href":"https:\/\/visionzero.lu\/de\/wp-json\/wp\/v2\/media?parent=1614"}],"curies":[{"name":"wp","href":"https:\/\/api.w.org\/{rel}","templated":true}]}}