{"id":15783,"date":"2022-09-06T16:24:21","date_gmt":"2022-09-06T14:24:21","guid":{"rendered":"https:\/\/visionzero.lu\/fr\/?page_id=15783"},"modified":"2022-09-06T16:31:07","modified_gmt":"2022-09-06T14:31:07","slug":"adhesion-vision-zero","status":"publish","type":"page","link":"https:\/\/visionzero.lu\/de\/vision-zero-beitreten\/registrieren-2\/","title":{"rendered":"VISION ZERO Beitritt"},"content":{"rendered":"<p>um gemeinsam die Anzahl und Schwere von Arbeitsunf\u00e4llen, Wegeunf\u00e4llen und Berufskrankheiten zu reduzieren. F\u00fcllen Sie das nachfolgende Formular aus und verpflichten Sie sich, indem Sie Ihren dreij\u00e4hrigen Aktionsplan einreichen, der j\u00e4hrlich \u00fcber Ihr Mitgliederportal aktualisiert werden soll.<\/p>","protected":false},"excerpt":{"rendered":"<p>um gemeinsam die Anzahl und Schwere von Arbeitsunf\u00e4llen, Wegeunf\u00e4llen und Berufskrankheiten zu reduzieren. F\u00fcllen Sie das nachfolgende Formular aus und verpflichten Sie sich, indem Sie Ihren dreij\u00e4hrigen Aktionsplan einreichen, der j\u00e4hrlich \u00fcber Ihr Mitgliederportal aktualisiert werden soll.<\/p>\n","protected":false},"author":2,"featured_media":7708,"parent":372,"menu_order":2,"comment_status":"closed","ping_status":"closed","template":"template-subscription_2.php","meta":{"_acf_changed":false,"footnotes":""},"class_list":["post-15783","page","type-page","status-publish","has-post-thumbnail","hentry"],"acf":{"has_description":true,"subtitle":"Handeln Sie jetzt...","agree":"<p>Ich nehme <a href=\"https:\/\/visionzero.lu\/conditions\/\">Nutzungsbedingungen <\/a>und die <a href=\"https:\/\/visionzero.lu\/protection-des-donnees\/\">Datenschutzbestimmungen<\/a> an.<\/p>\n","has_footer":true,"footer":"<p class=\"alertText\">**Verwenden Sie die E-Mail-Adresse, die Sie f\u00fcr Ihren Login des Mitgliederportals verwenden m\u00f6chten.<\/p>\n","has_gray_line":true,"actual_inscriptions":"97"},"_links":{"self":[{"href":"https:\/\/visionzero.lu\/de\/wp-json\/wp\/v2\/pages\/15783","targetHints":{"allow":["GET"]}}],"collection":[{"href":"https:\/\/visionzero.lu\/de\/wp-json\/wp\/v2\/pages"}],"about":[{"href":"https:\/\/visionzero.lu\/de\/wp-json\/wp\/v2\/types\/page"}],"author":[{"embeddable":true,"href":"https:\/\/visionzero.lu\/de\/wp-json\/wp\/v2\/users\/2"}],"replies":[{"embeddable":true,"href":"https:\/\/visionzero.lu\/de\/wp-json\/wp\/v2\/comments?post=15783"}],"version-history":[{"count":0,"href":"https:\/\/visionzero.lu\/de\/wp-json\/wp\/v2\/pages\/15783\/revisions"}],"up":[{"embeddable":true,"href":"https:\/\/visionzero.lu\/de\/wp-json\/wp\/v2\/pages\/372"}],"wp:featuredmedia":[{"embeddable":true,"href":"https:\/\/visionzero.lu\/de\/wp-json\/wp\/v2\/media\/7708"}],"wp:attachment":[{"href":"https:\/\/visionzero.lu\/de\/wp-json\/wp\/v2\/media?parent=15783"}],"curies":[{"name":"wp","href":"https:\/\/api.w.org\/{rel}","templated":true}]}}