{"id":1451,"date":"2019-07-17T13:37:46","date_gmt":"2019-07-17T11:37:46","guid":{"rendered":"https:\/\/visionzero.lu\/fr\/?page_id=1451"},"modified":"2024-06-14T14:17:22","modified_gmt":"2024-06-14T12:17:22","slug":"7-regles-dor-4-principes","status":"publish","type":"page","link":"https:\/\/visionzero.lu\/de\/7-goldene-regeln\/","title":{"rendered":"7 goldene Regeln &#038; 4 Grunds\u00e4tze"},"content":{"rendered":"","protected":false},"excerpt":{"rendered":"","protected":false},"author":1,"featured_media":0,"parent":0,"menu_order":25,"comment_status":"closed","ping_status":"closed","template":"","meta":{"_acf_changed":false,"footnotes":""},"class_list":["post-1451","page","type-page","status-publish","hentry"],"acf":{"subtitle":"7 goldene Regeln","content":[{"type_content":"image_text_block","text_block":{"text_description":"","logo":false},"image_text_block":{"side_image":"right","text_description":"<ol>\n<li>Leben Sie F\u00fchrung \u2013 zeigen Sie Flagge!<\/li>\n<li>Gefahr erkannt \u2013 Gefahr gebannt!<\/li>\n<li>Ziele definieren \u2013 Programm aufstellen!<\/li>\n<li>Gut organisiert \u2013 mit System!<\/li>\n<li>Maschinen, Technik, Anlagen \u2013 sicher und gesund!<\/li>\n<li>Wissen schafft Sicherheit!<\/li>\n<li>In Menschen investieren \u2013 Motivieren durch Beteiligung!<\/li>\n<\/ol>\n","image":{"ID":2292,"id":2292,"title":"7regles","filename":"7regles.png","filesize":17006,"url":"https:\/\/visionzero.lu\/wp-content\/uploads\/2019\/07\/7regles.png","link":"https:\/\/visionzero.lu\/de\/7-goldene-regeln\/7regles\/","alt":"","author":"2","description":"","caption":"","name":"7regles","status":"inherit","uploaded_to":1451,"date":"2019-07-31 16:35:53","modified":"2019-07-31 16:35:53","menu_order":0,"mime_type":"image\/png","type":"image","subtype":"png","icon":"https:\/\/visionzero.lu\/wp-includes\/images\/media\/default.png","width":95,"height":204,"sizes":{"thumbnail":"https:\/\/visionzero.lu\/wp-content\/uploads\/2019\/07\/7regles-95x150.png","thumbnail-width":95,"thumbnail-height":150,"medium":"https:\/\/visionzero.lu\/wp-content\/uploads\/2019\/07\/7regles.png","medium-width":95,"medium-height":204,"medium_large":"https:\/\/visionzero.lu\/wp-content\/uploads\/2019\/07\/7regles.png","medium_large-width":95,"medium_large-height":204,"large":"https:\/\/visionzero.lu\/wp-content\/uploads\/2019\/07\/7regles.png","large-width":95,"large-height":204,"1536x1536":"https:\/\/visionzero.lu\/wp-content\/uploads\/2019\/07\/7regles.png","1536x1536-width":95,"1536x1536-height":204,"2048x2048":"https:\/\/visionzero.lu\/wp-content\/uploads\/2019\/07\/7regles.png","2048x2048-width":95,"2048x2048-height":204}},"image_caption":""},"gallery_block":{"title_gallery":"","gallery":null},"images_grid_block":{"title":"","slider":false,"gallery":false,"gallery_de":false,"images_en":false,"button_text":"","button_link":"","zip_file":false,"zip_file_text":""},"documents_block":{"title_block_documents":"Dokumente","file_document":[{"title_file":"Leitfaden 7 Goldene Regeln \u2013 F\u00fcr gesunde Arbeit ohne Unf\u00e4lle","file":{"ID":1466,"id":1466,"title":"de-vision-zero-guide-web","filename":"de-vision-zero-guide-web.pdf","filesize":2080603,"url":"https:\/\/visionzero.lu\/wp-content\/uploads\/2019\/07\/de-vision-zero-guide-web.pdf","link":"https:\/\/visionzero.lu\/de\/7-goldene-regeln\/de-vision-zero-guide-web\/","alt":"","author":"1","description":"","caption":"","name":"de-vision-zero-guide-web","status":"inherit","uploaded_to":1451,"date":"2019-07-17 11:57:20","modified":"2019-07-17 11:57:20","menu_order":0,"mime_type":"application\/pdf","type":"application","subtype":"pdf","icon":"https:\/\/visionzero.lu\/wp-includes\/images\/media\/document.png"}}]},"subject_block":{"title_subject_block":"","page":false},"new_layout":false,"grid_landscape":false,"grid_square":{"size_edition_label":false,"num_culomns":4,"small_edition":false,"side_edition_label":false,"big_edition_label":false,"edition_block":""},"grid_campagne":{"title":"","campagnes":null},"partners":{"title":"","type_partners":false},"partners_pick":{"title":"","type_partners":null},"editions":{"title":"","edition":false},"collapse_labels":false,"testimonial_gallery":false,"testimonial_media":{"title":"","media_testimonial":false},"title_gallery":"","gallery":false,"tab_content":{"tab_list":false},"image_text_block_2":{"image":false,"logo":false,"text_description":""}},{"type_content":"image_text_block","text_block":{"text_description":"","logo":false},"image_text_block":{"side_image":"right","text_description":"<h3 style=\"margin-left: 15px !important; margin-top: 0px !important;\">4 Grunds\u00e4tze<\/h3>\n<ol>\n<li>Das Leben ist nicht verhandelbar.<\/li>\n<li>Der Mensch ist fehlbar.<\/li>\n<li>Die tolerierbaren Grenzen liegen in der Belastbarkeit der Menschen.<\/li>\n<li>Jeder hat ein Anrecht auf eine sichere und gesunde Arbeitsumgebung.<\/li>\n<\/ol>\n","image":{"ID":2287,"id":2287,"title":"4_principes","filename":"4_principes-1.png","filesize":17086,"url":"https:\/\/visionzero.lu\/wp-content\/uploads\/2019\/07\/4_principes-1.png","link":"https:\/\/visionzero.lu\/de\/7-goldene-regeln\/4_principes-2\/","alt":"","author":"2","description":"","caption":"","name":"4_principes-2","status":"inherit","uploaded_to":1451,"date":"2019-07-31 16:31:40","modified":"2019-07-31 16:31:40","menu_order":0,"mime_type":"image\/png","type":"image","subtype":"png","icon":"https:\/\/visionzero.lu\/wp-includes\/images\/media\/default.png","width":95,"height":204,"sizes":{"thumbnail":"https:\/\/visionzero.lu\/wp-content\/uploads\/2019\/07\/4_principes-1-95x150.png","thumbnail-width":95,"thumbnail-height":150,"medium":"https:\/\/visionzero.lu\/wp-content\/uploads\/2019\/07\/4_principes-1.png","medium-width":95,"medium-height":204,"medium_large":"https:\/\/visionzero.lu\/wp-content\/uploads\/2019\/07\/4_principes-1.png","medium_large-width":95,"medium_large-height":204,"large":"https:\/\/visionzero.lu\/wp-content\/uploads\/2019\/07\/4_principes-1.png","large-width":95,"large-height":204,"1536x1536":"https:\/\/visionzero.lu\/wp-content\/uploads\/2019\/07\/4_principes-1.png","1536x1536-width":95,"1536x1536-height":204,"2048x2048":"https:\/\/visionzero.lu\/wp-content\/uploads\/2019\/07\/4_principes-1.png","2048x2048-width":95,"2048x2048-height":204}},"image_caption":""},"gallery_block":{"title_gallery":"","gallery":null},"images_grid_block":{"title":"","slider":false,"gallery":false,"gallery_de":false,"images_en":false,"button_text":"","button_link":"","zip_file":false,"zip_file_text":""},"documents_block":{"title_block_documents":"","file_document":false},"subject_block":{"title_subject_block":"\u00c4hnliche Themen","page":[{"image_page":false,"title":"VISION ZERO Schulungen","type_file":"ext","file":false,"url":"https:\/\/aaa.public.lu\/fr\/securite-sante-travail\/formations\/7-regles-or.html","page":null,"gallery":false,"mediatech_link":null},{"image_page":false,"title":"Empfehlungen f\u00fcr die Umsetzung Ihres Aktionsplans","type_file":"file","file":"https:\/\/visionzero.lu\/wp-content\/uploads\/2019\/07\/Plan-daction-VISION-ZERO.pdf","url":"","page":null,"gallery":false,"mediatech_link":null}]},"new_layout":false,"grid_landscape":false,"grid_square":{"size_edition_label":false,"num_culomns":4,"small_edition":false,"side_edition_label":false,"big_edition_label":false,"edition_block":""},"grid_campagne":{"title":"","campagnes":null},"partners":{"title":"","type_partners":false},"partners_pick":{"title":"","type_partners":null},"editions":{"title":"","edition":false},"collapse_labels":false,"testimonial_gallery":false,"testimonial_media":{"title":"","media_testimonial":false},"title_gallery":"","gallery":false,"tab_content":{"tab_list":false},"image_text_block_2":{"image":false,"logo":false,"text_description":""}},{"type_content":"video_gallery","text_block":{"text_description":"","logo":false},"image_text_block":{"side_image":"right","text_description":"<ol>\n<li>Leben Sie F\u00fchrung \u2013 zeigen Sie Flagge!<\/li>\n<li>Gefahr erkannt \u2013 Gefahr gebannt!<\/li>\n<li>Ziele definieren \u2013 Programm aufstellen!<\/li>\n<li>Gut organisiert \u2013 mit System!<\/li>\n<li>Maschinen, Technik, Anlagen \u2013 sicher und gesund!<\/li>\n<li>Wissen schafft Sicherheit!<\/li>\n<li>In Menschen investieren \u2013 Motivieren durch Beteiligung!<\/li>\n<\/ol>\n","image":{"ID":2292,"id":2292,"title":"7regles","filename":"7regles.png","filesize":17006,"url":"https:\/\/visionzero.lu\/wp-content\/uploads\/2019\/07\/7regles.png","link":"https:\/\/visionzero.lu\/de\/7-goldene-regeln\/7regles\/","alt":"","author":"2","description":"","caption":"","name":"7regles","status":"inherit","uploaded_to":1451,"date":"2019-07-31 16:35:53","modified":"2019-07-31 16:35:53","menu_order":0,"mime_type":"image\/png","type":"image","subtype":"png","icon":"https:\/\/visionzero.lu\/wp-includes\/images\/media\/default.png","width":95,"height":204,"sizes":{"thumbnail":"https:\/\/visionzero.lu\/wp-content\/uploads\/2019\/07\/7regles-95x150.png","thumbnail-width":95,"thumbnail-height":150,"medium":"https:\/\/visionzero.lu\/wp-content\/uploads\/2019\/07\/7regles.png","medium-width":95,"medium-height":204,"medium_large":"https:\/\/visionzero.lu\/wp-content\/uploads\/2019\/07\/7regles.png","medium_large-width":95,"medium_large-height":204,"large":"https:\/\/visionzero.lu\/wp-content\/uploads\/2019\/07\/7regles.png","large-width":95,"large-height":204,"1536x1536":"https:\/\/visionzero.lu\/wp-content\/uploads\/2019\/07\/7regles.png","1536x1536-width":95,"1536x1536-height":204,"2048x2048":"https:\/\/visionzero.lu\/wp-content\/uploads\/2019\/07\/7regles.png","2048x2048-width":95,"2048x2048-height":204}},"image_caption":""},"gallery_block":{"title_gallery":"","gallery":null},"images_grid_block":{"title":"","slider":false,"gallery":false,"gallery_de":false,"images_en":false,"button_text":"","button_link":"","zip_file":false,"zip_file_text":""},"documents_block":{"title_block_documents":"Dokumente","file_document":[{"title_file":"Leitfaden 7 Goldene Regeln \u2013 F\u00fcr gesunde Arbeit ohne Unf\u00e4lle","file":{"ID":1466,"id":1466,"title":"de-vision-zero-guide-web","filename":"de-vision-zero-guide-web.pdf","filesize":2080603,"url":"https:\/\/visionzero.lu\/wp-content\/uploads\/2019\/07\/de-vision-zero-guide-web.pdf","link":"https:\/\/visionzero.lu\/de\/7-goldene-regeln\/de-vision-zero-guide-web\/","alt":"","author":"1","description":"","caption":"","name":"de-vision-zero-guide-web","status":"inherit","uploaded_to":1451,"date":"2019-07-17 11:57:20","modified":"2019-07-17 11:57:20","menu_order":0,"mime_type":"application\/pdf","type":"application","subtype":"pdf","icon":"https:\/\/visionzero.lu\/wp-includes\/images\/media\/document.png"}}]},"subject_block":{"title_subject_block":"\u00c4hnliche Themen","page":[{"image_page":false,"title":"VISION ZERO Schulungen","type_file":"ext","file":false,"url":"https:\/\/aaa.public.lu\/fr\/securite-sante-travail\/formations\/7-regles-or.html","page":null,"gallery":false,"mediatech_link":null},{"image_page":false,"title":"Empfehlungen f\u00fcr die Umsetzung Ihres Aktionsplans","type_file":"file","file":"https:\/\/visionzero.lu\/wp-content\/uploads\/2019\/07\/Plan-daction-VISION-ZERO.pdf","url":"","page":null,"gallery":false,"mediatech_link":null}]},"new_layout":false,"grid_landscape":false,"grid_square":{"size_edition_label":false,"num_culomns":4,"small_edition":false,"side_edition_label":false,"big_edition_label":false,"edition_block":""},"grid_campagne":{"title":"","campagnes":null},"partners":{"title":"","type_partners":false},"partners_pick":{"title":"","type_partners":null},"editions":{"title":"","edition":false},"collapse_labels":false,"testimonial_gallery":false,"testimonial_media":{"title":"Infografik - Die 7 goldene Regeln der VISION ZERO","media_testimonial":[{"title_testimonial":"Die 7 goldene Regeln der VISION ZERO","picture_media":"https:\/\/visionzero.lu\/wp-content\/uploads\/2021\/11\/Infographie-7-regles-dor.png","type_video":"youtube","file_video":false,"youtube_url":"https:\/\/youtu.be\/FFWyfIBKZb4","external_url":""}]},"title_gallery":"","gallery":false,"tab_content":{"tab_list":false},"image_text_block_2":{"image":false,"logo":false,"text_description":""}},{"type_content":"documents_block","text_block":{"text_description":"<h3>4 Grunds\u00e4tze<\/h3>\n<ol>\n<li>Das Leben ist nicht verhandelbar.<\/li>\n<li>Der Mensch ist fehlbar.<\/li>\n<li>Die tolerierbaren Grenzen liegen in der Belastbarkeit der Menschen.<\/li>\n<li>Jeder hat ein Anrecht auf eine sichere und gesunde Arbeitsumgebung.<\/li>\n<\/ol>\n","logo":false},"image_text_block":{"side_image":"right","text_description":"<h3>4 Grunds\u00e4tze<\/h3>\n<ol>\n<li>Das Leben ist nicht verhandelbar.<\/li>\n<li>Der Mensch ist fehlbar.<\/li>\n<li>Die tolerierbaren Grenzen liegen in der Belastbarkeit der Menschen.<\/li>\n<li>Jeder hat ein Anrecht auf eine sichere und gesunde Arbeitsumgebung.<\/li>\n<\/ol>\n","image":{"ID":2287,"id":2287,"title":"4_principes","filename":"4_principes-1.png","filesize":17086,"url":"https:\/\/visionzero.lu\/wp-content\/uploads\/2019\/07\/4_principes-1.png","link":"https:\/\/visionzero.lu\/de\/7-goldene-regeln\/4_principes-2\/","alt":"","author":"2","description":"","caption":"","name":"4_principes-2","status":"inherit","uploaded_to":1451,"date":"2019-07-31 16:31:40","modified":"2019-07-31 16:31:40","menu_order":0,"mime_type":"image\/png","type":"image","subtype":"png","icon":"https:\/\/visionzero.lu\/wp-includes\/images\/media\/default.png","width":95,"height":204,"sizes":{"thumbnail":"https:\/\/visionzero.lu\/wp-content\/uploads\/2019\/07\/4_principes-1-95x150.png","thumbnail-width":95,"thumbnail-height":150,"medium":"https:\/\/visionzero.lu\/wp-content\/uploads\/2019\/07\/4_principes-1.png","medium-width":95,"medium-height":204,"medium_large":"https:\/\/visionzero.lu\/wp-content\/uploads\/2019\/07\/4_principes-1.png","medium_large-width":95,"medium_large-height":204,"large":"https:\/\/visionzero.lu\/wp-content\/uploads\/2019\/07\/4_principes-1.png","large-width":95,"large-height":204,"1536x1536":"https:\/\/visionzero.lu\/wp-content\/uploads\/2019\/07\/4_principes-1.png","1536x1536-width":95,"1536x1536-height":204,"2048x2048":"https:\/\/visionzero.lu\/wp-content\/uploads\/2019\/07\/4_principes-1.png","2048x2048-width":95,"2048x2048-height":204}},"image_caption":""},"gallery_block":{"title_gallery":"","gallery":null},"images_grid_block":{"title":"","slider":false,"gallery":false,"gallery_de":false,"images_en":false,"button_text":"","button_link":"","zip_file":false,"zip_file_text":""},"documents_block":{"title_block_documents":"Dokumente","file_document":[{"title_file":"Leitfaden 7 Goldene Regeln \u2013 F\u00fcr gesunde Arbeit ohne Unf\u00e4lle","file":{"ID":1466,"id":1466,"title":"de-vision-zero-guide-web","filename":"de-vision-zero-guide-web.pdf","filesize":2080603,"url":"https:\/\/visionzero.lu\/wp-content\/uploads\/2019\/07\/de-vision-zero-guide-web.pdf","link":"https:\/\/visionzero.lu\/de\/7-goldene-regeln\/de-vision-zero-guide-web\/","alt":"","author":"1","description":"","caption":"","name":"de-vision-zero-guide-web","status":"inherit","uploaded_to":1451,"date":"2019-07-17 11:57:20","modified":"2019-07-17 11:57:20","menu_order":0,"mime_type":"application\/pdf","type":"application","subtype":"pdf","icon":"https:\/\/visionzero.lu\/wp-includes\/images\/media\/document.png"}},{"title_file":"Proactive leading indicators der VISION ZERO","file":{"ID":11767,"id":11767,"title":"Proactive Leading Indicators","filename":"VZ_Indicators2020-final-26082020.pdf","filesize":1810396,"url":"https:\/\/visionzero.lu\/wp-content\/uploads\/2020\/09\/VZ_Indicators2020-final-26082020.pdf","link":"https:\/\/visionzero.lu\/de\/7-goldene-regeln\/vz_indicators2020-final-26082020\/","alt":"","author":"6","description":"Proactive Leading Indicators","caption":"Proactive Leading Indicators","name":"vz_indicators2020-final-26082020","status":"inherit","uploaded_to":1451,"date":"2020-09-03 06:48:07","modified":"2023-01-19 14:49:43","menu_order":0,"mime_type":"application\/pdf","type":"application","subtype":"pdf","icon":"https:\/\/visionzero.lu\/wp-includes\/images\/media\/document.png"}}]},"subject_block":{"title_subject_block":"\u00c4hnliche Themen","page":[{"image_page":{"ID":9948,"id":9948,"title":"7 r\u00e8gles d'or","filename":"7-r\u00e8gles-dor.jpg","filesize":67576,"url":"https:\/\/visionzero.lu\/wp-content\/uploads\/2019\/10\/7-r\u00e8gles-dor.jpg","link":"https:\/\/visionzero.lu\/de\/7-goldene-regeln\/7-regles-dor-2\/","alt":"","author":"6","description":"","caption":"","name":"7-regles-dor-2","status":"inherit","uploaded_to":1451,"date":"2019-10-25 13:38:54","modified":"2019-10-25 13:38:54","menu_order":0,"mime_type":"image\/jpeg","type":"image","subtype":"jpeg","icon":"https:\/\/visionzero.lu\/wp-includes\/images\/media\/default.png","width":943,"height":707,"sizes":{"thumbnail":"https:\/\/visionzero.lu\/wp-content\/uploads\/2019\/10\/7-r\u00e8gles-dor-150x150.jpg","thumbnail-width":150,"thumbnail-height":150,"medium":"https:\/\/visionzero.lu\/wp-content\/uploads\/2019\/10\/7-r\u00e8gles-dor-300x225.jpg","medium-width":300,"medium-height":225,"medium_large":"https:\/\/visionzero.lu\/wp-content\/uploads\/2019\/10\/7-r\u00e8gles-dor-768x576.jpg","medium_large-width":640,"medium_large-height":480,"large":"https:\/\/visionzero.lu\/wp-content\/uploads\/2019\/10\/7-r\u00e8gles-dor.jpg","large-width":640,"large-height":480,"1536x1536":"https:\/\/visionzero.lu\/wp-content\/uploads\/2019\/10\/7-r\u00e8gles-dor.jpg","1536x1536-width":943,"1536x1536-height":707,"2048x2048":"https:\/\/visionzero.lu\/wp-content\/uploads\/2019\/10\/7-r\u00e8gles-dor.jpg","2048x2048-width":943,"2048x2048-height":707}},"title":"VISION ZERO Schulungen","type_file":"ext","file":false,"url":"https:\/\/aaa.public.lu\/fr\/securite-sante-travail\/formations\/7-regles-or.html","page":null,"gallery":false,"mediatech_link":null},{"image_page":{"ID":7321,"id":7321,"title":"vision","filename":"vision.png","filesize":34861,"url":"https:\/\/visionzero.lu\/wp-content\/uploads\/2019\/09\/vision.png","link":"https:\/\/visionzero.lu\/de\/links-sst-international\/vision\/","alt":"","author":"2","description":"","caption":"","name":"vision","status":"inherit","uploaded_to":2120,"date":"2019-09-26 14:26:19","modified":"2019-09-26 14:26:19","menu_order":0,"mime_type":"image\/png","type":"image","subtype":"png","icon":"https:\/\/visionzero.lu\/wp-includes\/images\/media\/default.png","width":388,"height":297,"sizes":{"thumbnail":"https:\/\/visionzero.lu\/wp-content\/uploads\/2019\/09\/vision-150x150.png","thumbnail-width":150,"thumbnail-height":150,"medium":"https:\/\/visionzero.lu\/wp-content\/uploads\/2019\/09\/vision-300x230.png","medium-width":300,"medium-height":230,"medium_large":"https:\/\/visionzero.lu\/wp-content\/uploads\/2019\/09\/vision.png","medium_large-width":388,"medium_large-height":297,"large":"https:\/\/visionzero.lu\/wp-content\/uploads\/2019\/09\/vision.png","large-width":388,"large-height":297,"1536x1536":"https:\/\/visionzero.lu\/wp-content\/uploads\/2019\/09\/vision.png","1536x1536-width":388,"1536x1536-height":297,"2048x2048":"https:\/\/visionzero.lu\/wp-content\/uploads\/2019\/09\/vision.png","2048x2048-width":388,"2048x2048-height":297}},"title":"Empfehlungen f\u00fcr die Umsetzung Ihres Aktionsplans","type_file":"int","file":"https:\/\/visionzero.lu\/wp-content\/uploads\/2019\/07\/Plan-daction-VISION-ZERO.pdf","url":"","page":"https:\/\/visionzero.lu\/de\/aktionsplan\/","gallery":false,"mediatech_link":null},{"image_page":{"ID":2775,"id":2775,"title":"Forum-SST-2019-3-1-684x1024","filename":"Forum-SST-2019-3-1-684x1024.jpg","filesize":135608,"url":"https:\/\/visionzero.lu\/wp-content\/uploads\/2019\/08\/Forum-SST-2019-3-1-684x1024.jpg","link":"https:\/\/visionzero.lu\/de\/gallery\/forum-sst-2019\/forum-sst-2019-3-1-684x1024\/","alt":"","author":"1","description":"","caption":"","name":"forum-sst-2019-3-1-684x1024","status":"inherit","uploaded_to":2720,"date":"2019-08-08 08:32:12","modified":"2019-08-08 08:32:12","menu_order":0,"mime_type":"image\/jpeg","type":"image","subtype":"jpeg","icon":"https:\/\/visionzero.lu\/wp-includes\/images\/media\/default.png","width":684,"height":1024,"sizes":{"thumbnail":"https:\/\/visionzero.lu\/wp-content\/uploads\/2019\/08\/Forum-SST-2019-3-1-684x1024-150x150.jpg","thumbnail-width":150,"thumbnail-height":150,"medium":"https:\/\/visionzero.lu\/wp-content\/uploads\/2019\/08\/Forum-SST-2019-3-1-684x1024-200x300.jpg","medium-width":200,"medium-height":300,"medium_large":"https:\/\/visionzero.lu\/wp-content\/uploads\/2019\/08\/Forum-SST-2019-3-1-684x1024.jpg","medium_large-width":640,"medium_large-height":958,"large":"https:\/\/visionzero.lu\/wp-content\/uploads\/2019\/08\/Forum-SST-2019-3-1-684x1024-684x1024.jpg","large-width":640,"large-height":958,"1536x1536":"https:\/\/visionzero.lu\/wp-content\/uploads\/2019\/08\/Forum-SST-2019-3-1-684x1024.jpg","1536x1536-width":684,"1536x1536-height":1024,"2048x2048":"https:\/\/visionzero.lu\/wp-content\/uploads\/2019\/08\/Forum-SST-2019-3-1-684x1024.jpg","2048x2048-width":684,"2048x2048-height":1024}},"title":"Proactive leading indicators der VISION ZERO","type_file":"int","file":false,"url":"","page":"https:\/\/visionzero.lu\/de\/7-goldene-regeln\/vz_indicators2020-final-26082020\/","gallery":false,"mediatech_link":"https:\/\/visionzero.lu\/fr\/mediatech\/proactive-leading-indicators\/"}]},"new_layout":false,"grid_landscape":false,"grid_square":{"size_edition_label":false,"num_culomns":4,"small_edition":false,"side_edition_label":false,"big_edition_label":false,"edition_block":""},"grid_campagne":{"title":"","campagnes":null},"partners":{"title":"","type_partners":false},"partners_pick":{"title":"","type_partners":null},"editions":{"title":"","edition":false},"collapse_labels":false,"testimonial_gallery":false,"testimonial_media":{"title":"","media_testimonial":false},"title_gallery":"","gallery":false,"tab_content":{"tab_list":false},"image_text_block_2":{"image":false,"logo":false,"text_description":""}},{"type_content":"subjects_block","text_block":{"text_description":"","logo":false},"image_text_block":{"side_image":false,"text_description":"","image":false,"image_caption":""},"gallery_block":{"title_gallery":"","gallery":null},"images_grid_block":{"title":"","slider":false,"gallery":false,"gallery_de":false,"images_en":false,"button_text":"","button_link":"","zip_file":false,"zip_file_text":""},"documents_block":{"title_block_documents":"","file_document":false},"subject_block":{"title_subject_block":"\u00c4hnliche Themen","page":[{"image_page":{"ID":19941,"id":19941,"title":"Proactive leading indicators FR","filename":"Proactive-leading-indicators-FR.png","filesize":648674,"url":"https:\/\/visionzero.lu\/wp-content\/uploads\/2023\/02\/Proactive-leading-indicators-FR.png","link":"https:\/\/visionzero.lu\/de\/7-goldene-regeln\/proactive-leading-indicators-fr\/","alt":"","author":"6","description":"","caption":"","name":"proactive-leading-indicators-fr","status":"inherit","uploaded_to":1451,"date":"2023-02-16 12:11:27","modified":"2023-02-16 12:11:51","menu_order":0,"mime_type":"image\/png","type":"image","subtype":"png","icon":"https:\/\/visionzero.lu\/wp-includes\/images\/media\/default.png","width":593,"height":835,"sizes":{"thumbnail":"https:\/\/visionzero.lu\/wp-content\/uploads\/2023\/02\/Proactive-leading-indicators-FR-150x150.png","thumbnail-width":150,"thumbnail-height":150,"medium":"https:\/\/visionzero.lu\/wp-content\/uploads\/2023\/02\/Proactive-leading-indicators-FR-213x300.png","medium-width":213,"medium-height":300,"medium_large":"https:\/\/visionzero.lu\/wp-content\/uploads\/2023\/02\/Proactive-leading-indicators-FR.png","medium_large-width":593,"medium_large-height":835,"large":"https:\/\/visionzero.lu\/wp-content\/uploads\/2023\/02\/Proactive-leading-indicators-FR.png","large-width":593,"large-height":835,"1536x1536":"https:\/\/visionzero.lu\/wp-content\/uploads\/2023\/02\/Proactive-leading-indicators-FR.png","1536x1536-width":593,"1536x1536-height":835,"2048x2048":"https:\/\/visionzero.lu\/wp-content\/uploads\/2023\/02\/Proactive-leading-indicators-FR.png","2048x2048-width":593,"2048x2048-height":835}},"title":"Bestellen Sie die Brosch\u00fcre zu den Proaktive Steuerindikatoren","type_file":"ext","file":false,"url":"https:\/\/aaa.public.lu\/fr\/documentation\/publications\/guides\/ProactiveLeadingIndicators.html","page":null,"gallery":false,"mediatech_link":null},{"image_page":{"ID":19940,"id":19940,"title":"Guide 7 r\u00e8gles d'or","filename":"Guide-7-regles-dor.png","filesize":49161,"url":"https:\/\/visionzero.lu\/wp-content\/uploads\/2023\/02\/Guide-7-regles-dor.png","link":"https:\/\/visionzero.lu\/de\/7-goldene-regeln\/guide-7-regles-dor\/","alt":"","author":"6","description":"","caption":"","name":"guide-7-regles-dor","status":"inherit","uploaded_to":1451,"date":"2023-02-16 12:11:27","modified":"2023-02-16 12:11:51","menu_order":0,"mime_type":"image\/png","type":"image","subtype":"png","icon":"https:\/\/visionzero.lu\/wp-includes\/images\/media\/default.png","width":592,"height":832,"sizes":{"thumbnail":"https:\/\/visionzero.lu\/wp-content\/uploads\/2023\/02\/Guide-7-regles-dor-150x150.png","thumbnail-width":150,"thumbnail-height":150,"medium":"https:\/\/visionzero.lu\/wp-content\/uploads\/2023\/02\/Guide-7-regles-dor-213x300.png","medium-width":213,"medium-height":300,"medium_large":"https:\/\/visionzero.lu\/wp-content\/uploads\/2023\/02\/Guide-7-regles-dor.png","medium_large-width":592,"medium_large-height":832,"large":"https:\/\/visionzero.lu\/wp-content\/uploads\/2023\/02\/Guide-7-regles-dor.png","large-width":592,"large-height":832,"1536x1536":"https:\/\/visionzero.lu\/wp-content\/uploads\/2023\/02\/Guide-7-regles-dor.png","1536x1536-width":592,"1536x1536-height":832,"2048x2048":"https:\/\/visionzero.lu\/wp-content\/uploads\/2023\/02\/Guide-7-regles-dor.png","2048x2048-width":592,"2048x2048-height":832}},"title":"Bestellen Sie den Leitfaden mit den 7 Goldene Regeln - F\u00fcr gesunde Arbeit ohne Unf\u00e4lle","type_file":"ext","file":false,"url":"https:\/\/aaa.public.lu\/fr\/documentation\/publications\/guides\/7-regles-dor-vision-zero.html","page":null,"gallery":false,"mediatech_link":null}]},"new_layout":false,"grid_landscape":false,"grid_square":{"size_edition_label":false,"num_culomns":4,"small_edition":false,"side_edition_label":false,"big_edition_label":false,"edition_block":""},"grid_campagne":{"title":"","campagnes":null},"partners":{"title":"","type_partners":false},"partners_pick":{"title":"","type_partners":null},"editions":{"title":"","edition":false},"collapse_labels":false,"testimonial_gallery":false,"testimonial_media":{"title":"","media_testimonial":false},"title_gallery":"","gallery":false,"tab_content":{"tab_list":false},"image_text_block_2":{"image":false,"logo":false,"text_description":""}}],"has_subtitle":true,"gray_line":true,"has_logo_page":false,"size_content":"12","header_color":"blue"},"_links":{"self":[{"href":"https:\/\/visionzero.lu\/de\/wp-json\/wp\/v2\/pages\/1451","targetHints":{"allow":["GET"]}}],"collection":[{"href":"https:\/\/visionzero.lu\/de\/wp-json\/wp\/v2\/pages"}],"about":[{"href":"https:\/\/visionzero.lu\/de\/wp-json\/wp\/v2\/types\/page"}],"author":[{"embeddable":true,"href":"https:\/\/visionzero.lu\/de\/wp-json\/wp\/v2\/users\/1"}],"replies":[{"embeddable":true,"href":"https:\/\/visionzero.lu\/de\/wp-json\/wp\/v2\/comments?post=1451"}],"version-history":[{"count":2,"href":"https:\/\/visionzero.lu\/de\/wp-json\/wp\/v2\/pages\/1451\/revisions"}],"predecessor-version":[{"id":25349,"href":"https:\/\/visionzero.lu\/de\/wp-json\/wp\/v2\/pages\/1451\/revisions\/25349"}],"wp:attachment":[{"href":"https:\/\/visionzero.lu\/de\/wp-json\/wp\/v2\/media?parent=1451"}],"curies":[{"name":"wp","href":"https:\/\/api.w.org\/{rel}","templated":true}]}}