{"id":1412,"date":"2019-07-17T09:44:54","date_gmt":"2019-07-17T07:44:54","guid":{"rendered":"https:\/\/visionzero.lu\/fr\/?page_id=1412"},"modified":"2024-12-19T08:47:56","modified_gmt":"2024-12-19T07:47:56","slug":"origine-de-la-strategie-nationale-vision-zero","status":"publish","type":"page","link":"https:\/\/visionzero.lu\/de\/ursprung\/","title":{"rendered":"Ursprung der Initiative"},"content":{"rendered":"<p>In Europa hat das Konzept \u201eNull Unf\u00e4lle\u201c seit den 1990er-Jahren im Zusammenhang mit der Entwicklung von politischen Strategien zur Stra\u00dfensicherheit an Bedeutung gewonnen. Schweden war eines der ersten L\u00e4nder, das dieses Konzept im Rahmen seiner <strong>Verkehrssicherheits-Politik<\/strong> umsetzte und dabei erstmals die Bezeichnung \u201eVISION ZERO\u201c verwendete.<\/p>\n<p>In Luxemburg hatten das Ministerium f\u00fcr Arbeit, die Association d\u2019assurance accident (AAA), die Inspection du travail et des mines (ITM), die Union des Entreprises Luxembourgeoises (UEL) sowie die Gewerkschaften LCGB und OGBL im Jahr 2003 eine gemeinsame Erkl\u00e4rung unterzeichnet, die Sicherheit, Gesundheit und Wohlbefinden der Arbeitnehmer f\u00f6rdern sollte. Dieser Aktionsplan zur Bek\u00e4mpfung von Arbeitsunf\u00e4llen lief von 2003 bis 2007.<\/p>\n<p>Die wichtigsten Ziele, die gegen\u00fcber dem Jahr 2002 festgelegt wurden, waren die signifikante Verringerung der H\u00e4ufigkeit von Arbeits- und Wegeunf\u00e4llen (10,66 % im Jahr 2002) sowie die Trendumkehr bei der wachsenden Zahl von Wegeunf\u00e4llen (5689 im Jahr 2002). W\u00e4hrend diese Ziele im Jahr 2007 erreicht wurden, zeigen die Zahlen von 2014, dass sie seither weit unterboten wurden. Denn die H\u00e4ufigkeit von Arbeits- und Wegeunf\u00e4llen fiel im Jahr 2014 auf 5,37 % und die Zahl der Wegeunf\u00e4lle sank auf 3516.<\/p>\n<p>Trotz der Tatsache, dass die relative H\u00e4ufigkeit von Arbeitsunf\u00e4llen (Zahl der anerkannten Unf\u00e4lle * 100 \/ Anzahl der standardisierten Vollzeitarbeiter) in den vergangenen Jahren signifikant zur\u00fcckgegangen ist, und zwar im Durchschnitt aller Branchen von 27,44 im Jahr 1960 auf 5,37 im Jahr 2014, ist diese Zahl seit 2011 stabil.<\/p>\n<p>Im Jahr 2014, beim \u201eWeltkongress f\u00fcr Sicherheit und Gesundheit bei der Arbeit\u201c in Frankfurt, nahm die Internationale Vereinigung f\u00fcr soziale Sicherheit (IVSS) das Konzept VISION ZERO auf und dehnte es auf Arbeitsunf\u00e4lle aus.<\/p>\n<p>Im M\u00e4rz 2015 unterzeichneten in Luxemburg alle Mitglieder der Regierung eine Nationale Charta f\u00fcr Verkehrssicherheit, um ihren Beitrag zur Erreichung des EU-Ziels zu leisten, bis zum Jahr 2020 die Zahl der Verkehrsopfer auf den europ\u00e4ischen Stra\u00dfen zu halbieren und die Anzahl der Schwerverletzten zu verringern. In der Folge dieses Aktionsplans, der auch unter dem Namen \u201eVision Z\u00e9ro\u201c bekannt ist, schlossen der Unternehmerverband Union des Entreprises Luxembourgeoises und sein Institut national pour le d\u00e9veloppement durable et la responsabilit\u00e9 sociale des entreprises (INDR) am 1. Oktober 2015 mit der Regierung ein <strong>Partnerschaftsabkommen im Bereich der Pr\u00e4vention von Verkehrsunf\u00e4llen, die mit der Arbeit in Verbindung stehen<\/strong>.<\/p>\n<p>Die nationale <a href=\"https:\/\/visionzero.lu\/wp-content\/uploads\/2019\/07\/Charte_Vision_ZERO_24_03_2016_signe%CC%81e-1.pdf\" target=\"_blank\" rel=\"noopener noreferrer\">Charta VISION ZERO<\/a> zur F\u00f6rderung von Sicherheit und Gesundheit am Arbeitsplatz wurde von den nationalen Akteuren im. M\u00e4rz 2016 anl\u00e4sslich der 10. Ausgabe des Forums f\u00fcr Sicherheit und Gesundheit am Arbeitsplatz in Anwesenheit ihrer k\u00f6niglichen Hoheiten, des Erbgro\u00dfherzogs und der Erbgro\u00dfherzogin, unterzeichnet. VISION ZERO ist die nationale Pr\u00e4ventionsstrategie f\u00fcr die Sicherheit und Gesundheit am Arbeitsplatz, die weltweit Konsens gefunden hat.<\/p>\n<p>Im September 2017 startete die Internationale Vereinigung f\u00fcr soziale Sicherheit (IVSS) die <strong>globale Kampagne <a href=\"http:\/\/visionzero.global\/\" target=\"_blank\" rel=\"noopener noreferrer\">Vision Zero Global<\/a><\/strong>. Die Initiatoren der nationalen Strategie VISION ZERO (AAA, UEL, INDR) sind ebenfalls offizielle Partner dieser globalen Gemeinschaft.<\/p>\n<p>Angesichts der Erfolge der ersten Phase (2016-2022) und der Wichtigkeit dieses Themas haben die Initiatoren von VISION ZERO beschlossen, die Bem\u00fchungen im Bereich Arbeits- und Gesundheitsschutz fortzusetzen und dies mit besonderen Anstrengungen in den Risikosektoren. Die Vorstellung dieser neuen Phase der VISION ZERO 2023 &#8211; 2030 Strategie, die von der Regierung unterst\u00fctzt wird, erfolgte auf dem 15. Forum zur Sicherheit und Gesundheit am Arbeitsplatz, das von der AAA, der UEL und dem INDR am 26. Oktober 2022 organisiert wurde.<\/p>","protected":false},"excerpt":{"rendered":"<p>In Europa hat das Konzept \u201eNull Unf\u00e4lle\u201c seit den 1990er-Jahren im Zusammenhang mit der Entwicklung von politischen Strategien zur Stra\u00dfensicherheit an Bedeutung gewonnen. Schweden war eines der ersten L\u00e4nder, das dieses Konzept im Rahmen seiner Verkehrssicherheits-Politik umsetzte und dabei erstmals die Bezeichnung \u201eVISION ZERO\u201c verwendete. In Luxemburg hatten das Ministerium f\u00fcr Arbeit, die Association d\u2019assurance [&hellip;]<\/p>\n","protected":false},"author":1,"featured_media":0,"parent":0,"menu_order":21,"comment_status":"closed","ping_status":"closed","template":"","meta":{"_acf_changed":false,"footnotes":""},"class_list":["post-1412","page","type-page","status-publish","hentry"],"acf":{"subtitle":"Der Ursprung der nationalen Strategie VISION ZERO","content":[{"type_content":"documents_block","text_block":{"text_description":"","logo":false},"image_text_block":{"side_image":false,"text_description":"","image":false,"image_caption":""},"gallery_block":{"title_gallery":"","gallery":null},"images_grid_block":{"title":"","slider":false,"gallery":false,"gallery_de":false,"images_en":false,"button_text":"","button_link":"","zip_file":false,"zip_file_text":""},"documents_block":{"title_block_documents":"Dokumente","file_document":[{"title_file":"Nationale Charta VISION ZERO","file":{"ID":1382,"id":1382,"title":"Charte_Vision_ZERO_24_03_2016_signe\u0301e-1","filename":"Charte_Vision_ZERO_24_03_2016_signe\u0301e-1.pdf","filesize":1413248,"url":"https:\/\/visionzero.lu\/wp-content\/uploads\/2019\/07\/Charte_Vision_ZERO_24_03_2016_signe\u0301e-1.pdf","link":"https:\/\/visionzero.lu\/de\/nationale-strategie-vision-zero\/charte_vision_zero_24_03_2016_signee-1\/","alt":"","author":"1","description":"","caption":"","name":"charte_vision_zero_24_03_2016_signee-1","status":"inherit","uploaded_to":1374,"date":"2019-07-16 14:40:03","modified":"2019-07-16 14:40:03","menu_order":0,"mime_type":"application\/pdf","type":"application","subtype":"pdf","icon":"https:\/\/visionzero.lu\/wp-includes\/images\/media\/document.png"}},{"title_file":"Flyer - Strategie VISION ZERO 2023 - 2030 (FR)","file":{"ID":21690,"id":21690,"title":"Strategie-VISION-ZERO-2023-2030-VF","filename":"Strategie-VISION-ZERO-2023-2030-VF.pdf","filesize":89176,"url":"https:\/\/visionzero.lu\/wp-content\/uploads\/2023\/09\/Strategie-VISION-ZERO-2023-2030-VF.pdf","link":"https:\/\/visionzero.lu\/de\/nationale-strategie-vision-zero\/strategie-vision-zero-2023-2030-vf\/","alt":"","author":"6","description":"","caption":"","name":"strategie-vision-zero-2023-2030-vf","status":"inherit","uploaded_to":1374,"date":"2023-09-22 06:31:44","modified":"2023-09-22 06:32:16","menu_order":0,"mime_type":"application\/pdf","type":"application","subtype":"pdf","icon":"https:\/\/visionzero.lu\/wp-includes\/images\/media\/document.png"}}]},"subject_block":{"title_subject_block":"","page":false},"new_layout":false,"grid_landscape":false,"grid_square":{"size_edition_label":false,"num_culomns":4,"small_edition":false,"side_edition_label":false,"big_edition_label":false,"edition_block":""},"grid_campagne":{"title":"","campagnes":null},"partners":{"title":"","type_partners":false},"partners_pick":{"title":"","type_partners":null},"editions":{"title":"","edition":false},"collapse_labels":false,"testimonial_gallery":false,"testimonial_media":{"title":"","media_testimonial":false},"title_gallery":"","gallery":false,"tab_content":{"tab_list":false},"image_text_block_2":{"image":false,"logo":false,"text_description":""}},{"type_content":"subjects_block","text_block":{"text_description":"","logo":false},"image_text_block":{"side_image":false,"text_description":"","image":false,"image_caption":""},"gallery_block":{"title_gallery":"","gallery":null},"images_grid_block":{"title":"","slider":false,"gallery":false,"gallery_de":false,"images_en":false,"button_text":"","button_link":"","zip_file":false,"zip_file_text":""},"documents_block":{"title_block_documents":"","file_document":false},"subject_block":{"title_subject_block":"\u00c4hnliche Themen","page":[{"image_page":{"ID":19822,"id":19822,"title":"Strat\u00e9gie VZ 2023 - 2030 - FR","filename":"Strategie-VZ-2023-2030-FR.png","filesize":108085,"url":"https:\/\/visionzero.lu\/wp-content\/uploads\/2023\/01\/Strategie-VZ-2023-2030-FR.png","link":"https:\/\/visionzero.lu\/de\/ursprung\/strategie-vz-2023-2030-fr\/","alt":"","author":"6","description":"","caption":"","name":"strategie-vz-2023-2030-fr","status":"inherit","uploaded_to":1412,"date":"2023-01-19 14:37:01","modified":"2023-01-19 14:39:19","menu_order":0,"mime_type":"image\/png","type":"image","subtype":"png","icon":"https:\/\/visionzero.lu\/wp-includes\/images\/media\/default.png","width":940,"height":788,"sizes":{"thumbnail":"https:\/\/visionzero.lu\/wp-content\/uploads\/2023\/01\/Strategie-VZ-2023-2030-FR-150x150.png","thumbnail-width":150,"thumbnail-height":150,"medium":"https:\/\/visionzero.lu\/wp-content\/uploads\/2023\/01\/Strategie-VZ-2023-2030-FR-300x251.png","medium-width":300,"medium-height":251,"medium_large":"https:\/\/visionzero.lu\/wp-content\/uploads\/2023\/01\/Strategie-VZ-2023-2030-FR-768x644.png","medium_large-width":640,"medium_large-height":537,"large":"https:\/\/visionzero.lu\/wp-content\/uploads\/2023\/01\/Strategie-VZ-2023-2030-FR.png","large-width":640,"large-height":537,"1536x1536":"https:\/\/visionzero.lu\/wp-content\/uploads\/2023\/01\/Strategie-VZ-2023-2030-FR.png","1536x1536-width":940,"1536x1536-height":788,"2048x2048":"https:\/\/visionzero.lu\/wp-content\/uploads\/2023\/01\/Strategie-VZ-2023-2030-FR.png","2048x2048-width":940,"2048x2048-height":788}},"title":"Nationale Strategie","type_file":"int","file":false,"url":"","page":"https:\/\/visionzero.lu\/de\/nationale-strategie-vision-zero\/","gallery":false,"mediatech_link":null},{"image_page":{"ID":3183,"id":3183,"title":"WCHS_2017-26-1024x649","filename":"WCHS_2017-26-1024x649.jpg","filesize":142439,"url":"https:\/\/visionzero.lu\/wp-content\/uploads\/2019\/08\/WCHS_2017-26-1024x649.jpg","link":"https:\/\/visionzero.lu\/de\/gallery\/xxi-world-congress-on-safety-health-at-work-2017\/wchs_2017-26-1024x649\/","alt":"","author":"1","description":"","caption":"","name":"wchs_2017-26-1024x649","status":"inherit","uploaded_to":3168,"date":"2019-08-08 10:41:11","modified":"2019-08-08 10:41:11","menu_order":0,"mime_type":"image\/jpeg","type":"image","subtype":"jpeg","icon":"https:\/\/visionzero.lu\/wp-includes\/images\/media\/default.png","width":1024,"height":649,"sizes":{"thumbnail":"https:\/\/visionzero.lu\/wp-content\/uploads\/2019\/08\/WCHS_2017-26-1024x649-150x150.jpg","thumbnail-width":150,"thumbnail-height":150,"medium":"https:\/\/visionzero.lu\/wp-content\/uploads\/2019\/08\/WCHS_2017-26-1024x649-300x190.jpg","medium-width":300,"medium-height":190,"medium_large":"https:\/\/visionzero.lu\/wp-content\/uploads\/2019\/08\/WCHS_2017-26-1024x649-768x487.jpg","medium_large-width":640,"medium_large-height":406,"large":"https:\/\/visionzero.lu\/wp-content\/uploads\/2019\/08\/WCHS_2017-26-1024x649-1024x649.jpg","large-width":640,"large-height":406,"1536x1536":"https:\/\/visionzero.lu\/wp-content\/uploads\/2019\/08\/WCHS_2017-26-1024x649.jpg","1536x1536-width":1024,"1536x1536-height":649,"2048x2048":"https:\/\/visionzero.lu\/wp-content\/uploads\/2019\/08\/WCHS_2017-26-1024x649.jpg","2048x2048-width":1024,"2048x2048-height":649}},"title":"World Congress on Safety & Health at work 2017","type_file":"gallery","file":false,"url":"","page":"https:\/\/visionzero.lu\/de\/forum-sst\/","gallery":{"ID":3168,"post_author":"1","post_date":"2019-08-08 12:41:44","post_date_gmt":"2019-08-08 10:41:44","post_content":"<p class=\"qtranxs-available-languages-message qtranxs-available-languages-message-de\"> <\/p>L\u2019AAA a pr\u00e9sent\u00e9 la strat\u00e9gie nationale VISION ZERO lors du <a href=\"https:\/\/www.safety2017singapore.com\/about-the-congress\/?lang=fr\" target=\"_blank\" rel=\"noopener noreferrer\">World Congress on Safety and Health at Work<\/a>. Lors du congr\u00e8s mondial, qui s\u2019est d\u00e9roul\u00e9 du 3 au 6 septembre 2017 \u00e0 Singapour, l\u2019International Social Security Association (issa) a \u00e9galement lanc\u00e9 la <a href=\"http:\/\/visionzero.global\/\" target=\"_blank\" rel=\"noopener noreferrer\">VISION ZERO GLOBAL<\/a>. D\u00e9couvrez les impressions d\u2019un congr\u00e8s riche en \u00e9changes en mati\u00e8re de s\u00e9curit\u00e9 et de sant\u00e9 au travail.","post_title":"XXI World Congress on Safety & Health at work 2017","post_excerpt":"","post_status":"publish","comment_status":"closed","ping_status":"closed","post_password":"","post_name":"xxi-world-congress-on-safety-health-at-work-2017","to_ping":"","pinged":"","post_modified":"2019-08-08 12:41:44","post_modified_gmt":"2019-08-08 10:41:44","post_content_filtered":"","post_parent":0,"guid":"https:\/\/visionzero.lu\/fr\/?post_type=gallery&#038;p=3168","menu_order":0,"post_type":"gallery","post_mime_type":"","comment_count":"0","filter":"raw","post_content_ml":"[:fr]L\u2019AAA a pr\u00e9sent\u00e9 la strat\u00e9gie nationale VISION ZERO lors du <a href=\"https:\/\/www.safety2017singapore.com\/about-the-congress\/?lang=fr\" target=\"_blank\" rel=\"noopener noreferrer\">World Congress on Safety and Health at Work<\/a>. Lors du congr\u00e8s mondial, qui s\u2019est d\u00e9roul\u00e9 du 3 au 6 septembre 2017 \u00e0 Singapour, l\u2019International Social Security Association (issa) a \u00e9galement lanc\u00e9 la <a href=\"http:\/\/visionzero.global\/\" target=\"_blank\" rel=\"noopener noreferrer\">VISION ZERO GLOBAL<\/a>. D\u00e9couvrez les impressions d\u2019un congr\u00e8s riche en \u00e9changes en mati\u00e8re de s\u00e9curit\u00e9 et de sant\u00e9 au travail.[:]","post_content_langs":{"fr":true},"post_title_ml":"[:fr]XXI World Congress on Safety & Health at work 2017[:]","post_title_langs":{"fr":true}},"mediatech_link":null}]},"new_layout":false,"grid_landscape":false,"grid_square":{"size_edition_label":false,"num_culomns":4,"small_edition":false,"side_edition_label":false,"big_edition_label":false,"edition_block":""},"grid_campagne":{"title":"","campagnes":null},"partners":{"title":"","type_partners":false},"partners_pick":{"title":"","type_partners":null},"editions":{"title":"","edition":false},"collapse_labels":false,"testimonial_gallery":false,"testimonial_media":{"title":"","media_testimonial":false},"title_gallery":"","gallery":false,"tab_content":{"tab_list":false},"image_text_block_2":{"image":false,"logo":false,"text_description":""}}],"has_subtitle":false,"has_logo_page":false,"size_content":"9","gray_line":false,"header_color":"blue"},"_links":{"self":[{"href":"https:\/\/visionzero.lu\/de\/wp-json\/wp\/v2\/pages\/1412","targetHints":{"allow":["GET"]}}],"collection":[{"href":"https:\/\/visionzero.lu\/de\/wp-json\/wp\/v2\/pages"}],"about":[{"href":"https:\/\/visionzero.lu\/de\/wp-json\/wp\/v2\/types\/page"}],"author":[{"embeddable":true,"href":"https:\/\/visionzero.lu\/de\/wp-json\/wp\/v2\/users\/1"}],"replies":[{"embeddable":true,"href":"https:\/\/visionzero.lu\/de\/wp-json\/wp\/v2\/comments?post=1412"}],"version-history":[{"count":5,"href":"https:\/\/visionzero.lu\/de\/wp-json\/wp\/v2\/pages\/1412\/revisions"}],"predecessor-version":[{"id":25781,"href":"https:\/\/visionzero.lu\/de\/wp-json\/wp\/v2\/pages\/1412\/revisions\/25781"}],"wp:attachment":[{"href":"https:\/\/visionzero.lu\/de\/wp-json\/wp\/v2\/media?parent=1412"}],"curies":[{"name":"wp","href":"https:\/\/api.w.org\/{rel}","templated":true}]}}