{"id":1250,"date":"2019-07-16T08:10:54","date_gmt":"2019-07-16T06:10:54","guid":{"rendered":"https:\/\/visionzero.lu\/fr\/?page_id=1250"},"modified":"2022-06-01T08:19:30","modified_gmt":"2022-06-01T06:19:30","slug":"protection-des-donnees","status":"publish","type":"page","link":"https:\/\/visionzero.lu\/de\/francais-protection-des-donnees\/","title":{"rendered":"Datenschutz"},"content":{"rendered":"<p><\/p>\n<h4><strong>Allgemein<\/strong><\/h4>\n<p>Die vom Nutzer zur Verf\u00fcgung gestellten personenbezogenen Daten werden in \u00dcbereinstimmung mit der <a href=\"https:\/\/eur-lex.europa.eu\/legal-content\/FR\/TXT\/?uri=CELEX:32016R0679\" target=\"_blank\" rel=\"noopener\">Verordnung (EU) 2016\/679 des Europ\u00e4ischen Parlaments und des Europarats vom 27. April 2016<\/a> zum Schutz nat\u00fcrlicher Personen bei der Verarbeitung personenbezogener Daten und zum freien Verkehr dieser Daten verarbeitet.<\/p>\n<p>Der Staat des Gro\u00dfherzogtums Luxemburg sammelt aus Sicherheitsgr\u00fcnden keine anderen personenbezogenen Daten als IP-Adressen in den Logs der Webserver. Die Zustimmung des Benutzers ist f\u00fcr den Besuch dieser Website nicht erforderlich.<\/p>\n<p>Der Verantwortliche f\u00fcr diese Verarbeitung ist die f\u00fcr diese Website zust\u00e4ndige Einrichtung, d. h. die AAA, in enger Abstimmung mit der UEL und dem INDR.<\/p>\n<p>Die Nutzer k\u00f6nnen Beschwerden bez\u00fcglich des Schutzes ihrer personenbezogenen Daten \u00fcber die jeweils vorgesehenen Kommunikationskan\u00e4le an den Verantwortlichen, in diesem Fall die f\u00fcr diese Website zust\u00e4ndige Einrichtung, richten. Der Benutzer kann auch eine Beschwerde beim Datenschutzbeauftragten der Einrichtung \u00fcber die folgende E-Mail-Adresse einreichen: <a href=\"mailto:dpo.aaa@secu.lu\">dpo.aaa@secu.lu<\/a>. Der Nutzer kann sich bei Streitigkeiten in diesem Bereich auch an die <a href=\"https:\/\/cnpd.public.lu\/\" target=\"_blank\" rel=\"noopener\">Nationale Kommission f\u00fcr Datenschutz<\/a> mit Sitz in 1 Avenue du Rock&#8217;n&#8217;Roll, L-4361 Esch-sur-Alzette wenden.<\/p>\n<h4><strong>Website-Formulare<\/strong><\/h4>\n<p>Die Sie betreffenden Informationen, die in den verschiedenen Formularen auf der Website gesammelt werden, werden von der AAA verarbeitet, die mit Ihren Daten befasst ist, um Ihre Anfrage auszuf\u00fchren.<\/p>\n<p>Mit dem Ausf\u00fcllen der Formulare akzeptieren Sie, dass Ihre pers\u00f6nlichen Daten im Rahmen Ihrer Anfrage verarbeitet werden. Diese Informationen werden so lange aufbewahrt, wie es f\u00fcr die Verwaltung erforderlich ist, um den Zweck der Verarbeitung zu erreichen. Wie lange die \u00fcbermittelten Daten aufbewahrt werden, h\u00e4ngt von der jeweiligen Anfrage ab.<\/p>\n<p>Der Empf\u00e4nger Ihrer Daten ist die f\u00fcr die Bearbeitung Ihres Anliegens zust\u00e4ndige Einrichtung. Bitte wenden Sie sich mit Ihrer Anfrage an die betreffende Einrichtung, um die Empf\u00e4nger der Daten in diesem Formular zu erfahren.<\/p>\n<p>Gem\u00e4\u00df der Verordnung (EU) 2016\/679 zum Schutz nat\u00fcrlicher Personen bei der Verarbeitung personenbezogener Daten und zum freien Datenverkehr haben Sie das Recht auf Zugang, Berichtigung und ggf. L\u00f6schung der Sie betreffenden Daten. Sie haben auch das Recht, Ihre Einwilligung jederzeit zu widerrufen.<\/p>\n<p>Dar\u00fcber hinaus k\u00f6nnen Sie, sofern die Verarbeitung Ihrer Daten nicht zwingend erforderlich ist, aus berechtigten Gr\u00fcnden Widerspruch gegen die Verarbeitung einlegen.<\/p>\n<p>Wenn Sie diese Rechte aus\u00fcben und\/oder eine Mitteilung Ihrer Daten erhalten m\u00f6chten, wenden Sie sich bitte an den Datenschutzbeauftragten der AAA, L-2975 Luxemburg. Sie haben auch die M\u00f6glichkeit, eine Beschwerde bei der Nationalen Kommission f\u00fcr Datenschutz mit Sitz in 1 Avenue du Rock&#8217;n&#8217;Roll, L-4361 Esch-sur-Alzette, einzureichen.<\/p>\n<h4><strong>Ma\u00dfnahmen im Zusammenhang mit dem Newsletter-Management<\/strong><\/h4>\n<p>Die bei der Anmeldung f\u00fcr den <a href=\"https:\/\/visionzero.lu\/de\/newsletter\/\">Newsletter<\/a> dieser Website angegebene E-Mail-Adresse wird zu dem einzigen Zweck der Verteilung des Newsletters an einen Auftragsverarbeiter weitergeleitet, namentlich an das Unternehmen \u201eMailjet\u201c mit Sitz in Paris, Frankreich, das denselben gesetzlichen Verpflichtungen zum Schutz personenbezogener Daten unterliegt. Um Missbrauch zu vermeiden, muss der Nutzer seine Anmeldung best\u00e4tigen, indem er auf einen Link klickt, der an die angegebene E-Mail-Adresse geschickt wird.<\/p>\n<p>Der Nutzer kann sich jederzeit \u00fcber einen in jeder gesendeten E-Mail enthaltenen Link oder durch Kontaktaufnahme mit der f\u00fcr die Website zust\u00e4ndigen Stelle abmelden. Im Falle von Problemen im Zusammenhang mit der Nutzung des Newsletters muss sich der Nutzer ebenfalls an die f\u00fcr die Website zust\u00e4ndige Stelle wenden. \u00a0Die Dauer der Speicherung der Daten des Nutzers \u00fcbersteigt nicht die seiner Anmeldung.<\/p>\n<p>Der f\u00fcr diese Verarbeitung Verantwortliche ist die f\u00fcr diese Website zust\u00e4ndige Stelle.<\/p>\n<h4><strong>Forum zum Arbeits- und Gesundheitsschutz<\/strong><\/h4>\n<p>Das Forum zum Arbeits- und Gesundheitsschutz ist eine \u00f6ffentliche Veranstaltung.<\/p>\n<p>Die Teilnehmer und Besucher werden dar\u00fcber informiert, dass sie m\u00f6glicherweise auf Fotografien und Filmen zu sehen sind, die w\u00e4hrend der Veranstaltung von einem Dienstleister erstellt und an die Initiatoren (AAA\/UEL\/INDR) von VISION ZERO weitergeleitet werden, die als Verantwortliche f\u00fcr die Verarbeitung dieser Daten fungieren.<\/p>\n<p>Die Fotografien und Filme sind f\u00fcr die Verarbeitung und Ver\u00f6ffentlichung in schriftlichen oder digitalen Medien (insbesondere auf der Website www.visionzero.lu) im Rahmen der Kommunikation der von VISION ZERO verfolgten nationalen Strategie bestimmt. Die Daten werden nur so lange aufbewahrt, wie es f\u00fcr die Erreichung des verfolgten Zwecks unbedingt erforderlich ist.<\/p>\n<p>Zur Information: Bilder und Filme, die von der Presse oder anderen Personen gemacht werden, erfolgen unter der Verantwortung der letzteren.<\/p>\n<h4><strong>Cookie-Verwaltung<\/strong><\/h4>\n<p>Diese Website kann Client-Cookies verwenden, kleine Textdateien, die es erm\u00f6glichen, Informationen \u00fcber die Navigation des Benutzers zu analysieren (H\u00e4ufigkeit der Besuche, Dauer der Besuche, besuchte Seiten, Sprachpr\u00e4ferenzen usw.). Sie werden von dieser Seite in einem daf\u00fcr vorgesehenen Verzeichnis auf dem Rechner des Benutzers abgelegt. Sie enthalten insbesondere den Namen des Servers, eine Kennung in Form einer eindeutigen Nummer und ein Verfallsdatum. Die eindeutige Kennung erm\u00f6glicht es dieser Website, den Computer des Benutzers bei jedem Besuch zu erkennen.<\/p>\n<p>Diese Website verwendet Cookies als Teil der statistischen Analyse des Websiteverkehrs. Der Cookie wird von Google Analytics hinterlegt. Adobe Analytics ist ein Produkt eines Drittanbieters, das in Europa gehostet wird und die europ\u00e4ische Datenschutzgesetzgebung einh\u00e4lt. Cookies erm\u00f6glichen es, die Anzahl der Besucher zu z\u00e4hlen und Informationen dar\u00fcber zu sammeln, wie die Website genutzt wird (z. B. am h\u00e4ufigsten aufgerufene Seiten, Besuchszeit, usw.). Dadurch ist es m\u00f6glich, die Seite zu verbessern, um einen besseren Zugang zu Informationen zu gew\u00e4hrleisten. Es wird darauf hingewiesen, dass die Seite keine Werbe-Cookies verwendet.<\/p>\n<p>Der Benutzer kann selbst entscheiden, ob der Webserver dieser Seite Cookies auf seinem Computer speichern darf oder nicht. Der Nutzer hat jederzeit die M\u00f6glichkeit, seine Browseroptionen so einzustellen, dass Cookies nicht akzeptiert oder gespeichert werden. Dar\u00fcber hinaus kann der Nutzer bereits gespeicherte Cookies jederzeit \u00fcber den Browser l\u00f6schen.<\/p>\n<p>Diese Browser-Optionen in Bezug auf Cookies finden Sie normalerweise in den Men\u00fcs \u201eOptionen\u201c, \u201eExtras\u201c oder \u201eEinstellungen\u201c des Browsers, den Sie f\u00fcr den Zugriff auf diese Website verwenden. Je nach den verschiedenen verf\u00fcgbaren Browsern k\u00f6nnen jedoch unterschiedliche Vorgehensweisen zur Deaktivierung von Cookies angewendet werden.<\/p>\n<p>Die Nutzung bestimmter Funktionen dieser Website kann eingeschr\u00e4nkt oder deaktiviert sein, wenn der Benutzer die Cookies der Website ablehnt. Es wird daher empfohlen, dass der Benutzer seinen Browser so einstellt, dass er Cookies von der Website akzeptiert.<\/p>\n<h4><strong>Ma\u00dfnahmen im Zusammenhang mit der Publikumsmessung<\/strong><\/h4>\n<p>Um unseren Service zu verbessern, sammeln wir \u201eTracking-Daten\u201c. Diese liefern Informationen \u00fcber Ihr Verhalten auf unserer Website. Solche Tracking-Daten erlauben es uns nicht, Sie zu identifizieren.<\/p>\n<p>Das verwendete Tracking-System ist Google Analytics.<\/p>\n<p>Sie haben die M\u00f6glichkeit, der Erfassung und Verarbeitung dieser Daten durch Google Analytics zu widersprechen, indem Sie ein <a href=\"https:\/\/tools.google.com\/dlpage\/gaoptout?hl=fr\" target=\"_blank\" rel=\"noopener\">Opt-Out-Cookie<\/a> setzen, das die zuk\u00fcnftige Erfassung Ihrer Daten w\u00e4hrend Ihres Besuchs auf dieser Website verhindert.<\/p>\n<p>Weitere Informationen finden Sie in den Datenschutzbestimmungen von Google Analytics.<\/p>","protected":false},"excerpt":{"rendered":"<p>Allgemein Die vom Nutzer zur Verf\u00fcgung gestellten personenbezogenen Daten werden in \u00dcbereinstimmung mit der Verordnung (EU) 2016\/679 des Europ\u00e4ischen Parlaments und des Europarats vom 27. April 2016 zum Schutz nat\u00fcrlicher Personen bei der Verarbeitung personenbezogener Daten und zum freien Verkehr dieser Daten verarbeitet. Der Staat des Gro\u00dfherzogtums Luxemburg sammelt aus Sicherheitsgr\u00fcnden keine anderen personenbezogenen Daten [&hellip;]<\/p>\n","protected":false},"author":1,"featured_media":0,"parent":0,"menu_order":68,"comment_status":"closed","ping_status":"closed","template":"","meta":{"_acf_changed":false,"footnotes":""},"class_list":["post-1250","page","type-page","status-publish","hentry"],"acf":{"subtitle":"","content":false,"has_subtitle":false,"has_logo_page":false,"size_content":"9"},"_links":{"self":[{"href":"https:\/\/visionzero.lu\/de\/wp-json\/wp\/v2\/pages\/1250","targetHints":{"allow":["GET"]}}],"collection":[{"href":"https:\/\/visionzero.lu\/de\/wp-json\/wp\/v2\/pages"}],"about":[{"href":"https:\/\/visionzero.lu\/de\/wp-json\/wp\/v2\/types\/page"}],"author":[{"embeddable":true,"href":"https:\/\/visionzero.lu\/de\/wp-json\/wp\/v2\/users\/1"}],"replies":[{"embeddable":true,"href":"https:\/\/visionzero.lu\/de\/wp-json\/wp\/v2\/comments?post=1250"}],"version-history":[{"count":0,"href":"https:\/\/visionzero.lu\/de\/wp-json\/wp\/v2\/pages\/1250\/revisions"}],"wp:attachment":[{"href":"https:\/\/visionzero.lu\/de\/wp-json\/wp\/v2\/media?parent=1250"}],"curies":[{"name":"wp","href":"https:\/\/api.w.org\/{rel}","templated":true}]}}