{"id":1248,"date":"2019-07-16T08:10:40","date_gmt":"2019-07-16T06:10:40","guid":{"rendered":"https:\/\/visionzero.lu\/fr\/?page_id=1248"},"modified":"2023-07-13T15:52:36","modified_gmt":"2023-07-13T13:52:36","slug":"mentions-legales","status":"publish","type":"page","link":"https:\/\/visionzero.lu\/de\/francais-mentions-legales\/","title":{"rendered":"Rechtliche Informationen"},"content":{"rendered":"<p>Sie sind auf der offiziellen Website der nationalen Strategie VISION ZERO. Die Initiatoren der VISION ZERO sind\u00a0: Association d\u2019Assurance Accident (nachstehend \u201e\u00a0AAA\u201c), Union des Entreprises Luxembourgeoises (nachstehend \u201e\u00a0UEL\u201c), Institut National pour le D\u00e9veloppement durable et la Responsabilit\u00e9 sociale des entreprises (nachstehend \u201e\u00a0INDR\u201c).<\/p>\n<p>Diese Website wird von der zust\u00e4ndigen Beh\u00f6rde, der AAA, in enger Abstimmung mit der UEL und dem INDR ver\u00f6ffentlicht und betrieben. Die Website wird von VISUAL ONLINE gehostet. Die Entwicklung der Website wird von den Agenturen COMED und MIDORI durchgef\u00fchrt. Es wurde gr\u00f6\u00dfte Sorgfalt walten lassen, um ein angemessenes Niveau an Qualit\u00e4t und Barrierefreiheit zu gew\u00e4hrleisten.<\/p>\n<p>Die Unfallversicherung (AAA) ist eine \u00f6ffentlich-rechtliche Anstalt, die dem Ministerium f\u00fcr Sozialversicherungswesen untersteht. Der Sitz der AAA befindet sich unter folgender Adresse: 4, rue Mercier, L-2144 Luxemburg. Die AAA ist im luxemburgischen Handels- und Gesellschaftsregister unter der Nummer J16 eingetragen.<\/p>\n<p>Die UEL ist der Dachverband der luxemburgischen Arbeitsgeber. Der Sitz der UEL befindet sich unter folgender Adresse: 7, rue Alcide Gasperi, L-1615 Luxembourg. Die UEL ist im luxemburgischen Handels- und Gesellschaftsregister unter der Nummer F2065 eingetragen.<\/p>\n<p>Das Nationale Institut f\u00fcr nachhaltige Entwicklung und Soziale Verantwortung der Unternehmen (INDR) hat zur Aufgabe den Unternehmen bei der strategischen Einf\u00fchrung der sozialen Verantwortung (CSR) beizustehen, damit sie zur nachhaltigen Entwicklung beitragen und ihre Wettbewerbsf\u00e4higkeit sowie ihr Image zu verbessern. Der Sitz des INDR befindet sich unter folgender Adresse: 7, rue Alcide Gasperi, L-1615 Luxembourg. Der INDR ist im luxemburgischen Handels- und Gesellschaftsregister unter der Nummer F7455<\/p>\n<p>eingetragen.<\/p>\n<p>Wir empfehlen Ihnen, die Informationen zum <a href=\"https:\/\/visionzero.lu\/de\/francais-protection-des-donnees\/\">Datenschutz<\/a> und zu den <a href=\"https:\/\/visionzero.lu\/de\/conditions-generales-dutilisation-du-site-internet\/\">allgemeinen Nutzungsbedingungen der Internetseite<\/a> aufzurufen.<\/p>","protected":false},"excerpt":{"rendered":"<p>Sie sind auf der offiziellen Website der nationalen Strategie VISION ZERO. Die Initiatoren der VISION ZERO sind\u00a0: Association d\u2019Assurance Accident (nachstehend \u201e\u00a0AAA\u201c), Union des Entreprises Luxembourgeoises (nachstehend \u201e\u00a0UEL\u201c), Institut National pour le D\u00e9veloppement durable et la Responsabilit\u00e9 sociale des entreprises (nachstehend \u201e\u00a0INDR\u201c). Diese Website wird von der zust\u00e4ndigen Beh\u00f6rde, der AAA, in enger Abstimmung mit [&hellip;]<\/p>\n","protected":false},"author":1,"featured_media":0,"parent":0,"menu_order":71,"comment_status":"closed","ping_status":"closed","template":"","meta":{"_acf_changed":false,"footnotes":""},"class_list":["post-1248","page","type-page","status-publish","hentry"],"acf":{"subtitle":"","content":false,"has_subtitle":false,"has_logo_page":false,"size_content":"9","header_color":"blue"},"_links":{"self":[{"href":"https:\/\/visionzero.lu\/de\/wp-json\/wp\/v2\/pages\/1248","targetHints":{"allow":["GET"]}}],"collection":[{"href":"https:\/\/visionzero.lu\/de\/wp-json\/wp\/v2\/pages"}],"about":[{"href":"https:\/\/visionzero.lu\/de\/wp-json\/wp\/v2\/types\/page"}],"author":[{"embeddable":true,"href":"https:\/\/visionzero.lu\/de\/wp-json\/wp\/v2\/users\/1"}],"replies":[{"embeddable":true,"href":"https:\/\/visionzero.lu\/de\/wp-json\/wp\/v2\/comments?post=1248"}],"version-history":[{"count":2,"href":"https:\/\/visionzero.lu\/de\/wp-json\/wp\/v2\/pages\/1248\/revisions"}],"predecessor-version":[{"id":21419,"href":"https:\/\/visionzero.lu\/de\/wp-json\/wp\/v2\/pages\/1248\/revisions\/21419"}],"wp:attachment":[{"href":"https:\/\/visionzero.lu\/de\/wp-json\/wp\/v2\/media?parent=1248"}],"curies":[{"name":"wp","href":"https:\/\/api.w.org\/{rel}","templated":true}]}}