{"id":11892,"date":"2020-10-05T15:00:01","date_gmt":"2020-10-05T13:00:01","guid":{"rendered":"https:\/\/visionzero.lu\/fr\/prix-sst\/laureats-2020\/kinaesthetics-dans-le-secteur-hospitalier-2\/"},"modified":"2020-12-09T11:34:01","modified_gmt":"2020-12-09T10:34:01","slug":"kinaesthetics-dans-le-secteur-hospitalier-2","status":"publish","type":"page","link":"https:\/\/visionzero.lu\/de\/prix-sst-2026\/laureats-2020\/husky\/","title":{"rendered":"HUSKY Injection Molding Systems S.A."},"content":{"rendered":"<p>HUSKY Injection Molding Systems Ltd. ist der weltweit gr\u00f6\u00dfte Anbieter von Industriel\u00f6sungen und besch\u00e4ftigt an seinem Standort in D\u00fcdelingen fast 1.000 Mitarbeiter. Das Unternehmen entwickelt und fertigt eine breite Palette von Spritzgie\u00dfmaschinen, Hei\u00dfkan\u00e4len, Robotern, Werkzeugen und integrierten Systemen, die zur Herstellung einer Vielzahl von Kunststoffprodukten eingesetzt werden.<\/p>\n<p>Im Januar 2019 f\u00fchrte HUSKY Luxemburg im Rahmen seines \u201eTargetZERO\u201c-Programms ein Anreizprogramm zum Thema Sicherheit namens \u201e<strong>EHS incentive program<\/strong>\u201c ein, um die Arbeitsbedingungen am Standort zu verbessern. Teams, die an diesem Programm teilnehmen, k\u00f6nnen monatlich <strong>Punkte nach<\/strong> den <strong>Kriterien der 4 nachfolgenden Kategorien<\/strong> <strong>gewinnen oder verlieren<\/strong>: \u201eSichere Arbeit\u201c, \u201eProaktivit\u00e4t\u201c, \u201eF\u00fchrung\u201c und \u201eEngagement\u201c. Am Ende des Jahres werden die 3 Teams mit den meisten Punkten belohnt. Ziel dieses Programms ist es, den Beteiligten jeder Hierarchieebene bewusst zu machen, <strong>dass jeder eine \u201eaktive\u201c Rolle in der Pr\u00e4vention spielen muss<\/strong>.<\/p>","protected":false},"excerpt":{"rendered":"<p>HUSKY Injection Molding Systems Ltd. ist der weltweit gr\u00f6\u00dfte Anbieter von Industriel\u00f6sungen und besch\u00e4ftigt an seinem Standort in D\u00fcdelingen fast 1.000 Mitarbeiter. Das Unternehmen entwickelt und fertigt eine breite Palette von Spritzgie\u00dfmaschinen, Hei\u00dfkan\u00e4len, Robotern, Werkzeugen und integrierten Systemen, die zur Herstellung einer Vielzahl von Kunststoffprodukten eingesetzt werden. Im Januar 2019 f\u00fchrte HUSKY Luxemburg im Rahmen [&hellip;]<\/p>\n","protected":false},"author":2,"featured_media":0,"parent":1940,"menu_order":3,"comment_status":"closed","ping_status":"closed","template":"template-laureats.php","meta":{"_acf_changed":false,"footnotes":""},"class_list":["post-11892","page","type-page","status-publish","hentry"],"acf":{"subtitle":"Programme d\u2019encouragement \u00e0 la s\u00e9curit\u00e9","second_description":"","width":"6","actual_inscriptions":"18"},"_links":{"self":[{"href":"https:\/\/visionzero.lu\/de\/wp-json\/wp\/v2\/pages\/11892","targetHints":{"allow":["GET"]}}],"collection":[{"href":"https:\/\/visionzero.lu\/de\/wp-json\/wp\/v2\/pages"}],"about":[{"href":"https:\/\/visionzero.lu\/de\/wp-json\/wp\/v2\/types\/page"}],"author":[{"embeddable":true,"href":"https:\/\/visionzero.lu\/de\/wp-json\/wp\/v2\/users\/2"}],"replies":[{"embeddable":true,"href":"https:\/\/visionzero.lu\/de\/wp-json\/wp\/v2\/comments?post=11892"}],"version-history":[{"count":0,"href":"https:\/\/visionzero.lu\/de\/wp-json\/wp\/v2\/pages\/11892\/revisions"}],"up":[{"embeddable":true,"href":"https:\/\/visionzero.lu\/de\/wp-json\/wp\/v2\/pages\/1940"}],"wp:attachment":[{"href":"https:\/\/visionzero.lu\/de\/wp-json\/wp\/v2\/media?parent=11892"}],"curies":[{"name":"wp","href":"https:\/\/api.w.org\/{rel}","templated":true}]}}