{"id":11881,"date":"2020-10-01T15:20:02","date_gmt":"2020-10-01T13:20:02","guid":{"rendered":"https:\/\/visionzero.lu\/fr\/prix-sst\/laureats-2020\/kinaesthetics-dans-le-secteur-hospitalier\/"},"modified":"2020-12-09T11:33:56","modified_gmt":"2020-12-09T10:33:56","slug":"kinaesthetics-dans-le-secteur-hospitalier","status":"publish","type":"page","link":"https:\/\/visionzero.lu\/de\/prix-sst-2026\/laureats-2020\/prevention-et-gestion-des-situations-dagressions-physiques-et-verbales-au-travail\/","title":{"rendered":"Centre Hospitalier Emile Mayrisch (CHEM)"},"content":{"rendered":"<p>Das Krankenhauszentrum Emile Mayrisch (CHEM; Centre Hospitalier Emile Mayrisch), das aus der Fusion des Escher und D\u00fcdelinger Krankenhauses und des Krankenhauses Princesse Marie-Astrid in Niederkorn hervorgegangen ist, ist heute eines der gr\u00f6\u00dften Krankenhauszentren Luxemburgs und besch\u00e4ftigt mehr als 1.860 Mitarbeiter, darunter 260 \u00c4rzte, die mehr als 100.000 Patienten pro Jahr versorgen. Getreu seinem Credo \u201eE Spidol vun de Leit fir d&#8217;Leit\u201c bietet das CHEM seinen Mitarbeitern einen stabilen und humanen Arbeitsplatz, der den Dialog f\u00f6rdert.<\/p>\n<p>Die Auswertung von Zufriedenheitsumfragen und Arbeitsunf\u00e4llen von Mitarbeitern des CHEM der letzten Jahre hat gezeigt, dass Aggressionen gegen Mitarbeiter im CHEM ein echtes Problem sind. Das Projekt \u201ePr\u00e9vention et gestion des situations d\u2019agressions physiques et verbales au travail\u201c, was so viel bedeutet wie \u201e<strong>Pr\u00e4vention und Management von Situationen physischer und verbaler Aggression am Arbeitsplatz<\/strong>\u201c, des CHEM, das seit Juli 2017 zu den Unterzeichnern der nationalen Strategie VISION ZERO geh\u00f6rt, verfolgt das Ziel, ein einfaches und schnelles Instrument zur Meldung von Aggressionen am Arbeitsplatz einzurichten indem man die <strong>Aggressionen in 4 verschiedene Gruppen unterteilt<\/strong>: verbale Aggressionen, physiche Aggressionen, Drohungen und Unh\u00f6flichkeiten. Ein zweites Ziel dieses Projekts besteht darin, die <strong>Besch\u00e4ftigten auf verschiedenen Ebenen zu unterst\u00fctzen<\/strong>, indem ihnen <strong>unterschiedliche Arten der Betreuung angeboten werden<\/strong>: psychologische Betreuung, pr\u00e4ventive Unterst\u00fctzung bei k\u00fcnftigen Unf\u00e4llen und Rechtsbeistand.<\/p>","protected":false},"excerpt":{"rendered":"<p>Das Krankenhauszentrum Emile Mayrisch (CHEM; Centre Hospitalier Emile Mayrisch), das aus der Fusion des Escher und D\u00fcdelinger Krankenhauses und des Krankenhauses Princesse Marie-Astrid in Niederkorn hervorgegangen ist, ist heute eines der gr\u00f6\u00dften Krankenhauszentren Luxemburgs und besch\u00e4ftigt mehr als 1.860 Mitarbeiter, darunter 260 \u00c4rzte, die mehr als 100.000 Patienten pro Jahr versorgen. Getreu seinem Credo \u201eE [&hellip;]<\/p>\n","protected":false},"author":2,"featured_media":0,"parent":1940,"menu_order":4,"comment_status":"closed","ping_status":"closed","template":"template-laureats.php","meta":{"_acf_changed":false,"footnotes":""},"class_list":["post-11881","page","type-page","status-publish","hentry"],"acf":{"subtitle":"Pr\u00e9vention et gestion des situations d\u2019agressions physiques et verbales au travail","second_description":"","width":"6","actual_inscriptions":"23"},"_links":{"self":[{"href":"https:\/\/visionzero.lu\/de\/wp-json\/wp\/v2\/pages\/11881","targetHints":{"allow":["GET"]}}],"collection":[{"href":"https:\/\/visionzero.lu\/de\/wp-json\/wp\/v2\/pages"}],"about":[{"href":"https:\/\/visionzero.lu\/de\/wp-json\/wp\/v2\/types\/page"}],"author":[{"embeddable":true,"href":"https:\/\/visionzero.lu\/de\/wp-json\/wp\/v2\/users\/2"}],"replies":[{"embeddable":true,"href":"https:\/\/visionzero.lu\/de\/wp-json\/wp\/v2\/comments?post=11881"}],"version-history":[{"count":0,"href":"https:\/\/visionzero.lu\/de\/wp-json\/wp\/v2\/pages\/11881\/revisions"}],"up":[{"embeddable":true,"href":"https:\/\/visionzero.lu\/de\/wp-json\/wp\/v2\/pages\/1940"}],"wp:attachment":[{"href":"https:\/\/visionzero.lu\/de\/wp-json\/wp\/v2\/media?parent=11881"}],"curies":[{"name":"wp","href":"https:\/\/api.w.org\/{rel}","templated":true}]}}