{"id":11879,"date":"2020-10-01T15:17:34","date_gmt":"2020-10-01T13:17:34","guid":{"rendered":"https:\/\/visionzero.lu\/fr\/prix-sst\/laureats-2018\/keskonfaisi-2\/"},"modified":"2020-12-09T11:33:52","modified_gmt":"2020-12-09T10:33:52","slug":"keskonfaisi-2","status":"publish","type":"page","link":"https:\/\/visionzero.lu\/de\/prix-sst-2026\/laureats-2020\/kinaesthetics-dans-le-secteur-hospitalier-2\/","title":{"rendered":"Centre Hospitalier du Nord (CHdN)"},"content":{"rendered":"<p>Das Krankenhauszentrum des Nordens (CHdN; Centre Hospitalier du Nord) ist eines von vier Krankenhauszentren des Landes und besch\u00e4ftigt mehr als 1.000 Menschen, darunter etwa 160 \u00c4rzte. Seit 2018 ist das CHdN Unterzeichner der nationalen Strategie VISION ZERO, die intern unter dem Slogan \u201e#Bewosst_S\u00e9cher_Gesond\u201c umgesetzt wurde. Das CHdN hat sich verpflichtet, Gesundheit und Sicherheit an erster Stelle der Anliegen aller Personen zu setzen, die im CHdN arbeiten. Aus diesem Grund wurden die gesamte Gesch\u00e4ftsf\u00fchrung, der Vorstand und das lokale Management nach den 7 goldenen Regeln der VISION ZERO geschult.<\/p>\n<p>2007 f\u00fchrte das CHdN das Projekt \u201e<strong>Kin\u00e4sthetik<\/strong>\u201c ein, um Arbeitsunf\u00e4lle im Zusammenhang mit <strong>Muskel- und Skeletterkrankungen<\/strong> bei ihren Mitarbeitern zu reduzieren. Kin\u00e4sthetik ist eine Bewegungslehre, die auf der \u00dcberlegung beruht, dass die Qualit\u00e4t der Bewegung selbst einen gro\u00dfen Einfluss auf Lern- und Gesundheitsprozesse im Laufe des Lebens hat. Diese Interaktion zwischen dem Gesundheitspersonal und dem Patienten, die dem Tanzen \u00e4hnelt, <strong>sch\u00fctzt das Gesundheitspersonal<\/strong> nicht nur vor R\u00fcckenschmerzen und Muskel- sowie Skeletterkrankungen, sondern <strong>respektiert auch die Autonomie des Patienten<\/strong> und stellt sie sogar wieder her. Durch diese Art des Kontaktes werden <strong>Menschlichkeit<\/strong> und <strong>Respekt<\/strong> wieder in den Mittelpunkt der Pflegepraxis des CHdN gestellt.<\/p>","protected":false},"excerpt":{"rendered":"<p>Das Krankenhauszentrum des Nordens (CHdN; Centre Hospitalier du Nord) ist eines von vier Krankenhauszentren des Landes und besch\u00e4ftigt mehr als 1.000 Menschen, darunter etwa 160 \u00c4rzte. Seit 2018 ist das CHdN Unterzeichner der nationalen Strategie VISION ZERO, die intern unter dem Slogan \u201e#Bewosst_S\u00e9cher_Gesond\u201c umgesetzt wurde. Das CHdN hat sich verpflichtet, Gesundheit und Sicherheit an erster [&hellip;]<\/p>\n","protected":false},"author":2,"featured_media":0,"parent":1940,"menu_order":5,"comment_status":"closed","ping_status":"closed","template":"template-laureats.php","meta":{"_acf_changed":false,"footnotes":""},"class_list":["post-11879","page","type-page","status-publish","hentry"],"acf":{"subtitle":"Kinaesthetics dans le secteur hospitalier","second_description":"","width":"6","actual_inscriptions":"235"},"_links":{"self":[{"href":"https:\/\/visionzero.lu\/de\/wp-json\/wp\/v2\/pages\/11879","targetHints":{"allow":["GET"]}}],"collection":[{"href":"https:\/\/visionzero.lu\/de\/wp-json\/wp\/v2\/pages"}],"about":[{"href":"https:\/\/visionzero.lu\/de\/wp-json\/wp\/v2\/types\/page"}],"author":[{"embeddable":true,"href":"https:\/\/visionzero.lu\/de\/wp-json\/wp\/v2\/users\/2"}],"replies":[{"embeddable":true,"href":"https:\/\/visionzero.lu\/de\/wp-json\/wp\/v2\/comments?post=11879"}],"version-history":[{"count":0,"href":"https:\/\/visionzero.lu\/de\/wp-json\/wp\/v2\/pages\/11879\/revisions"}],"up":[{"embeddable":true,"href":"https:\/\/visionzero.lu\/de\/wp-json\/wp\/v2\/pages\/1940"}],"wp:attachment":[{"href":"https:\/\/visionzero.lu\/de\/wp-json\/wp\/v2\/media?parent=11879"}],"curies":[{"name":"wp","href":"https:\/\/api.w.org\/{rel}","templated":true}]}}