{"id":11600,"date":"2020-06-08T11:26:06","date_gmt":"2020-06-08T09:26:06","guid":{"rendered":"https:\/\/visionzero.lu\/fr\/?page_id=11600"},"modified":"2021-11-11T13:31:58","modified_gmt":"2021-11-11T12:31:58","slug":"recommandations-covid-19","status":"publish","type":"page","link":"https:\/\/visionzero.lu\/de\/beste-praktiken\/recommandations-covid-19\/","title":{"rendered":"Empfehlungen zum Covid-19"},"content":{"rendered":"<p>Im Zusammenhang mit der Covid-19-Gesundheitskrise finden Sie nachstehend einige n\u00fctzliche Links:<\/p>\n<h3>Offizielle Website der Regierung<\/h3>\n<p>Die Regierung hat eine Reihe von spezifischen Informationen und Ma\u00dfnahmen auf ihrer Website ver\u00f6ffentlicht, die Sie hier finden:<\/p>\n<ul>\n<li><a class=\"moz-txt-link-abbreviated\" href=\"https:\/\/coronavirus.gouvernement.lu\/de.html\" target=\"_blank\" rel=\"noopener noreferrer\">www.covid19.lu<\/a><\/li>\n<li><a href=\"https:\/\/covid19.public.lu\/de\/informationen-bereiche.html\" target=\"_blank\" rel=\"noopener noreferrer\">Informationen nach Bereichen<\/a><\/li>\n<\/ul>\n<h3>Toolbox<\/h3>\n<p>Die Toolbox bietet Material (Flyer, Plakate, Videos, Piktogramme&#8230;), das von der luxemburgischen Regierung im Rahmen der Covid-19-Pandemie entwickelt wurde. Das Material ist in verschiedene Abschnitte unterteilt, um eine gezielte Suche zu erm\u00f6glichen. Das Material kann heruntergeladen und f\u00fcr jede Sensibilisierungs- und Informationsaktion frei verwendet werden.<\/p>\n<ul>\n<li><a href=\"https:\/\/coronavirus.gouvernement.lu\/fr\/toolbox.html\" target=\"_blank\" rel=\"noopener noreferrer\">Toolbox<\/a><\/li>\n<\/ul>\n<h3>Informationen und Empfehlungen f\u00fcr Unternehmen<\/h3>\n<p>Die Mitgliedskammern und -verb\u00e4nde der UEL haben zusammen mit den Gesundheitsdiensten verschiedene Instrumente entwickelt, um Unternehmen bei der Einf\u00fchrung angemessener Ma\u00dfnahmen zum Schutz von Mitarbeitern, die im Rahmen von Covid-19 an ihren Arbeitsplatz zur\u00fcckkehren, zu unterst\u00fctzen. Hier finden Sie eine \u00dcbersicht dieser Leitf\u00e4den und Empfehlungen f\u00fcr das Gesundheitsmanagement bei der R\u00fcckkehr an den Arbeitsplatz in Unternehmen sowie weiterf\u00fchrende Informationen von dem STM, STI und der ASTF.<\/p>\n<ul>\n<li><a href=\"https:\/\/uel.lu\/de\/artikel\/sicherheit-und-gesundheit-am-arbeitsplatz-in-zeiten-von-covid-19\/\" target=\"_blank\" rel=\"noopener noreferrer\">Sicherheit und Gesundheit am Arbeitsplatz in Zeiten von Covid-19 (UEL)<\/a><\/li>\n<li>\n<div class=\"col span_12 dark left\">\n<div class=\"vc_col-sm-12 wpb_column column_container vc_column_container col no-extra-padding instance-0\" data-t-w-inherits=\"default\" data-border-radius=\"none\" data-shadow=\"none\" data-border-animation=\"\" data-border-animation-delay=\"\" data-border-width=\"none\" data-border-style=\"solid\" data-border-color=\"\" data-bg-cover=\"\" data-padding-pos=\"all\" data-has-bg-color=\"false\" data-bg-color=\"\" data-bg-opacity=\"1\" data-hover-bg=\"\" data-hover-bg-opacity=\"1\" data-animation=\"\" data-delay=\"0\">\n<div class=\"vc_column-inner\">\n<div class=\"wpb_wrapper\">\n<div class=\"wpb_text_column wpb_content_element \">\n<div class=\"wpb_wrapper\">\n<p><a href=\"https:\/\/www.uel.lu\/de\/artikel\/faq-zum-covidcheck-in-unternehmen\/\" target=\"_blank\" rel=\"noopener noreferrer\">FAQ zum CovidCheck in Unternehmen (UEL)<\/a><\/p>\n<\/div>\n<\/div>\n<\/div>\n<\/div>\n<\/div>\n<\/div>\n<\/li>\n<\/ul>\n<p>&nbsp;<\/p>\n<p>Konsultieren Sie die FAQ der AAA zu Covid-19 zu folgenden Themen: Kontamination am Arbeitsplatz, Meldung einer Berufskrankheit, Verwaltungsverfahren f\u00fcr Telearbeit und Abdeckung w\u00e4hrend der Telearbeit:<\/p>\n<ul>\n<li><a href=\"https:\/\/aaa.public.lu\/de\/support\/faq\/Covid-19.html\" target=\"_blank\" rel=\"noopener noreferrer\">FAQ Covid-19 (AAA)<\/a><\/li>\n<\/ul>\n<p>&nbsp;<\/p>\n<p><img loading=\"lazy\" decoding=\"async\" class=\" wp-image-11450 aligncenter\" src=\"https:\/\/visionzero.lu\/wp-content\/uploads\/2020\/03\/Corona-DE.jpg\" alt=\"\" width=\"658\" height=\"877\" srcset=\"https:\/\/visionzero.lu\/wp-content\/uploads\/2020\/03\/Corona-DE.jpg 720w, https:\/\/visionzero.lu\/wp-content\/uploads\/2020\/03\/Corona-DE-225x300.jpg 225w\" sizes=\"auto, (max-width: 658px) 100vw, 658px\" \/><\/p>","protected":false},"excerpt":{"rendered":"<p>Im Zusammenhang mit der Covid-19-Gesundheitskrise finden Sie nachstehend einige n\u00fctzliche Links: Offizielle Website der Regierung Die Regierung hat eine Reihe von spezifischen Informationen und Ma\u00dfnahmen auf ihrer Website ver\u00f6ffentlicht, die Sie hier finden: www.covid19.lu Informationen nach Bereichen Toolbox Die Toolbox bietet Material (Flyer, Plakate, Videos, Piktogramme&#8230;), das von der luxemburgischen Regierung im Rahmen der Covid-19-Pandemie [&hellip;]<\/p>\n","protected":false},"author":2,"featured_media":7321,"parent":1139,"menu_order":0,"comment_status":"closed","ping_status":"closed","template":"","meta":{"_acf_changed":false,"footnotes":""},"class_list":["post-11600","page","type-page","status-publish","has-post-thumbnail","hentry"],"acf":{"subtitle":"","content":false,"has_subtitle":false,"has_logo_page":false,"size_content":"9"},"_links":{"self":[{"href":"https:\/\/visionzero.lu\/de\/wp-json\/wp\/v2\/pages\/11600","targetHints":{"allow":["GET"]}}],"collection":[{"href":"https:\/\/visionzero.lu\/de\/wp-json\/wp\/v2\/pages"}],"about":[{"href":"https:\/\/visionzero.lu\/de\/wp-json\/wp\/v2\/types\/page"}],"author":[{"embeddable":true,"href":"https:\/\/visionzero.lu\/de\/wp-json\/wp\/v2\/users\/2"}],"replies":[{"embeddable":true,"href":"https:\/\/visionzero.lu\/de\/wp-json\/wp\/v2\/comments?post=11600"}],"version-history":[{"count":0,"href":"https:\/\/visionzero.lu\/de\/wp-json\/wp\/v2\/pages\/11600\/revisions"}],"up":[{"embeddable":true,"href":"https:\/\/visionzero.lu\/de\/wp-json\/wp\/v2\/pages\/1139"}],"wp:featuredmedia":[{"embeddable":true,"href":"https:\/\/visionzero.lu\/de\/wp-json\/wp\/v2\/media\/7321"}],"wp:attachment":[{"href":"https:\/\/visionzero.lu\/de\/wp-json\/wp\/v2\/media?parent=11600"}],"curies":[{"name":"wp","href":"https:\/\/api.w.org\/{rel}","templated":true}]}}