{"id":1139,"date":"2019-07-11T15:08:55","date_gmt":"2019-07-11T13:08:55","guid":{"rendered":"https:\/\/visionzero.lu\/fr\/?page_id=1139"},"modified":"2019-09-05T18:26:42","modified_gmt":"2019-09-05T16:26:42","slug":"bonnes-pratiques-3","status":"publish","type":"page","link":"https:\/\/visionzero.lu\/de\/beste-praktiken\/","title":{"rendered":"Beste Praktiken der Unternehmen"},"content":{"rendered":"<p>Beste Praktiken sind ein effizientes Mittel, um Arbeitgeber und Arbeitnehmer f\u00fcr die Pr\u00e4ventionskultur im Bereich Sicherheit und Gesundheit am Arbeitsplatz zu sensibilisieren. Dabei geht es darum, konkrete L\u00f6sungen zu teilen und Instrumente zur Verf\u00fcgung zu stellen, die leicht in den Arbeitsalltag der Unternehmen integriert werden k\u00f6nnen. Diese Weitergabe stellt einen aktiven Beitrag zur Verwirklichung einer ehrgeizigen Politik in den Bereichen Pr\u00e4vention und Risikomanagement in allen Unternehmen dar.<\/p>","protected":false},"excerpt":{"rendered":"<p>Beste Praktiken sind ein effizientes Mittel, um Arbeitgeber und Arbeitnehmer f\u00fcr die Pr\u00e4ventionskultur im Bereich Sicherheit und Gesundheit am Arbeitsplatz zu sensibilisieren. Dabei geht es darum, konkrete L\u00f6sungen zu teilen und Instrumente zur Verf\u00fcgung zu stellen, die leicht in den Arbeitsalltag der Unternehmen integriert werden k\u00f6nnen. Diese Weitergabe stellt einen aktiven Beitrag zur Verwirklichung einer [&hellip;]<\/p>\n","protected":false},"author":1,"featured_media":0,"parent":0,"menu_order":57,"comment_status":"closed","ping_status":"closed","template":"","meta":{"_acf_changed":false,"footnotes":""},"class_list":["post-1139","page","type-page","status-publish","hentry"],"acf":{"has_subtitle":false,"pages":[{"page":"https:\/\/visionzero.lu\/de\/beste-praktiken\/beispiele\/","icon":false,"title":"Bonnes pratiques des entreprises","external_page":false,"url":""},{"page":"https:\/\/visionzero.lu\/de\/beste-praktiken\/ablauf\/","icon":false,"title":"D\u00e9marche de publication","external_page":false,"url":""},{"page":"https:\/\/visionzero.lu\/de\/beste-praktiken\/teilen\/","icon":false,"title":"Partage de votre bonne pratique","external_page":false,"url":""}],"has_logo_page":true,"logo_page":"https:\/\/visionzero.lu\/wp-content\/uploads\/2019\/06\/Vison_Zero_logo_Outil_Q.png","size_content":"9","content":[{"type_content":"grid_landscape","text_block":{"text_description":"","logo":false},"image_text_block":{"side_image":false,"text_description":"","image":false,"image_caption":""},"gallery_block":{"title_gallery":"","gallery":null},"images_grid_block":{"title":"","slider":false,"gallery":false,"gallery_de":false,"images_en":false,"button_text":"","button_link":"","zip_file":false,"zip_file_text":""},"documents_block":{"title_block_documents":"","file_document":false},"subject_block":{"title_subject_block":"","page":false},"new_layout":false,"grid_landscape":[{"external_page":false,"mediatheque":false,"title":"Beispiele","page":"https:\/\/visionzero.lu\/de\/beste-praktiken\/beispiele\/","url":"","mediaurl":"https:\/\/visionzero.lu\/en\/media-library\/?typeFile=videos","icon":"https:\/\/visionzero.lu\/wp-content\/uploads\/2019\/06\/Groupe-67.png"},{"external_page":false,"mediatheque":false,"title":"Ver\u00f6ffentlichungsverfahren","page":"https:\/\/visionzero.lu\/de\/beste-praktiken\/ablauf\/","url":"","mediaurl":"https:\/\/visionzero.lu\/en\/media-library\/?typeFile=videos","icon":"https:\/\/visionzero.lu\/wp-content\/uploads\/2019\/06\/Groupe-49@2x-1.png"},{"external_page":false,"mediatheque":false,"title":"Teilen Ihrer besten Praktiken","page":"https:\/\/visionzero.lu\/de\/beste-praktiken\/teilen\/","url":"","mediaurl":"https:\/\/visionzero.lu\/en\/media-library\/?typeFile=videos","icon":"https:\/\/visionzero.lu\/wp-content\/uploads\/2019\/06\/Groupe-68.png"}],"grid_square":{"size_edition_label":false,"num_culomns":4,"small_edition":false,"side_edition_label":false,"big_edition_label":false,"edition_block":""},"grid_campagne":{"title":"","campagnes":null},"partners":{"title":"","type_partners":false},"partners_pick":{"title":"","type_partners":null},"editions":{"title":"","edition":false},"collapse_labels":false,"testimonial_gallery":false,"testimonial_media":{"title":"","media_testimonial":false},"title_gallery":"","gallery":false,"tab_content":{"tab_list":false},"image_text_block_2":{"image":false,"logo":false,"text_description":""}}]},"_links":{"self":[{"href":"https:\/\/visionzero.lu\/de\/wp-json\/wp\/v2\/pages\/1139","targetHints":{"allow":["GET"]}}],"collection":[{"href":"https:\/\/visionzero.lu\/de\/wp-json\/wp\/v2\/pages"}],"about":[{"href":"https:\/\/visionzero.lu\/de\/wp-json\/wp\/v2\/types\/page"}],"author":[{"embeddable":true,"href":"https:\/\/visionzero.lu\/de\/wp-json\/wp\/v2\/users\/1"}],"replies":[{"embeddable":true,"href":"https:\/\/visionzero.lu\/de\/wp-json\/wp\/v2\/comments?post=1139"}],"version-history":[{"count":0,"href":"https:\/\/visionzero.lu\/de\/wp-json\/wp\/v2\/pages\/1139\/revisions"}],"wp:attachment":[{"href":"https:\/\/visionzero.lu\/de\/wp-json\/wp\/v2\/media?parent=1139"}],"curies":[{"name":"wp","href":"https:\/\/api.w.org\/{rel}","templated":true}]}}